{"id":3215,"date":"2023-03-15T11:17:23","date_gmt":"2023-03-15T11:17:23","guid":{"rendered":"https:\/\/amavelcosta.com\/?post_type=product&#038;p=3215"},"modified":"2023-03-15T11:17:23","modified_gmt":"2023-03-15T11:17:23","slug":"porto-tawny-50-ans-dage","status":"publish","type":"product","link":"https:\/\/amavelcosta.com\/fr\/produit\/porto-tawny-50-ans-dage\/","title":{"rendered":"PORTO TAWNY 50 ANS D\u2019\u00c2GE"},"content":{"rendered":"","protected":false},"excerpt":{"rendered":"<p>Ce vin affiche son \u00e2ge de par sa concentration, densit\u00e9 et complexit\u00e9 en bouche. Une fois vers\u00e9 dans le verre, il affiche une robe visqueuse et une incroyable stabilit\u00e9 aromatique. Lors d\u2019une d\u00e9gustation prolong\u00e9e, les ar\u00f4mes ne se perdent pas, persistent et s\u2019intensifient.<\/p>\n<p>En bouche, il y a un \u00e9quilibre parfait entre l\u2019acidit\u00e9 et la douceur, qui t\u00e9moignent du degr\u00e9 de vieillissement de ce vin. Bouche pleine, un voyage dans le temps, empli de multiples saveurs et aux ar\u00f4mes d\u2019\u00e9pices, de bois, de vernis et de caf\u00e9 torr\u00e9fi\u00e9.<\/p>\n","protected":false},"featured_media":3198,"template":"","meta":[],"product_brand":[],"product_cat":[49,66],"product_tag":[],"class_list":{"0":"post-3215","1":"product","2":"type-product","3":"status-publish","4":"has-post-thumbnail","6":"product_cat-amavel-costa-fr","7":"product_cat-tawny-dage","9":"first","10":"instock","11":"taxable","12":"shipping-taxable","13":"purchasable","14":"product-type-simple"},"yoast_head":"<!-- This site is optimized with the Yoast SEO plugin v25.8 - https:\/\/yoast.com\/wordpress\/plugins\/seo\/ -->\n<title>PORTO TAWNY 50 ANS D\u2019\u00c2GE - Am\u00e1vel Costa<\/title>\n<meta name=\"robots\" content=\"index, follow, max-snippet:-1, max-image-preview:large, max-video-preview:-1\" \/>\n<link rel=\"canonical\" href=\"https:\/\/amavelcosta.com\/fr\/produit\/porto-tawny-50-ans-dage\/\" \/>\n<meta property=\"og:locale\" content=\"fr_FR\" \/>\n<meta property=\"og:type\" content=\"article\" \/>\n<meta property=\"og:title\" content=\"PORTO TAWNY 50 ANS D\u2019\u00c2GE - Am\u00e1vel Costa\" \/>\n<meta property=\"og:description\" content=\"Ce vin affiche son \u00e2ge de par sa concentration, densit\u00e9 et complexit\u00e9 en bouche. Une fois vers\u00e9 dans le verre, il affiche une robe visqueuse et une incroyable stabilit\u00e9 aromatique. Lors d\u2019une d\u00e9gustation prolong\u00e9e, les ar\u00f4mes ne se perdent pas, persistent et s\u2019intensifient.  En bouche, il y a un \u00e9quilibre parfait entre l\u2019acidit\u00e9 et la douceur, qui t\u00e9moignent du degr\u00e9 de vieillissement de ce vin. Bouche pleine, un voyage dans le temps, empli de multiples saveurs et aux ar\u00f4mes d\u2019\u00e9pices, de bois, de vernis et de caf\u00e9 torr\u00e9fi\u00e9.\" \/>\n<meta property=\"og:url\" content=\"https:\/\/amavelcosta.com\/fr\/produit\/porto-tawny-50-ans-dage\/\" \/>\n<meta property=\"og:site_name\" content=\"Am\u00e1vel Costa\" \/>\n<meta property=\"og:image\" content=\"https:\/\/amavelcosta.com\/wp-content\/uploads\/2023\/03\/PORTO-TAWNY-50-1.png\" \/>\n\t<meta property=\"og:image:width\" content=\"449\" \/>\n\t<meta property=\"og:image:height\" content=\"1080\" \/>\n\t<meta property=\"og:image:type\" content=\"image\/png\" \/>\n<meta name=\"twitter:card\" content=\"summary_large_image\" \/>\n<script type=\"application\/ld+json\" class=\"yoast-schema-graph\">{\"@context\":\"https:\/\/schema.org\",\"@graph\":[{\"@type\":\"WebPage\",\"@id\":\"https:\/\/amavelcosta.com\/fr\/produit\/porto-tawny-50-ans-dage\/\",\"url\":\"https:\/\/amavelcosta.com\/fr\/produit\/porto-tawny-50-ans-dage\/\",\"name\":\"PORTO TAWNY 50 ANS D\u2019\u00c2GE - Am\u00e1vel Costa\",\"isPartOf\":{\"@id\":\"https:\/\/amavelcosta.com\/fr\/#website\"},\"primaryImageOfPage\":{\"@id\":\"https:\/\/amavelcosta.com\/fr\/produit\/porto-tawny-50-ans-dage\/#primaryimage\"},\"image\":{\"@id\":\"https:\/\/amavelcosta.com\/fr\/produit\/porto-tawny-50-ans-dage\/#primaryimage\"},\"thumbnailUrl\":\"https:\/\/amavelcosta.com\/wp-content\/uploads\/2023\/03\/PORTO-TAWNY-50-1.png\",\"datePublished\":\"2023-03-15T11:17:23+00:00\",\"breadcrumb\":{\"@id\":\"https:\/\/amavelcosta.com\/fr\/produit\/porto-tawny-50-ans-dage\/#breadcrumb\"},\"inLanguage\":\"fr-FR\",\"potentialAction\":[{\"@type\":\"ReadAction\",\"target\":[\"https:\/\/amavelcosta.com\/fr\/produit\/porto-tawny-50-ans-dage\/\"]}]},{\"@type\":\"ImageObject\",\"inLanguage\":\"fr-FR\",\"@id\":\"https:\/\/amavelcosta.com\/fr\/produit\/porto-tawny-50-ans-dage\/#primaryimage\",\"url\":\"https:\/\/amavelcosta.com\/wp-content\/uploads\/2023\/03\/PORTO-TAWNY-50-1.png\",\"contentUrl\":\"https:\/\/amavelcosta.com\/wp-content\/uploads\/2023\/03\/PORTO-TAWNY-50-1.png\",\"width\":449,\"height\":1080},{\"@type\":\"BreadcrumbList\",\"@id\":\"https:\/\/amavelcosta.com\/fr\/produit\/porto-tawny-50-ans-dage\/#breadcrumb\",\"itemListElement\":[{\"@type\":\"ListItem\",\"position\":1,\"name\":\"In\u00edcio\",\"item\":\"https:\/\/amavelcosta.com\/fr\/\"},{\"@type\":\"ListItem\",\"position\":2,\"name\":\"Boutique\",\"item\":\"https:\/\/amavelcosta.com\/fr\/boutique\/\"},{\"@type\":\"ListItem\",\"position\":3,\"name\":\"PORTO TAWNY 50 ANS D\u2019\u00c2GE\"}]},{\"@type\":\"WebSite\",\"@id\":\"https:\/\/amavelcosta.com\/fr\/#website\",\"url\":\"https:\/\/amavelcosta.com\/fr\/\",\"name\":\"Am\u00e1vel Costa\",\"description\":\"Vinho do Porto\",\"publisher\":{\"@id\":\"https:\/\/amavelcosta.com\/fr\/#organization\"},\"potentialAction\":[{\"@type\":\"SearchAction\",\"target\":{\"@type\":\"EntryPoint\",\"urlTemplate\":\"https:\/\/amavelcosta.com\/fr\/?s={search_term_string}\"},\"query-input\":{\"@type\":\"PropertyValueSpecification\",\"valueRequired\":true,\"valueName\":\"search_term_string\"}}],\"inLanguage\":\"fr-FR\"},{\"@type\":\"Organization\",\"@id\":\"https:\/\/amavelcosta.com\/fr\/#organization\",\"name\":\"Am\u00e1vel Costa\",\"url\":\"https:\/\/amavelcosta.com\/fr\/\",\"logo\":{\"@type\":\"ImageObject\",\"inLanguage\":\"fr-FR\",\"@id\":\"https:\/\/amavelcosta.com\/fr\/#\/schema\/logo\/image\/\",\"url\":\"https:\/\/amavelcosta.com\/wp-content\/uploads\/2021\/05\/logo-amavel.png\",\"contentUrl\":\"https:\/\/amavelcosta.com\/wp-content\/uploads\/2021\/05\/logo-amavel.png\",\"width\":309,\"height\":132,\"caption\":\"Am\u00e1vel Costa\"},\"image\":{\"@id\":\"https:\/\/amavelcosta.com\/fr\/#\/schema\/logo\/image\/\"}}]}<\/script>\n<!-- \/ Yoast SEO plugin. -->","yoast_head_json":{"title":"PORTO TAWNY 50 ANS D\u2019\u00c2GE - Am\u00e1vel Costa","robots":{"index":"index","follow":"follow","max-snippet":"max-snippet:-1","max-image-preview":"max-image-preview:large","max-video-preview":"max-video-preview:-1"},"canonical":"https:\/\/amavelcosta.com\/fr\/produit\/porto-tawny-50-ans-dage\/","og_locale":"fr_FR","og_type":"article","og_title":"PORTO TAWNY 50 ANS D\u2019\u00c2GE - Am\u00e1vel Costa","og_description":"Ce vin affiche son \u00e2ge de par sa concentration, densit\u00e9 et complexit\u00e9 en bouche. Une fois vers\u00e9 dans le verre, il affiche une robe visqueuse et une incroyable stabilit\u00e9 aromatique. Lors d\u2019une d\u00e9gustation prolong\u00e9e, les ar\u00f4mes ne se perdent pas, persistent et s\u2019intensifient.  En bouche, il y a un \u00e9quilibre parfait entre l\u2019acidit\u00e9 et la douceur, qui t\u00e9moignent du degr\u00e9 de vieillissement de ce vin. Bouche pleine, un voyage dans le temps, empli de multiples saveurs et aux ar\u00f4mes d\u2019\u00e9pices, de bois, de vernis et de caf\u00e9 torr\u00e9fi\u00e9.","og_url":"https:\/\/amavelcosta.com\/fr\/produit\/porto-tawny-50-ans-dage\/","og_site_name":"Am\u00e1vel Costa","og_image":[{"width":449,"height":1080,"url":"https:\/\/amavelcosta.com\/wp-content\/uploads\/2023\/03\/PORTO-TAWNY-50-1.png","type":"image\/png"}],"twitter_card":"summary_large_image","schema":{"@context":"https:\/\/schema.org","@graph":[{"@type":"WebPage","@id":"https:\/\/amavelcosta.com\/fr\/produit\/porto-tawny-50-ans-dage\/","url":"https:\/\/amavelcosta.com\/fr\/produit\/porto-tawny-50-ans-dage\/","name":"PORTO TAWNY 50 ANS D\u2019\u00c2GE - Am\u00e1vel Costa","isPartOf":{"@id":"https:\/\/amavelcosta.com\/fr\/#website"},"primaryImageOfPage":{"@id":"https:\/\/amavelcosta.com\/fr\/produit\/porto-tawny-50-ans-dage\/#primaryimage"},"image":{"@id":"https:\/\/amavelcosta.com\/fr\/produit\/porto-tawny-50-ans-dage\/#primaryimage"},"thumbnailUrl":"https:\/\/amavelcosta.com\/wp-content\/uploads\/2023\/03\/PORTO-TAWNY-50-1.png","datePublished":"2023-03-15T11:17:23+00:00","breadcrumb":{"@id":"https:\/\/amavelcosta.com\/fr\/produit\/porto-tawny-50-ans-dage\/#breadcrumb"},"inLanguage":"fr-FR","potentialAction":[{"@type":"ReadAction","target":["https:\/\/amavelcosta.com\/fr\/produit\/porto-tawny-50-ans-dage\/"]}]},{"@type":"ImageObject","inLanguage":"fr-FR","@id":"https:\/\/amavelcosta.com\/fr\/produit\/porto-tawny-50-ans-dage\/#primaryimage","url":"https:\/\/amavelcosta.com\/wp-content\/uploads\/2023\/03\/PORTO-TAWNY-50-1.png","contentUrl":"https:\/\/amavelcosta.com\/wp-content\/uploads\/2023\/03\/PORTO-TAWNY-50-1.png","width":449,"height":1080},{"@type":"BreadcrumbList","@id":"https:\/\/amavelcosta.com\/fr\/produit\/porto-tawny-50-ans-dage\/#breadcrumb","itemListElement":[{"@type":"ListItem","position":1,"name":"In\u00edcio","item":"https:\/\/amavelcosta.com\/fr\/"},{"@type":"ListItem","position":2,"name":"Boutique","item":"https:\/\/amavelcosta.com\/fr\/boutique\/"},{"@type":"ListItem","position":3,"name":"PORTO TAWNY 50 ANS D\u2019\u00c2GE"}]},{"@type":"WebSite","@id":"https:\/\/amavelcosta.com\/fr\/#website","url":"https:\/\/amavelcosta.com\/fr\/","name":"Am\u00e1vel Costa","description":"Vinho do Porto","publisher":{"@id":"https:\/\/amavelcosta.com\/fr\/#organization"},"potentialAction":[{"@type":"SearchAction","target":{"@type":"EntryPoint","urlTemplate":"https:\/\/amavelcosta.com\/fr\/?s={search_term_string}"},"query-input":{"@type":"PropertyValueSpecification","valueRequired":true,"valueName":"search_term_string"}}],"inLanguage":"fr-FR"},{"@type":"Organization","@id":"https:\/\/amavelcosta.com\/fr\/#organization","name":"Am\u00e1vel Costa","url":"https:\/\/amavelcosta.com\/fr\/","logo":{"@type":"ImageObject","inLanguage":"fr-FR","@id":"https:\/\/amavelcosta.com\/fr\/#\/schema\/logo\/image\/","url":"https:\/\/amavelcosta.com\/wp-content\/uploads\/2021\/05\/logo-amavel.png","contentUrl":"https:\/\/amavelcosta.com\/wp-content\/uploads\/2021\/05\/logo-amavel.png","width":309,"height":132,"caption":"Am\u00e1vel Costa"},"image":{"@id":"https:\/\/amavelcosta.com\/fr\/#\/schema\/logo\/image\/"}}]}},"_links":{"self":[{"href":"https:\/\/amavelcosta.com\/fr\/wp-json\/wp\/v2\/product\/3215","targetHints":{"allow":["GET"]}}],"collection":[{"href":"https:\/\/amavelcosta.com\/fr\/wp-json\/wp\/v2\/product"}],"about":[{"href":"https:\/\/amavelcosta.com\/fr\/wp-json\/wp\/v2\/types\/product"}],"wp:featuredmedia":[{"embeddable":true,"href":"https:\/\/amavelcosta.com\/fr\/wp-json\/wp\/v2\/media\/3198"}],"wp:attachment":[{"href":"https:\/\/amavelcosta.com\/fr\/wp-json\/wp\/v2\/media?parent=3215"}],"wp:term":[{"taxonomy":"product_brand","embeddable":true,"href":"https:\/\/amavelcosta.com\/fr\/wp-json\/wp\/v2\/product_brand?post=3215"},{"taxonomy":"product_cat","embeddable":true,"href":"https:\/\/amavelcosta.com\/fr\/wp-json\/wp\/v2\/product_cat?post=3215"},{"taxonomy":"product_tag","embeddable":true,"href":"https:\/\/amavelcosta.com\/fr\/wp-json\/wp\/v2\/product_tag?post=3215"}],"curies":[{"name":"wp","href":"https:\/\/api.w.org\/{rel}","templated":true}]}}