{"id":3211,"date":"2023-03-15T11:19:03","date_gmt":"2023-03-15T11:19:03","guid":{"rendered":"https:\/\/amavelcosta.com\/?post_type=product&#038;p=3211"},"modified":"2023-03-15T11:19:04","modified_gmt":"2023-03-15T11:19:04","slug":"porto-white-30-ans-dage","status":"publish","type":"product","link":"https:\/\/amavelcosta.com\/fr\/produit\/porto-white-30-ans-dage\/","title":{"rendered":"PORTO WHITE 30 ANS D\u2019\u00c2GE"},"content":{"rendered":"","protected":false},"excerpt":{"rendered":"<p>Le Porto Blanc 30 Ans d\u2019\u00e2ge Am\u00e1vel Costa est une combinaison de l\u2019\u00e9l\u00e9gance et subtilit\u00e9 propre \u00e0 un Porto Blanc, \u00e9quilibr\u00e9e par la robustesse et l\u2019intensit\u00e9 d\u2019un Vieux Porto.<\/p>\n<p>Tr\u00e8s l\u00e9ger et \u00e0 la fois intense, il exhale en bouche des notes de bois, de fruits secs grill\u00e9s et une explosion d\u2019\u00e9pices, puis, en fin de bouche, des nuances de caf\u00e9 et de curry.<\/p>\n","protected":false},"featured_media":3192,"template":"","meta":[],"product_brand":[],"product_cat":[49,77],"product_tag":[],"class_list":{"0":"post-3211","1":"product","2":"type-product","3":"status-publish","4":"has-post-thumbnail","6":"product_cat-amavel-costa-fr","7":"product_cat-blanc-dage","9":"first","10":"instock","11":"taxable","12":"shipping-taxable","13":"purchasable","14":"product-type-simple"},"yoast_head":"<!-- This site is optimized with the Yoast SEO plugin v25.8 - https:\/\/yoast.com\/wordpress\/plugins\/seo\/ -->\n<title>PORTO WHITE 30 ANS D\u2019\u00c2GE - Am\u00e1vel Costa<\/title>\n<meta name=\"robots\" content=\"index, follow, max-snippet:-1, max-image-preview:large, max-video-preview:-1\" \/>\n<link rel=\"canonical\" href=\"https:\/\/amavelcosta.com\/fr\/produit\/porto-white-30-ans-dage\/\" \/>\n<meta property=\"og:locale\" content=\"fr_FR\" \/>\n<meta property=\"og:type\" content=\"article\" \/>\n<meta property=\"og:title\" content=\"PORTO WHITE 30 ANS D\u2019\u00c2GE - Am\u00e1vel Costa\" \/>\n<meta property=\"og:description\" content=\"Le Porto Blanc 30 Ans d\u2019\u00e2ge Am\u00e1vel Costa est une combinaison de l\u2019\u00e9l\u00e9gance et subtilit\u00e9 propre \u00e0 un Porto Blanc, \u00e9quilibr\u00e9e par la robustesse et l\u2019intensit\u00e9 d\u2019un Vieux Porto.  Tr\u00e8s l\u00e9ger et \u00e0 la fois intense, il exhale en bouche des notes de bois, de fruits secs grill\u00e9s et une explosion d\u2019\u00e9pices, puis, en fin de bouche, des nuances de caf\u00e9 et de curry.\" \/>\n<meta property=\"og:url\" content=\"https:\/\/amavelcosta.com\/fr\/produit\/porto-white-30-ans-dage\/\" \/>\n<meta property=\"og:site_name\" content=\"Am\u00e1vel Costa\" \/>\n<meta property=\"article:modified_time\" content=\"2023-03-15T11:19:04+00:00\" \/>\n<meta property=\"og:image\" content=\"https:\/\/amavelcosta.com\/wp-content\/uploads\/2023\/03\/PORTO-TAWNY-30.png\" \/>\n\t<meta property=\"og:image:width\" content=\"449\" \/>\n\t<meta property=\"og:image:height\" content=\"1080\" \/>\n\t<meta property=\"og:image:type\" content=\"image\/png\" \/>\n<meta name=\"twitter:card\" content=\"summary_large_image\" \/>\n<script type=\"application\/ld+json\" class=\"yoast-schema-graph\">{\"@context\":\"https:\/\/schema.org\",\"@graph\":[{\"@type\":\"WebPage\",\"@id\":\"https:\/\/amavelcosta.com\/fr\/produit\/porto-white-30-ans-dage\/\",\"url\":\"https:\/\/amavelcosta.com\/fr\/produit\/porto-white-30-ans-dage\/\",\"name\":\"PORTO WHITE 30 ANS D\u2019\u00c2GE - Am\u00e1vel Costa\",\"isPartOf\":{\"@id\":\"https:\/\/amavelcosta.com\/fr\/#website\"},\"primaryImageOfPage\":{\"@id\":\"https:\/\/amavelcosta.com\/fr\/produit\/porto-white-30-ans-dage\/#primaryimage\"},\"image\":{\"@id\":\"https:\/\/amavelcosta.com\/fr\/produit\/porto-white-30-ans-dage\/#primaryimage\"},\"thumbnailUrl\":\"https:\/\/amavelcosta.com\/wp-content\/uploads\/2023\/03\/PORTO-TAWNY-30.png\",\"datePublished\":\"2023-03-15T11:19:03+00:00\",\"dateModified\":\"2023-03-15T11:19:04+00:00\",\"breadcrumb\":{\"@id\":\"https:\/\/amavelcosta.com\/fr\/produit\/porto-white-30-ans-dage\/#breadcrumb\"},\"inLanguage\":\"fr-FR\",\"potentialAction\":[{\"@type\":\"ReadAction\",\"target\":[\"https:\/\/amavelcosta.com\/fr\/produit\/porto-white-30-ans-dage\/\"]}]},{\"@type\":\"ImageObject\",\"inLanguage\":\"fr-FR\",\"@id\":\"https:\/\/amavelcosta.com\/fr\/produit\/porto-white-30-ans-dage\/#primaryimage\",\"url\":\"https:\/\/amavelcosta.com\/wp-content\/uploads\/2023\/03\/PORTO-TAWNY-30.png\",\"contentUrl\":\"https:\/\/amavelcosta.com\/wp-content\/uploads\/2023\/03\/PORTO-TAWNY-30.png\",\"width\":449,\"height\":1080},{\"@type\":\"BreadcrumbList\",\"@id\":\"https:\/\/amavelcosta.com\/fr\/produit\/porto-white-30-ans-dage\/#breadcrumb\",\"itemListElement\":[{\"@type\":\"ListItem\",\"position\":1,\"name\":\"In\u00edcio\",\"item\":\"https:\/\/amavelcosta.com\/fr\/\"},{\"@type\":\"ListItem\",\"position\":2,\"name\":\"Boutique\",\"item\":\"https:\/\/amavelcosta.com\/fr\/boutique\/\"},{\"@type\":\"ListItem\",\"position\":3,\"name\":\"PORTO WHITE 30 ANS D\u2019\u00c2GE\"}]},{\"@type\":\"WebSite\",\"@id\":\"https:\/\/amavelcosta.com\/fr\/#website\",\"url\":\"https:\/\/amavelcosta.com\/fr\/\",\"name\":\"Am\u00e1vel Costa\",\"description\":\"Vinho do Porto\",\"publisher\":{\"@id\":\"https:\/\/amavelcosta.com\/fr\/#organization\"},\"potentialAction\":[{\"@type\":\"SearchAction\",\"target\":{\"@type\":\"EntryPoint\",\"urlTemplate\":\"https:\/\/amavelcosta.com\/fr\/?s={search_term_string}\"},\"query-input\":{\"@type\":\"PropertyValueSpecification\",\"valueRequired\":true,\"valueName\":\"search_term_string\"}}],\"inLanguage\":\"fr-FR\"},{\"@type\":\"Organization\",\"@id\":\"https:\/\/amavelcosta.com\/fr\/#organization\",\"name\":\"Am\u00e1vel Costa\",\"url\":\"https:\/\/amavelcosta.com\/fr\/\",\"logo\":{\"@type\":\"ImageObject\",\"inLanguage\":\"fr-FR\",\"@id\":\"https:\/\/amavelcosta.com\/fr\/#\/schema\/logo\/image\/\",\"url\":\"https:\/\/amavelcosta.com\/wp-content\/uploads\/2021\/05\/logo-amavel.png\",\"contentUrl\":\"https:\/\/amavelcosta.com\/wp-content\/uploads\/2021\/05\/logo-amavel.png\",\"width\":309,\"height\":132,\"caption\":\"Am\u00e1vel Costa\"},\"image\":{\"@id\":\"https:\/\/amavelcosta.com\/fr\/#\/schema\/logo\/image\/\"}}]}<\/script>\n<!-- \/ Yoast SEO plugin. -->","yoast_head_json":{"title":"PORTO WHITE 30 ANS D\u2019\u00c2GE - Am\u00e1vel Costa","robots":{"index":"index","follow":"follow","max-snippet":"max-snippet:-1","max-image-preview":"max-image-preview:large","max-video-preview":"max-video-preview:-1"},"canonical":"https:\/\/amavelcosta.com\/fr\/produit\/porto-white-30-ans-dage\/","og_locale":"fr_FR","og_type":"article","og_title":"PORTO WHITE 30 ANS D\u2019\u00c2GE - Am\u00e1vel Costa","og_description":"Le Porto Blanc 30 Ans d\u2019\u00e2ge Am\u00e1vel Costa est une combinaison de l\u2019\u00e9l\u00e9gance et subtilit\u00e9 propre \u00e0 un Porto Blanc, \u00e9quilibr\u00e9e par la robustesse et l\u2019intensit\u00e9 d\u2019un Vieux Porto.  Tr\u00e8s l\u00e9ger et \u00e0 la fois intense, il exhale en bouche des notes de bois, de fruits secs grill\u00e9s et une explosion d\u2019\u00e9pices, puis, en fin de bouche, des nuances de caf\u00e9 et de curry.","og_url":"https:\/\/amavelcosta.com\/fr\/produit\/porto-white-30-ans-dage\/","og_site_name":"Am\u00e1vel Costa","article_modified_time":"2023-03-15T11:19:04+00:00","og_image":[{"width":449,"height":1080,"url":"https:\/\/amavelcosta.com\/wp-content\/uploads\/2023\/03\/PORTO-TAWNY-30.png","type":"image\/png"}],"twitter_card":"summary_large_image","schema":{"@context":"https:\/\/schema.org","@graph":[{"@type":"WebPage","@id":"https:\/\/amavelcosta.com\/fr\/produit\/porto-white-30-ans-dage\/","url":"https:\/\/amavelcosta.com\/fr\/produit\/porto-white-30-ans-dage\/","name":"PORTO WHITE 30 ANS D\u2019\u00c2GE - Am\u00e1vel Costa","isPartOf":{"@id":"https:\/\/amavelcosta.com\/fr\/#website"},"primaryImageOfPage":{"@id":"https:\/\/amavelcosta.com\/fr\/produit\/porto-white-30-ans-dage\/#primaryimage"},"image":{"@id":"https:\/\/amavelcosta.com\/fr\/produit\/porto-white-30-ans-dage\/#primaryimage"},"thumbnailUrl":"https:\/\/amavelcosta.com\/wp-content\/uploads\/2023\/03\/PORTO-TAWNY-30.png","datePublished":"2023-03-15T11:19:03+00:00","dateModified":"2023-03-15T11:19:04+00:00","breadcrumb":{"@id":"https:\/\/amavelcosta.com\/fr\/produit\/porto-white-30-ans-dage\/#breadcrumb"},"inLanguage":"fr-FR","potentialAction":[{"@type":"ReadAction","target":["https:\/\/amavelcosta.com\/fr\/produit\/porto-white-30-ans-dage\/"]}]},{"@type":"ImageObject","inLanguage":"fr-FR","@id":"https:\/\/amavelcosta.com\/fr\/produit\/porto-white-30-ans-dage\/#primaryimage","url":"https:\/\/amavelcosta.com\/wp-content\/uploads\/2023\/03\/PORTO-TAWNY-30.png","contentUrl":"https:\/\/amavelcosta.com\/wp-content\/uploads\/2023\/03\/PORTO-TAWNY-30.png","width":449,"height":1080},{"@type":"BreadcrumbList","@id":"https:\/\/amavelcosta.com\/fr\/produit\/porto-white-30-ans-dage\/#breadcrumb","itemListElement":[{"@type":"ListItem","position":1,"name":"In\u00edcio","item":"https:\/\/amavelcosta.com\/fr\/"},{"@type":"ListItem","position":2,"name":"Boutique","item":"https:\/\/amavelcosta.com\/fr\/boutique\/"},{"@type":"ListItem","position":3,"name":"PORTO WHITE 30 ANS D\u2019\u00c2GE"}]},{"@type":"WebSite","@id":"https:\/\/amavelcosta.com\/fr\/#website","url":"https:\/\/amavelcosta.com\/fr\/","name":"Am\u00e1vel Costa","description":"Vinho do Porto","publisher":{"@id":"https:\/\/amavelcosta.com\/fr\/#organization"},"potentialAction":[{"@type":"SearchAction","target":{"@type":"EntryPoint","urlTemplate":"https:\/\/amavelcosta.com\/fr\/?s={search_term_string}"},"query-input":{"@type":"PropertyValueSpecification","valueRequired":true,"valueName":"search_term_string"}}],"inLanguage":"fr-FR"},{"@type":"Organization","@id":"https:\/\/amavelcosta.com\/fr\/#organization","name":"Am\u00e1vel Costa","url":"https:\/\/amavelcosta.com\/fr\/","logo":{"@type":"ImageObject","inLanguage":"fr-FR","@id":"https:\/\/amavelcosta.com\/fr\/#\/schema\/logo\/image\/","url":"https:\/\/amavelcosta.com\/wp-content\/uploads\/2021\/05\/logo-amavel.png","contentUrl":"https:\/\/amavelcosta.com\/wp-content\/uploads\/2021\/05\/logo-amavel.png","width":309,"height":132,"caption":"Am\u00e1vel Costa"},"image":{"@id":"https:\/\/amavelcosta.com\/fr\/#\/schema\/logo\/image\/"}}]}},"_links":{"self":[{"href":"https:\/\/amavelcosta.com\/fr\/wp-json\/wp\/v2\/product\/3211","targetHints":{"allow":["GET"]}}],"collection":[{"href":"https:\/\/amavelcosta.com\/fr\/wp-json\/wp\/v2\/product"}],"about":[{"href":"https:\/\/amavelcosta.com\/fr\/wp-json\/wp\/v2\/types\/product"}],"wp:featuredmedia":[{"embeddable":true,"href":"https:\/\/amavelcosta.com\/fr\/wp-json\/wp\/v2\/media\/3192"}],"wp:attachment":[{"href":"https:\/\/amavelcosta.com\/fr\/wp-json\/wp\/v2\/media?parent=3211"}],"wp:term":[{"taxonomy":"product_brand","embeddable":true,"href":"https:\/\/amavelcosta.com\/fr\/wp-json\/wp\/v2\/product_brand?post=3211"},{"taxonomy":"product_cat","embeddable":true,"href":"https:\/\/amavelcosta.com\/fr\/wp-json\/wp\/v2\/product_cat?post=3211"},{"taxonomy":"product_tag","embeddable":true,"href":"https:\/\/amavelcosta.com\/fr\/wp-json\/wp\/v2\/product_tag?post=3211"}],"curies":[{"name":"wp","href":"https:\/\/api.w.org\/{rel}","templated":true}]}}