{"id":2684,"date":"2021-07-29T15:09:43","date_gmt":"2021-07-29T15:09:43","guid":{"rendered":"https:\/\/amavelcosta.com\/product\/cedovim-porto-white\/"},"modified":"2021-10-28T17:39:23","modified_gmt":"2021-10-28T16:39:23","slug":"cedovim-porto-white","status":"publish","type":"product","link":"https:\/\/amavelcosta.com\/fr\/produit\/cedovim-porto-white\/","title":{"rendered":"Porto White"},"content":{"rendered":"","protected":false},"excerpt":{"rendered":"<p>D&rsquo;un ar\u00f4me agr\u00e9able, avec des notes de fruits bien m\u00fbrs, \u00e0 savoir, abricots secs, agrumes et litchi, en parfaite harmonie de notes douces bois\u00e9es et de vanilles. Velout\u00e9e en bouche, maintient sa fraicheur et les notes aromatiques d\u00e9crite. \u00c9quilibr\u00e9 et \u00e9l\u00e9gant, termine long au go\u00fbt de fruits et \u00e9pices.<\/p>\n","protected":false},"featured_media":3151,"template":"","meta":[],"product_brand":[],"product_cat":[51,60],"product_tag":[],"class_list":{"0":"post-2684","1":"product","2":"type-product","3":"status-publish","4":"has-post-thumbnail","6":"product_cat-cedovim-fr","7":"product_cat-standard-fr","9":"first","10":"instock","11":"taxable","12":"shipping-taxable","13":"purchasable","14":"product-type-simple"},"yoast_head":"<!-- This site is optimized with the Yoast SEO plugin v25.8 - https:\/\/yoast.com\/wordpress\/plugins\/seo\/ -->\n<title>Porto White - Am\u00e1vel Costa<\/title>\n<meta name=\"robots\" content=\"index, follow, max-snippet:-1, max-image-preview:large, max-video-preview:-1\" \/>\n<link rel=\"canonical\" href=\"https:\/\/amavelcosta.com\/fr\/produit\/cedovim-porto-white\/\" \/>\n<meta property=\"og:locale\" content=\"fr_FR\" \/>\n<meta property=\"og:type\" content=\"article\" \/>\n<meta property=\"og:title\" content=\"Porto White - Am\u00e1vel Costa\" \/>\n<meta property=\"og:description\" content=\"D&#039;un ar\u00f4me agr\u00e9able, avec des notes de fruits bien m\u00fbrs, \u00e0 savoir, abricots secs, agrumes et litchi, en parfaite harmonie de notes douces bois\u00e9es et de vanilles. Velout\u00e9e en bouche, maintient sa fraicheur et les notes aromatiques d\u00e9crite. \u00c9quilibr\u00e9 et \u00e9l\u00e9gant, termine long au go\u00fbt de fruits et \u00e9pices.\" \/>\n<meta property=\"og:url\" content=\"https:\/\/amavelcosta.com\/fr\/produit\/cedovim-porto-white\/\" \/>\n<meta property=\"og:site_name\" content=\"Am\u00e1vel Costa\" \/>\n<meta property=\"article:modified_time\" content=\"2021-10-28T16:39:23+00:00\" \/>\n<meta property=\"og:image\" content=\"https:\/\/amavelcosta.com\/wp-content\/uploads\/2021\/07\/AM-_0000s_0000_PORTO-WHITE.png\" \/>\n\t<meta property=\"og:image:width\" content=\"449\" \/>\n\t<meta property=\"og:image:height\" content=\"1080\" \/>\n\t<meta property=\"og:image:type\" content=\"image\/png\" \/>\n<meta name=\"twitter:card\" content=\"summary_large_image\" \/>\n<script type=\"application\/ld+json\" class=\"yoast-schema-graph\">{\"@context\":\"https:\/\/schema.org\",\"@graph\":[{\"@type\":\"WebPage\",\"@id\":\"https:\/\/amavelcosta.com\/fr\/produit\/cedovim-porto-white\/\",\"url\":\"https:\/\/amavelcosta.com\/fr\/produit\/cedovim-porto-white\/\",\"name\":\"Porto White - Am\u00e1vel Costa\",\"isPartOf\":{\"@id\":\"https:\/\/amavelcosta.com\/fr\/#website\"},\"primaryImageOfPage\":{\"@id\":\"https:\/\/amavelcosta.com\/fr\/produit\/cedovim-porto-white\/#primaryimage\"},\"image\":{\"@id\":\"https:\/\/amavelcosta.com\/fr\/produit\/cedovim-porto-white\/#primaryimage\"},\"thumbnailUrl\":\"https:\/\/amavelcosta.com\/wp-content\/uploads\/2021\/07\/AM-_0000s_0000_PORTO-WHITE-2.png\",\"datePublished\":\"2021-07-29T15:09:43+00:00\",\"dateModified\":\"2021-10-28T16:39:23+00:00\",\"breadcrumb\":{\"@id\":\"https:\/\/amavelcosta.com\/fr\/produit\/cedovim-porto-white\/#breadcrumb\"},\"inLanguage\":\"fr-FR\",\"potentialAction\":[{\"@type\":\"ReadAction\",\"target\":[\"https:\/\/amavelcosta.com\/fr\/produit\/cedovim-porto-white\/\"]}]},{\"@type\":\"ImageObject\",\"inLanguage\":\"fr-FR\",\"@id\":\"https:\/\/amavelcosta.com\/fr\/produit\/cedovim-porto-white\/#primaryimage\",\"url\":\"https:\/\/amavelcosta.com\/wp-content\/uploads\/2021\/07\/AM-_0000s_0000_PORTO-WHITE-2.png\",\"contentUrl\":\"https:\/\/amavelcosta.com\/wp-content\/uploads\/2021\/07\/AM-_0000s_0000_PORTO-WHITE-2.png\",\"width\":449,\"height\":1080},{\"@type\":\"BreadcrumbList\",\"@id\":\"https:\/\/amavelcosta.com\/fr\/produit\/cedovim-porto-white\/#breadcrumb\",\"itemListElement\":[{\"@type\":\"ListItem\",\"position\":1,\"name\":\"In\u00edcio\",\"item\":\"https:\/\/amavelcosta.com\/fr\/\"},{\"@type\":\"ListItem\",\"position\":2,\"name\":\"Boutique\",\"item\":\"https:\/\/amavelcosta.com\/fr\/boutique\/\"},{\"@type\":\"ListItem\",\"position\":3,\"name\":\"Porto White\"}]},{\"@type\":\"WebSite\",\"@id\":\"https:\/\/amavelcosta.com\/fr\/#website\",\"url\":\"https:\/\/amavelcosta.com\/fr\/\",\"name\":\"Am\u00e1vel Costa\",\"description\":\"Vinho do Porto\",\"publisher\":{\"@id\":\"https:\/\/amavelcosta.com\/fr\/#organization\"},\"potentialAction\":[{\"@type\":\"SearchAction\",\"target\":{\"@type\":\"EntryPoint\",\"urlTemplate\":\"https:\/\/amavelcosta.com\/fr\/?s={search_term_string}\"},\"query-input\":{\"@type\":\"PropertyValueSpecification\",\"valueRequired\":true,\"valueName\":\"search_term_string\"}}],\"inLanguage\":\"fr-FR\"},{\"@type\":\"Organization\",\"@id\":\"https:\/\/amavelcosta.com\/fr\/#organization\",\"name\":\"Am\u00e1vel Costa\",\"url\":\"https:\/\/amavelcosta.com\/fr\/\",\"logo\":{\"@type\":\"ImageObject\",\"inLanguage\":\"fr-FR\",\"@id\":\"https:\/\/amavelcosta.com\/fr\/#\/schema\/logo\/image\/\",\"url\":\"https:\/\/amavelcosta.com\/wp-content\/uploads\/2021\/05\/logo-amavel.png\",\"contentUrl\":\"https:\/\/amavelcosta.com\/wp-content\/uploads\/2021\/05\/logo-amavel.png\",\"width\":309,\"height\":132,\"caption\":\"Am\u00e1vel Costa\"},\"image\":{\"@id\":\"https:\/\/amavelcosta.com\/fr\/#\/schema\/logo\/image\/\"}}]}<\/script>\n<!-- \/ Yoast SEO plugin. -->","yoast_head_json":{"title":"Porto White - Am\u00e1vel Costa","robots":{"index":"index","follow":"follow","max-snippet":"max-snippet:-1","max-image-preview":"max-image-preview:large","max-video-preview":"max-video-preview:-1"},"canonical":"https:\/\/amavelcosta.com\/fr\/produit\/cedovim-porto-white\/","og_locale":"fr_FR","og_type":"article","og_title":"Porto White - Am\u00e1vel Costa","og_description":"D'un ar\u00f4me agr\u00e9able, avec des notes de fruits bien m\u00fbrs, \u00e0 savoir, abricots secs, agrumes et litchi, en parfaite harmonie de notes douces bois\u00e9es et de vanilles. Velout\u00e9e en bouche, maintient sa fraicheur et les notes aromatiques d\u00e9crite. \u00c9quilibr\u00e9 et \u00e9l\u00e9gant, termine long au go\u00fbt de fruits et \u00e9pices.","og_url":"https:\/\/amavelcosta.com\/fr\/produit\/cedovim-porto-white\/","og_site_name":"Am\u00e1vel Costa","article_modified_time":"2021-10-28T16:39:23+00:00","og_image":[{"width":449,"height":1080,"url":"https:\/\/amavelcosta.com\/wp-content\/uploads\/2021\/07\/AM-_0000s_0000_PORTO-WHITE.png","type":"image\/png"}],"twitter_card":"summary_large_image","schema":{"@context":"https:\/\/schema.org","@graph":[{"@type":"WebPage","@id":"https:\/\/amavelcosta.com\/fr\/produit\/cedovim-porto-white\/","url":"https:\/\/amavelcosta.com\/fr\/produit\/cedovim-porto-white\/","name":"Porto White - Am\u00e1vel Costa","isPartOf":{"@id":"https:\/\/amavelcosta.com\/fr\/#website"},"primaryImageOfPage":{"@id":"https:\/\/amavelcosta.com\/fr\/produit\/cedovim-porto-white\/#primaryimage"},"image":{"@id":"https:\/\/amavelcosta.com\/fr\/produit\/cedovim-porto-white\/#primaryimage"},"thumbnailUrl":"https:\/\/amavelcosta.com\/wp-content\/uploads\/2021\/07\/AM-_0000s_0000_PORTO-WHITE-2.png","datePublished":"2021-07-29T15:09:43+00:00","dateModified":"2021-10-28T16:39:23+00:00","breadcrumb":{"@id":"https:\/\/amavelcosta.com\/fr\/produit\/cedovim-porto-white\/#breadcrumb"},"inLanguage":"fr-FR","potentialAction":[{"@type":"ReadAction","target":["https:\/\/amavelcosta.com\/fr\/produit\/cedovim-porto-white\/"]}]},{"@type":"ImageObject","inLanguage":"fr-FR","@id":"https:\/\/amavelcosta.com\/fr\/produit\/cedovim-porto-white\/#primaryimage","url":"https:\/\/amavelcosta.com\/wp-content\/uploads\/2021\/07\/AM-_0000s_0000_PORTO-WHITE-2.png","contentUrl":"https:\/\/amavelcosta.com\/wp-content\/uploads\/2021\/07\/AM-_0000s_0000_PORTO-WHITE-2.png","width":449,"height":1080},{"@type":"BreadcrumbList","@id":"https:\/\/amavelcosta.com\/fr\/produit\/cedovim-porto-white\/#breadcrumb","itemListElement":[{"@type":"ListItem","position":1,"name":"In\u00edcio","item":"https:\/\/amavelcosta.com\/fr\/"},{"@type":"ListItem","position":2,"name":"Boutique","item":"https:\/\/amavelcosta.com\/fr\/boutique\/"},{"@type":"ListItem","position":3,"name":"Porto White"}]},{"@type":"WebSite","@id":"https:\/\/amavelcosta.com\/fr\/#website","url":"https:\/\/amavelcosta.com\/fr\/","name":"Am\u00e1vel Costa","description":"Vinho do Porto","publisher":{"@id":"https:\/\/amavelcosta.com\/fr\/#organization"},"potentialAction":[{"@type":"SearchAction","target":{"@type":"EntryPoint","urlTemplate":"https:\/\/amavelcosta.com\/fr\/?s={search_term_string}"},"query-input":{"@type":"PropertyValueSpecification","valueRequired":true,"valueName":"search_term_string"}}],"inLanguage":"fr-FR"},{"@type":"Organization","@id":"https:\/\/amavelcosta.com\/fr\/#organization","name":"Am\u00e1vel Costa","url":"https:\/\/amavelcosta.com\/fr\/","logo":{"@type":"ImageObject","inLanguage":"fr-FR","@id":"https:\/\/amavelcosta.com\/fr\/#\/schema\/logo\/image\/","url":"https:\/\/amavelcosta.com\/wp-content\/uploads\/2021\/05\/logo-amavel.png","contentUrl":"https:\/\/amavelcosta.com\/wp-content\/uploads\/2021\/05\/logo-amavel.png","width":309,"height":132,"caption":"Am\u00e1vel Costa"},"image":{"@id":"https:\/\/amavelcosta.com\/fr\/#\/schema\/logo\/image\/"}}]}},"_links":{"self":[{"href":"https:\/\/amavelcosta.com\/fr\/wp-json\/wp\/v2\/product\/2684","targetHints":{"allow":["GET"]}}],"collection":[{"href":"https:\/\/amavelcosta.com\/fr\/wp-json\/wp\/v2\/product"}],"about":[{"href":"https:\/\/amavelcosta.com\/fr\/wp-json\/wp\/v2\/types\/product"}],"wp:featuredmedia":[{"embeddable":true,"href":"https:\/\/amavelcosta.com\/fr\/wp-json\/wp\/v2\/media\/3151"}],"wp:attachment":[{"href":"https:\/\/amavelcosta.com\/fr\/wp-json\/wp\/v2\/media?parent=2684"}],"wp:term":[{"taxonomy":"product_brand","embeddable":true,"href":"https:\/\/amavelcosta.com\/fr\/wp-json\/wp\/v2\/product_brand?post=2684"},{"taxonomy":"product_cat","embeddable":true,"href":"https:\/\/amavelcosta.com\/fr\/wp-json\/wp\/v2\/product_cat?post=2684"},{"taxonomy":"product_tag","embeddable":true,"href":"https:\/\/amavelcosta.com\/fr\/wp-json\/wp\/v2\/product_tag?post=2684"}],"curies":[{"name":"wp","href":"https:\/\/api.w.org\/{rel}","templated":true}]}}