{"id":2674,"date":"2021-07-29T15:13:02","date_gmt":"2021-07-29T15:13:02","guid":{"rendered":"https:\/\/amavelcosta.com\/product\/cedovim-porto-tawny\/"},"modified":"2021-10-28T17:37:24","modified_gmt":"2021-10-28T16:37:24","slug":"cedovim-porto-tawny","status":"publish","type":"product","link":"https:\/\/amavelcosta.com\/fr\/produit\/cedovim-porto-tawny\/","title":{"rendered":"Porto Tawny"},"content":{"rendered":"","protected":false},"excerpt":{"rendered":"<p>Le Cedovim Porto Tawny, r\u00e9v\u00e8le une combinaison \u00e9l\u00e9gante d&rsquo;ar\u00f4mes grill\u00e9s, fruits secs et l\u00e9g\u00e8res nuances d&rsquo;\u00e9piceries, en \u00e9quilibre avec des notes bois\u00e9es. En bouche il est velout\u00e9, engag\u00e9 avec des notes toast\u00e9es. \u00c9quilibr\u00e9, se termine long au go\u00fbt des fruits secs.<\/p>\n","protected":false},"featured_media":3157,"template":"","meta":[],"product_brand":[],"product_cat":[51,60],"product_tag":[],"class_list":{"0":"post-2674","1":"product","2":"type-product","3":"status-publish","4":"has-post-thumbnail","6":"product_cat-cedovim-fr","7":"product_cat-standard-fr","9":"first","10":"instock","11":"taxable","12":"shipping-taxable","13":"purchasable","14":"product-type-simple"},"yoast_head":"<!-- This site is optimized with the Yoast SEO plugin v25.8 - https:\/\/yoast.com\/wordpress\/plugins\/seo\/ -->\n<title>Porto Tawny - Am\u00e1vel Costa<\/title>\n<meta name=\"robots\" content=\"index, follow, max-snippet:-1, max-image-preview:large, max-video-preview:-1\" \/>\n<link rel=\"canonical\" href=\"https:\/\/amavelcosta.com\/fr\/produit\/cedovim-porto-tawny\/\" \/>\n<meta property=\"og:locale\" content=\"fr_FR\" \/>\n<meta property=\"og:type\" content=\"article\" \/>\n<meta property=\"og:title\" content=\"Porto Tawny - Am\u00e1vel Costa\" \/>\n<meta property=\"og:description\" content=\"Le Cedovim Porto Tawny, r\u00e9v\u00e8le une combinaison \u00e9l\u00e9gante d&#039;ar\u00f4mes grill\u00e9s, fruits secs et l\u00e9g\u00e8res nuances d&#039;\u00e9piceries, en \u00e9quilibre avec des notes bois\u00e9es. En bouche il est velout\u00e9, engag\u00e9 avec des notes toast\u00e9es. \u00c9quilibr\u00e9, se termine long au go\u00fbt des fruits secs.\" \/>\n<meta property=\"og:url\" content=\"https:\/\/amavelcosta.com\/fr\/produit\/cedovim-porto-tawny\/\" \/>\n<meta property=\"og:site_name\" content=\"Am\u00e1vel Costa\" \/>\n<meta property=\"article:modified_time\" content=\"2021-10-28T16:37:24+00:00\" \/>\n<meta property=\"og:image\" content=\"https:\/\/amavelcosta.com\/wp-content\/uploads\/2021\/07\/AM-_0000s_0002_PORTO-TAWNY.png\" \/>\n\t<meta property=\"og:image:width\" content=\"449\" \/>\n\t<meta property=\"og:image:height\" content=\"1080\" \/>\n\t<meta property=\"og:image:type\" content=\"image\/png\" \/>\n<meta name=\"twitter:card\" content=\"summary_large_image\" \/>\n<script type=\"application\/ld+json\" class=\"yoast-schema-graph\">{\"@context\":\"https:\/\/schema.org\",\"@graph\":[{\"@type\":\"WebPage\",\"@id\":\"https:\/\/amavelcosta.com\/fr\/produit\/cedovim-porto-tawny\/\",\"url\":\"https:\/\/amavelcosta.com\/fr\/produit\/cedovim-porto-tawny\/\",\"name\":\"Porto Tawny - Am\u00e1vel Costa\",\"isPartOf\":{\"@id\":\"https:\/\/amavelcosta.com\/fr\/#website\"},\"primaryImageOfPage\":{\"@id\":\"https:\/\/amavelcosta.com\/fr\/produit\/cedovim-porto-tawny\/#primaryimage\"},\"image\":{\"@id\":\"https:\/\/amavelcosta.com\/fr\/produit\/cedovim-porto-tawny\/#primaryimage\"},\"thumbnailUrl\":\"https:\/\/amavelcosta.com\/wp-content\/uploads\/2021\/07\/AM-_0000s_0002_PORTO-TAWNY-2.png\",\"datePublished\":\"2021-07-29T15:13:02+00:00\",\"dateModified\":\"2021-10-28T16:37:24+00:00\",\"breadcrumb\":{\"@id\":\"https:\/\/amavelcosta.com\/fr\/produit\/cedovim-porto-tawny\/#breadcrumb\"},\"inLanguage\":\"fr-FR\",\"potentialAction\":[{\"@type\":\"ReadAction\",\"target\":[\"https:\/\/amavelcosta.com\/fr\/produit\/cedovim-porto-tawny\/\"]}]},{\"@type\":\"ImageObject\",\"inLanguage\":\"fr-FR\",\"@id\":\"https:\/\/amavelcosta.com\/fr\/produit\/cedovim-porto-tawny\/#primaryimage\",\"url\":\"https:\/\/amavelcosta.com\/wp-content\/uploads\/2021\/07\/AM-_0000s_0002_PORTO-TAWNY-2.png\",\"contentUrl\":\"https:\/\/amavelcosta.com\/wp-content\/uploads\/2021\/07\/AM-_0000s_0002_PORTO-TAWNY-2.png\",\"width\":449,\"height\":1080},{\"@type\":\"BreadcrumbList\",\"@id\":\"https:\/\/amavelcosta.com\/fr\/produit\/cedovim-porto-tawny\/#breadcrumb\",\"itemListElement\":[{\"@type\":\"ListItem\",\"position\":1,\"name\":\"In\u00edcio\",\"item\":\"https:\/\/amavelcosta.com\/fr\/\"},{\"@type\":\"ListItem\",\"position\":2,\"name\":\"Boutique\",\"item\":\"https:\/\/amavelcosta.com\/fr\/boutique\/\"},{\"@type\":\"ListItem\",\"position\":3,\"name\":\"Porto Tawny\"}]},{\"@type\":\"WebSite\",\"@id\":\"https:\/\/amavelcosta.com\/fr\/#website\",\"url\":\"https:\/\/amavelcosta.com\/fr\/\",\"name\":\"Am\u00e1vel Costa\",\"description\":\"Vinho do Porto\",\"publisher\":{\"@id\":\"https:\/\/amavelcosta.com\/fr\/#organization\"},\"potentialAction\":[{\"@type\":\"SearchAction\",\"target\":{\"@type\":\"EntryPoint\",\"urlTemplate\":\"https:\/\/amavelcosta.com\/fr\/?s={search_term_string}\"},\"query-input\":{\"@type\":\"PropertyValueSpecification\",\"valueRequired\":true,\"valueName\":\"search_term_string\"}}],\"inLanguage\":\"fr-FR\"},{\"@type\":\"Organization\",\"@id\":\"https:\/\/amavelcosta.com\/fr\/#organization\",\"name\":\"Am\u00e1vel Costa\",\"url\":\"https:\/\/amavelcosta.com\/fr\/\",\"logo\":{\"@type\":\"ImageObject\",\"inLanguage\":\"fr-FR\",\"@id\":\"https:\/\/amavelcosta.com\/fr\/#\/schema\/logo\/image\/\",\"url\":\"https:\/\/amavelcosta.com\/wp-content\/uploads\/2021\/05\/logo-amavel.png\",\"contentUrl\":\"https:\/\/amavelcosta.com\/wp-content\/uploads\/2021\/05\/logo-amavel.png\",\"width\":309,\"height\":132,\"caption\":\"Am\u00e1vel Costa\"},\"image\":{\"@id\":\"https:\/\/amavelcosta.com\/fr\/#\/schema\/logo\/image\/\"}}]}<\/script>\n<!-- \/ Yoast SEO plugin. -->","yoast_head_json":{"title":"Porto Tawny - Am\u00e1vel Costa","robots":{"index":"index","follow":"follow","max-snippet":"max-snippet:-1","max-image-preview":"max-image-preview:large","max-video-preview":"max-video-preview:-1"},"canonical":"https:\/\/amavelcosta.com\/fr\/produit\/cedovim-porto-tawny\/","og_locale":"fr_FR","og_type":"article","og_title":"Porto Tawny - Am\u00e1vel Costa","og_description":"Le Cedovim Porto Tawny, r\u00e9v\u00e8le une combinaison \u00e9l\u00e9gante d'ar\u00f4mes grill\u00e9s, fruits secs et l\u00e9g\u00e8res nuances d'\u00e9piceries, en \u00e9quilibre avec des notes bois\u00e9es. En bouche il est velout\u00e9, engag\u00e9 avec des notes toast\u00e9es. \u00c9quilibr\u00e9, se termine long au go\u00fbt des fruits secs.","og_url":"https:\/\/amavelcosta.com\/fr\/produit\/cedovim-porto-tawny\/","og_site_name":"Am\u00e1vel Costa","article_modified_time":"2021-10-28T16:37:24+00:00","og_image":[{"width":449,"height":1080,"url":"https:\/\/amavelcosta.com\/wp-content\/uploads\/2021\/07\/AM-_0000s_0002_PORTO-TAWNY.png","type":"image\/png"}],"twitter_card":"summary_large_image","schema":{"@context":"https:\/\/schema.org","@graph":[{"@type":"WebPage","@id":"https:\/\/amavelcosta.com\/fr\/produit\/cedovim-porto-tawny\/","url":"https:\/\/amavelcosta.com\/fr\/produit\/cedovim-porto-tawny\/","name":"Porto Tawny - Am\u00e1vel Costa","isPartOf":{"@id":"https:\/\/amavelcosta.com\/fr\/#website"},"primaryImageOfPage":{"@id":"https:\/\/amavelcosta.com\/fr\/produit\/cedovim-porto-tawny\/#primaryimage"},"image":{"@id":"https:\/\/amavelcosta.com\/fr\/produit\/cedovim-porto-tawny\/#primaryimage"},"thumbnailUrl":"https:\/\/amavelcosta.com\/wp-content\/uploads\/2021\/07\/AM-_0000s_0002_PORTO-TAWNY-2.png","datePublished":"2021-07-29T15:13:02+00:00","dateModified":"2021-10-28T16:37:24+00:00","breadcrumb":{"@id":"https:\/\/amavelcosta.com\/fr\/produit\/cedovim-porto-tawny\/#breadcrumb"},"inLanguage":"fr-FR","potentialAction":[{"@type":"ReadAction","target":["https:\/\/amavelcosta.com\/fr\/produit\/cedovim-porto-tawny\/"]}]},{"@type":"ImageObject","inLanguage":"fr-FR","@id":"https:\/\/amavelcosta.com\/fr\/produit\/cedovim-porto-tawny\/#primaryimage","url":"https:\/\/amavelcosta.com\/wp-content\/uploads\/2021\/07\/AM-_0000s_0002_PORTO-TAWNY-2.png","contentUrl":"https:\/\/amavelcosta.com\/wp-content\/uploads\/2021\/07\/AM-_0000s_0002_PORTO-TAWNY-2.png","width":449,"height":1080},{"@type":"BreadcrumbList","@id":"https:\/\/amavelcosta.com\/fr\/produit\/cedovim-porto-tawny\/#breadcrumb","itemListElement":[{"@type":"ListItem","position":1,"name":"In\u00edcio","item":"https:\/\/amavelcosta.com\/fr\/"},{"@type":"ListItem","position":2,"name":"Boutique","item":"https:\/\/amavelcosta.com\/fr\/boutique\/"},{"@type":"ListItem","position":3,"name":"Porto Tawny"}]},{"@type":"WebSite","@id":"https:\/\/amavelcosta.com\/fr\/#website","url":"https:\/\/amavelcosta.com\/fr\/","name":"Am\u00e1vel Costa","description":"Vinho do Porto","publisher":{"@id":"https:\/\/amavelcosta.com\/fr\/#organization"},"potentialAction":[{"@type":"SearchAction","target":{"@type":"EntryPoint","urlTemplate":"https:\/\/amavelcosta.com\/fr\/?s={search_term_string}"},"query-input":{"@type":"PropertyValueSpecification","valueRequired":true,"valueName":"search_term_string"}}],"inLanguage":"fr-FR"},{"@type":"Organization","@id":"https:\/\/amavelcosta.com\/fr\/#organization","name":"Am\u00e1vel Costa","url":"https:\/\/amavelcosta.com\/fr\/","logo":{"@type":"ImageObject","inLanguage":"fr-FR","@id":"https:\/\/amavelcosta.com\/fr\/#\/schema\/logo\/image\/","url":"https:\/\/amavelcosta.com\/wp-content\/uploads\/2021\/05\/logo-amavel.png","contentUrl":"https:\/\/amavelcosta.com\/wp-content\/uploads\/2021\/05\/logo-amavel.png","width":309,"height":132,"caption":"Am\u00e1vel Costa"},"image":{"@id":"https:\/\/amavelcosta.com\/fr\/#\/schema\/logo\/image\/"}}]}},"_links":{"self":[{"href":"https:\/\/amavelcosta.com\/fr\/wp-json\/wp\/v2\/product\/2674","targetHints":{"allow":["GET"]}}],"collection":[{"href":"https:\/\/amavelcosta.com\/fr\/wp-json\/wp\/v2\/product"}],"about":[{"href":"https:\/\/amavelcosta.com\/fr\/wp-json\/wp\/v2\/types\/product"}],"wp:featuredmedia":[{"embeddable":true,"href":"https:\/\/amavelcosta.com\/fr\/wp-json\/wp\/v2\/media\/3157"}],"wp:attachment":[{"href":"https:\/\/amavelcosta.com\/fr\/wp-json\/wp\/v2\/media?parent=2674"}],"wp:term":[{"taxonomy":"product_brand","embeddable":true,"href":"https:\/\/amavelcosta.com\/fr\/wp-json\/wp\/v2\/product_brand?post=2674"},{"taxonomy":"product_cat","embeddable":true,"href":"https:\/\/amavelcosta.com\/fr\/wp-json\/wp\/v2\/product_cat?post=2674"},{"taxonomy":"product_tag","embeddable":true,"href":"https:\/\/amavelcosta.com\/fr\/wp-json\/wp\/v2\/product_tag?post=2674"}],"curies":[{"name":"wp","href":"https:\/\/api.w.org\/{rel}","templated":true}]}}