{"id":2663,"date":"2021-05-17T18:33:53","date_gmt":"2021-05-17T18:33:53","guid":{"rendered":"https:\/\/amavelcosta.com\/product\/porto-white-20-anos\/"},"modified":"2021-10-28T17:41:59","modified_gmt":"2021-10-28T16:41:59","slug":"cedovim-porto-blanc-20-ans-dage","status":"publish","type":"product","link":"https:\/\/amavelcosta.com\/fr\/produit\/cedovim-porto-blanc-20-ans-dage\/","title":{"rendered":"Porto Blanc 20 ans D&rsquo;\u00e2ge"},"content":{"rendered":"","protected":false},"excerpt":{"rendered":"<p>Le Cedovim Porto White 20 Ans avec une complexit\u00e9 remarquable qui t\u00e9moigne de son temps d&rsquo;\u00e9levage en f\u00fbt de ch\u00eane, il se pr\u00e9sente d\u00e9licat \u00e0 la d\u00e9gustation. Ar\u00f4mes de r\u00e9sines, fruits secs, vanille, noix de coco, nuances de cannelles, \u00e9piceries, feuilles de th\u00e9, dans un cadre harmonieux. En bouche il est frais et \u00e9l\u00e9gant mettant en \u00e9vidence plusieurs ar\u00f4mes du vieillissement en f\u00fbt de ch\u00eane. Termine long e persistant.<\/p>\n","protected":false},"featured_media":3167,"template":"","meta":[],"product_brand":[],"product_cat":[61,51],"product_tag":[],"class_list":{"0":"post-2663","1":"product","2":"type-product","3":"status-publish","4":"has-post-thumbnail","6":"product_cat-categories-speciales","7":"product_cat-cedovim-fr","9":"first","10":"instock","11":"taxable","12":"shipping-taxable","13":"purchasable","14":"product-type-simple"},"yoast_head":"<!-- This site is optimized with the Yoast SEO plugin v25.8 - https:\/\/yoast.com\/wordpress\/plugins\/seo\/ -->\n<title>Porto Blanc 20 ans D&#039;\u00e2ge - Am\u00e1vel Costa<\/title>\n<meta name=\"robots\" content=\"index, follow, max-snippet:-1, max-image-preview:large, max-video-preview:-1\" \/>\n<link rel=\"canonical\" href=\"https:\/\/amavelcosta.com\/fr\/produit\/cedovim-porto-blanc-20-ans-dage\/\" \/>\n<meta property=\"og:locale\" content=\"fr_FR\" \/>\n<meta property=\"og:type\" content=\"article\" \/>\n<meta property=\"og:title\" content=\"Porto Blanc 20 ans D&#039;\u00e2ge - Am\u00e1vel Costa\" \/>\n<meta property=\"og:description\" content=\"Le Cedovim Porto White 20 Ans avec une complexit\u00e9 remarquable qui t\u00e9moigne de son temps d&#039;\u00e9levage en f\u00fbt de ch\u00eane, il se pr\u00e9sente d\u00e9licat \u00e0 la d\u00e9gustation. Ar\u00f4mes de r\u00e9sines, fruits secs, vanille, noix de coco, nuances de cannelles, \u00e9piceries, feuilles de th\u00e9, dans un cadre harmonieux. En bouche il est frais et \u00e9l\u00e9gant mettant en \u00e9vidence plusieurs ar\u00f4mes du vieillissement en f\u00fbt de ch\u00eane. Termine long e persistant.\" \/>\n<meta property=\"og:url\" content=\"https:\/\/amavelcosta.com\/fr\/produit\/cedovim-porto-blanc-20-ans-dage\/\" \/>\n<meta property=\"og:site_name\" content=\"Am\u00e1vel Costa\" \/>\n<meta property=\"article:modified_time\" content=\"2021-10-28T16:41:59+00:00\" \/>\n<meta property=\"og:image\" content=\"https:\/\/amavelcosta.com\/wp-content\/uploads\/2021\/05\/bottle-cedovim.png\" \/>\n\t<meta property=\"og:image:width\" content=\"466\" \/>\n\t<meta property=\"og:image:height\" content=\"1080\" \/>\n\t<meta property=\"og:image:type\" content=\"image\/png\" \/>\n<meta name=\"twitter:card\" content=\"summary_large_image\" \/>\n<script type=\"application\/ld+json\" class=\"yoast-schema-graph\">{\"@context\":\"https:\/\/schema.org\",\"@graph\":[{\"@type\":\"WebPage\",\"@id\":\"https:\/\/amavelcosta.com\/fr\/produit\/cedovim-porto-blanc-20-ans-dage\/\",\"url\":\"https:\/\/amavelcosta.com\/fr\/produit\/cedovim-porto-blanc-20-ans-dage\/\",\"name\":\"Porto Blanc 20 ans D'\u00e2ge - Am\u00e1vel Costa\",\"isPartOf\":{\"@id\":\"https:\/\/amavelcosta.com\/fr\/#website\"},\"primaryImageOfPage\":{\"@id\":\"https:\/\/amavelcosta.com\/fr\/produit\/cedovim-porto-blanc-20-ans-dage\/#primaryimage\"},\"image\":{\"@id\":\"https:\/\/amavelcosta.com\/fr\/produit\/cedovim-porto-blanc-20-ans-dage\/#primaryimage\"},\"thumbnailUrl\":\"https:\/\/amavelcosta.com\/wp-content\/uploads\/2021\/05\/bottle-cedovim-2-1.png\",\"datePublished\":\"2021-05-17T18:33:53+00:00\",\"dateModified\":\"2021-10-28T16:41:59+00:00\",\"breadcrumb\":{\"@id\":\"https:\/\/amavelcosta.com\/fr\/produit\/cedovim-porto-blanc-20-ans-dage\/#breadcrumb\"},\"inLanguage\":\"fr-FR\",\"potentialAction\":[{\"@type\":\"ReadAction\",\"target\":[\"https:\/\/amavelcosta.com\/fr\/produit\/cedovim-porto-blanc-20-ans-dage\/\"]}]},{\"@type\":\"ImageObject\",\"inLanguage\":\"fr-FR\",\"@id\":\"https:\/\/amavelcosta.com\/fr\/produit\/cedovim-porto-blanc-20-ans-dage\/#primaryimage\",\"url\":\"https:\/\/amavelcosta.com\/wp-content\/uploads\/2021\/05\/bottle-cedovim-2-1.png\",\"contentUrl\":\"https:\/\/amavelcosta.com\/wp-content\/uploads\/2021\/05\/bottle-cedovim-2-1.png\",\"width\":466,\"height\":1080},{\"@type\":\"BreadcrumbList\",\"@id\":\"https:\/\/amavelcosta.com\/fr\/produit\/cedovim-porto-blanc-20-ans-dage\/#breadcrumb\",\"itemListElement\":[{\"@type\":\"ListItem\",\"position\":1,\"name\":\"In\u00edcio\",\"item\":\"https:\/\/amavelcosta.com\/fr\/\"},{\"@type\":\"ListItem\",\"position\":2,\"name\":\"Boutique\",\"item\":\"https:\/\/amavelcosta.com\/fr\/boutique\/\"},{\"@type\":\"ListItem\",\"position\":3,\"name\":\"Porto Blanc 20 ans D&rsquo;\u00e2ge\"}]},{\"@type\":\"WebSite\",\"@id\":\"https:\/\/amavelcosta.com\/fr\/#website\",\"url\":\"https:\/\/amavelcosta.com\/fr\/\",\"name\":\"Am\u00e1vel Costa\",\"description\":\"Vinho do Porto\",\"publisher\":{\"@id\":\"https:\/\/amavelcosta.com\/fr\/#organization\"},\"potentialAction\":[{\"@type\":\"SearchAction\",\"target\":{\"@type\":\"EntryPoint\",\"urlTemplate\":\"https:\/\/amavelcosta.com\/fr\/?s={search_term_string}\"},\"query-input\":{\"@type\":\"PropertyValueSpecification\",\"valueRequired\":true,\"valueName\":\"search_term_string\"}}],\"inLanguage\":\"fr-FR\"},{\"@type\":\"Organization\",\"@id\":\"https:\/\/amavelcosta.com\/fr\/#organization\",\"name\":\"Am\u00e1vel Costa\",\"url\":\"https:\/\/amavelcosta.com\/fr\/\",\"logo\":{\"@type\":\"ImageObject\",\"inLanguage\":\"fr-FR\",\"@id\":\"https:\/\/amavelcosta.com\/fr\/#\/schema\/logo\/image\/\",\"url\":\"https:\/\/amavelcosta.com\/wp-content\/uploads\/2021\/05\/logo-amavel.png\",\"contentUrl\":\"https:\/\/amavelcosta.com\/wp-content\/uploads\/2021\/05\/logo-amavel.png\",\"width\":309,\"height\":132,\"caption\":\"Am\u00e1vel Costa\"},\"image\":{\"@id\":\"https:\/\/amavelcosta.com\/fr\/#\/schema\/logo\/image\/\"}}]}<\/script>\n<!-- \/ Yoast SEO plugin. -->","yoast_head_json":{"title":"Porto Blanc 20 ans D'\u00e2ge - Am\u00e1vel Costa","robots":{"index":"index","follow":"follow","max-snippet":"max-snippet:-1","max-image-preview":"max-image-preview:large","max-video-preview":"max-video-preview:-1"},"canonical":"https:\/\/amavelcosta.com\/fr\/produit\/cedovim-porto-blanc-20-ans-dage\/","og_locale":"fr_FR","og_type":"article","og_title":"Porto Blanc 20 ans D'\u00e2ge - Am\u00e1vel Costa","og_description":"Le Cedovim Porto White 20 Ans avec une complexit\u00e9 remarquable qui t\u00e9moigne de son temps d'\u00e9levage en f\u00fbt de ch\u00eane, il se pr\u00e9sente d\u00e9licat \u00e0 la d\u00e9gustation. Ar\u00f4mes de r\u00e9sines, fruits secs, vanille, noix de coco, nuances de cannelles, \u00e9piceries, feuilles de th\u00e9, dans un cadre harmonieux. En bouche il est frais et \u00e9l\u00e9gant mettant en \u00e9vidence plusieurs ar\u00f4mes du vieillissement en f\u00fbt de ch\u00eane. Termine long e persistant.","og_url":"https:\/\/amavelcosta.com\/fr\/produit\/cedovim-porto-blanc-20-ans-dage\/","og_site_name":"Am\u00e1vel Costa","article_modified_time":"2021-10-28T16:41:59+00:00","og_image":[{"width":466,"height":1080,"url":"https:\/\/amavelcosta.com\/wp-content\/uploads\/2021\/05\/bottle-cedovim.png","type":"image\/png"}],"twitter_card":"summary_large_image","schema":{"@context":"https:\/\/schema.org","@graph":[{"@type":"WebPage","@id":"https:\/\/amavelcosta.com\/fr\/produit\/cedovim-porto-blanc-20-ans-dage\/","url":"https:\/\/amavelcosta.com\/fr\/produit\/cedovim-porto-blanc-20-ans-dage\/","name":"Porto Blanc 20 ans D'\u00e2ge - Am\u00e1vel Costa","isPartOf":{"@id":"https:\/\/amavelcosta.com\/fr\/#website"},"primaryImageOfPage":{"@id":"https:\/\/amavelcosta.com\/fr\/produit\/cedovim-porto-blanc-20-ans-dage\/#primaryimage"},"image":{"@id":"https:\/\/amavelcosta.com\/fr\/produit\/cedovim-porto-blanc-20-ans-dage\/#primaryimage"},"thumbnailUrl":"https:\/\/amavelcosta.com\/wp-content\/uploads\/2021\/05\/bottle-cedovim-2-1.png","datePublished":"2021-05-17T18:33:53+00:00","dateModified":"2021-10-28T16:41:59+00:00","breadcrumb":{"@id":"https:\/\/amavelcosta.com\/fr\/produit\/cedovim-porto-blanc-20-ans-dage\/#breadcrumb"},"inLanguage":"fr-FR","potentialAction":[{"@type":"ReadAction","target":["https:\/\/amavelcosta.com\/fr\/produit\/cedovim-porto-blanc-20-ans-dage\/"]}]},{"@type":"ImageObject","inLanguage":"fr-FR","@id":"https:\/\/amavelcosta.com\/fr\/produit\/cedovim-porto-blanc-20-ans-dage\/#primaryimage","url":"https:\/\/amavelcosta.com\/wp-content\/uploads\/2021\/05\/bottle-cedovim-2-1.png","contentUrl":"https:\/\/amavelcosta.com\/wp-content\/uploads\/2021\/05\/bottle-cedovim-2-1.png","width":466,"height":1080},{"@type":"BreadcrumbList","@id":"https:\/\/amavelcosta.com\/fr\/produit\/cedovim-porto-blanc-20-ans-dage\/#breadcrumb","itemListElement":[{"@type":"ListItem","position":1,"name":"In\u00edcio","item":"https:\/\/amavelcosta.com\/fr\/"},{"@type":"ListItem","position":2,"name":"Boutique","item":"https:\/\/amavelcosta.com\/fr\/boutique\/"},{"@type":"ListItem","position":3,"name":"Porto Blanc 20 ans D&rsquo;\u00e2ge"}]},{"@type":"WebSite","@id":"https:\/\/amavelcosta.com\/fr\/#website","url":"https:\/\/amavelcosta.com\/fr\/","name":"Am\u00e1vel Costa","description":"Vinho do Porto","publisher":{"@id":"https:\/\/amavelcosta.com\/fr\/#organization"},"potentialAction":[{"@type":"SearchAction","target":{"@type":"EntryPoint","urlTemplate":"https:\/\/amavelcosta.com\/fr\/?s={search_term_string}"},"query-input":{"@type":"PropertyValueSpecification","valueRequired":true,"valueName":"search_term_string"}}],"inLanguage":"fr-FR"},{"@type":"Organization","@id":"https:\/\/amavelcosta.com\/fr\/#organization","name":"Am\u00e1vel Costa","url":"https:\/\/amavelcosta.com\/fr\/","logo":{"@type":"ImageObject","inLanguage":"fr-FR","@id":"https:\/\/amavelcosta.com\/fr\/#\/schema\/logo\/image\/","url":"https:\/\/amavelcosta.com\/wp-content\/uploads\/2021\/05\/logo-amavel.png","contentUrl":"https:\/\/amavelcosta.com\/wp-content\/uploads\/2021\/05\/logo-amavel.png","width":309,"height":132,"caption":"Am\u00e1vel Costa"},"image":{"@id":"https:\/\/amavelcosta.com\/fr\/#\/schema\/logo\/image\/"}}]}},"_links":{"self":[{"href":"https:\/\/amavelcosta.com\/fr\/wp-json\/wp\/v2\/product\/2663","targetHints":{"allow":["GET"]}}],"collection":[{"href":"https:\/\/amavelcosta.com\/fr\/wp-json\/wp\/v2\/product"}],"about":[{"href":"https:\/\/amavelcosta.com\/fr\/wp-json\/wp\/v2\/types\/product"}],"wp:featuredmedia":[{"embeddable":true,"href":"https:\/\/amavelcosta.com\/fr\/wp-json\/wp\/v2\/media\/3167"}],"wp:attachment":[{"href":"https:\/\/amavelcosta.com\/fr\/wp-json\/wp\/v2\/media?parent=2663"}],"wp:term":[{"taxonomy":"product_brand","embeddable":true,"href":"https:\/\/amavelcosta.com\/fr\/wp-json\/wp\/v2\/product_brand?post=2663"},{"taxonomy":"product_cat","embeddable":true,"href":"https:\/\/amavelcosta.com\/fr\/wp-json\/wp\/v2\/product_cat?post=2663"},{"taxonomy":"product_tag","embeddable":true,"href":"https:\/\/amavelcosta.com\/fr\/wp-json\/wp\/v2\/product_tag?post=2663"}],"curies":[{"name":"wp","href":"https:\/\/api.w.org\/{rel}","templated":true}]}}