{"id":2636,"date":"2021-07-29T14:28:38","date_gmt":"2021-07-29T14:28:38","guid":{"rendered":"https:\/\/amavelcosta.com\/product\/porto-vintage-2017\/"},"modified":"2021-10-28T17:09:14","modified_gmt":"2021-10-28T16:09:14","slug":"porto-vintage-2017","status":"publish","type":"product","link":"https:\/\/amavelcosta.com\/fr\/produit\/porto-vintage-2017\/","title":{"rendered":"Porto Vintage 2017"},"content":{"rendered":"","protected":false},"excerpt":{"rendered":"<p>Un ar\u00f4me de fraise, raisin sec, prune et fruits des bois intense et captivant et un l\u00e9ger ar\u00f4me de cacao, une combinaison fra\u00eeche et \u00e9l\u00e9gante. Au palais, on retrouve les ar\u00f4mes d\u00e9crits avec des tanins bien structur\u00e9s, dans un \u00e9quilibre raffin\u00e9 qui subsiste, avec une fin de bouche persistante de cerise et de groseille. C\u2019est un vin remarquable, lors de cette d\u00e9gustation, de par son harmonie, sa robustesse, propre d\u2019un vin \u00ab\u00a0vintage\u00a0\u00bb, faisant accro\u00eetre la curiosit\u00e9 qui m\u00e8ne au chemin sensoriel qu\u2019il parcourra dans les ann\u00e9es \u00e0 venir.<\/p>\n","protected":false},"featured_media":2139,"template":"","meta":[],"product_brand":[],"product_cat":[49,67],"product_tag":[],"class_list":{"0":"post-2636","1":"product","2":"type-product","3":"status-publish","4":"has-post-thumbnail","6":"product_cat-amavel-costa-fr","7":"product_cat-vintage-fr","9":"first","10":"instock","11":"taxable","12":"shipping-taxable","13":"purchasable","14":"product-type-simple"},"yoast_head":"<!-- This site is optimized with the Yoast SEO plugin v25.8 - https:\/\/yoast.com\/wordpress\/plugins\/seo\/ -->\n<title>Porto Vintage 2017 - Am\u00e1vel Costa<\/title>\n<meta name=\"robots\" content=\"index, follow, max-snippet:-1, max-image-preview:large, max-video-preview:-1\" \/>\n<link rel=\"canonical\" href=\"https:\/\/amavelcosta.com\/fr\/produit\/porto-vintage-2017\/\" \/>\n<meta property=\"og:locale\" content=\"fr_FR\" \/>\n<meta property=\"og:type\" content=\"article\" \/>\n<meta property=\"og:title\" content=\"Porto Vintage 2017 - Am\u00e1vel Costa\" \/>\n<meta property=\"og:description\" content=\"Un ar\u00f4me de fraise, raisin sec, prune et fruits des bois intense et captivant et un l\u00e9ger ar\u00f4me de cacao, une combinaison fra\u00eeche et \u00e9l\u00e9gante. Au palais, on retrouve les ar\u00f4mes d\u00e9crits avec des tanins bien structur\u00e9s, dans un \u00e9quilibre raffin\u00e9 qui subsiste, avec une fin de bouche persistante de cerise et de groseille. C\u2019est un vin remarquable, lors de cette d\u00e9gustation, de par son harmonie, sa robustesse, propre d\u2019un vin \u00ab\u00a0vintage\u00a0\u00bb, faisant accro\u00eetre la curiosit\u00e9 qui m\u00e8ne au chemin sensoriel qu\u2019il parcourra dans les ann\u00e9es \u00e0 venir.\" \/>\n<meta property=\"og:url\" content=\"https:\/\/amavelcosta.com\/fr\/produit\/porto-vintage-2017\/\" \/>\n<meta property=\"og:site_name\" content=\"Am\u00e1vel Costa\" \/>\n<meta property=\"article:modified_time\" content=\"2021-10-28T16:09:14+00:00\" \/>\n<meta property=\"og:image\" content=\"https:\/\/amavelcosta.com\/wp-content\/uploads\/2021\/07\/AM-_0001s_0009_PORTO-VINTAGE-2017.png\" \/>\n\t<meta property=\"og:image:width\" content=\"449\" \/>\n\t<meta property=\"og:image:height\" content=\"1080\" \/>\n\t<meta property=\"og:image:type\" content=\"image\/png\" \/>\n<meta name=\"twitter:card\" content=\"summary_large_image\" \/>\n<script type=\"application\/ld+json\" class=\"yoast-schema-graph\">{\"@context\":\"https:\/\/schema.org\",\"@graph\":[{\"@type\":\"WebPage\",\"@id\":\"https:\/\/amavelcosta.com\/fr\/produit\/porto-vintage-2017\/\",\"url\":\"https:\/\/amavelcosta.com\/fr\/produit\/porto-vintage-2017\/\",\"name\":\"Porto Vintage 2017 - Am\u00e1vel Costa\",\"isPartOf\":{\"@id\":\"https:\/\/amavelcosta.com\/fr\/#website\"},\"primaryImageOfPage\":{\"@id\":\"https:\/\/amavelcosta.com\/fr\/produit\/porto-vintage-2017\/#primaryimage\"},\"image\":{\"@id\":\"https:\/\/amavelcosta.com\/fr\/produit\/porto-vintage-2017\/#primaryimage\"},\"thumbnailUrl\":\"https:\/\/amavelcosta.com\/wp-content\/uploads\/2021\/07\/AM-_0001s_0009_PORTO-VINTAGE-2017.png\",\"datePublished\":\"2021-07-29T14:28:38+00:00\",\"dateModified\":\"2021-10-28T16:09:14+00:00\",\"breadcrumb\":{\"@id\":\"https:\/\/amavelcosta.com\/fr\/produit\/porto-vintage-2017\/#breadcrumb\"},\"inLanguage\":\"fr-FR\",\"potentialAction\":[{\"@type\":\"ReadAction\",\"target\":[\"https:\/\/amavelcosta.com\/fr\/produit\/porto-vintage-2017\/\"]}]},{\"@type\":\"ImageObject\",\"inLanguage\":\"fr-FR\",\"@id\":\"https:\/\/amavelcosta.com\/fr\/produit\/porto-vintage-2017\/#primaryimage\",\"url\":\"https:\/\/amavelcosta.com\/wp-content\/uploads\/2021\/07\/AM-_0001s_0009_PORTO-VINTAGE-2017.png\",\"contentUrl\":\"https:\/\/amavelcosta.com\/wp-content\/uploads\/2021\/07\/AM-_0001s_0009_PORTO-VINTAGE-2017.png\",\"width\":449,\"height\":1080},{\"@type\":\"BreadcrumbList\",\"@id\":\"https:\/\/amavelcosta.com\/fr\/produit\/porto-vintage-2017\/#breadcrumb\",\"itemListElement\":[{\"@type\":\"ListItem\",\"position\":1,\"name\":\"In\u00edcio\",\"item\":\"https:\/\/amavelcosta.com\/fr\/\"},{\"@type\":\"ListItem\",\"position\":2,\"name\":\"Boutique\",\"item\":\"https:\/\/amavelcosta.com\/fr\/boutique\/\"},{\"@type\":\"ListItem\",\"position\":3,\"name\":\"Porto Vintage 2017\"}]},{\"@type\":\"WebSite\",\"@id\":\"https:\/\/amavelcosta.com\/fr\/#website\",\"url\":\"https:\/\/amavelcosta.com\/fr\/\",\"name\":\"Am\u00e1vel Costa\",\"description\":\"Vinho do Porto\",\"publisher\":{\"@id\":\"https:\/\/amavelcosta.com\/fr\/#organization\"},\"potentialAction\":[{\"@type\":\"SearchAction\",\"target\":{\"@type\":\"EntryPoint\",\"urlTemplate\":\"https:\/\/amavelcosta.com\/fr\/?s={search_term_string}\"},\"query-input\":{\"@type\":\"PropertyValueSpecification\",\"valueRequired\":true,\"valueName\":\"search_term_string\"}}],\"inLanguage\":\"fr-FR\"},{\"@type\":\"Organization\",\"@id\":\"https:\/\/amavelcosta.com\/fr\/#organization\",\"name\":\"Am\u00e1vel Costa\",\"url\":\"https:\/\/amavelcosta.com\/fr\/\",\"logo\":{\"@type\":\"ImageObject\",\"inLanguage\":\"fr-FR\",\"@id\":\"https:\/\/amavelcosta.com\/fr\/#\/schema\/logo\/image\/\",\"url\":\"https:\/\/amavelcosta.com\/wp-content\/uploads\/2021\/05\/logo-amavel.png\",\"contentUrl\":\"https:\/\/amavelcosta.com\/wp-content\/uploads\/2021\/05\/logo-amavel.png\",\"width\":309,\"height\":132,\"caption\":\"Am\u00e1vel Costa\"},\"image\":{\"@id\":\"https:\/\/amavelcosta.com\/fr\/#\/schema\/logo\/image\/\"}}]}<\/script>\n<!-- \/ Yoast SEO plugin. -->","yoast_head_json":{"title":"Porto Vintage 2017 - Am\u00e1vel Costa","robots":{"index":"index","follow":"follow","max-snippet":"max-snippet:-1","max-image-preview":"max-image-preview:large","max-video-preview":"max-video-preview:-1"},"canonical":"https:\/\/amavelcosta.com\/fr\/produit\/porto-vintage-2017\/","og_locale":"fr_FR","og_type":"article","og_title":"Porto Vintage 2017 - Am\u00e1vel Costa","og_description":"Un ar\u00f4me de fraise, raisin sec, prune et fruits des bois intense et captivant et un l\u00e9ger ar\u00f4me de cacao, une combinaison fra\u00eeche et \u00e9l\u00e9gante. Au palais, on retrouve les ar\u00f4mes d\u00e9crits avec des tanins bien structur\u00e9s, dans un \u00e9quilibre raffin\u00e9 qui subsiste, avec une fin de bouche persistante de cerise et de groseille. C\u2019est un vin remarquable, lors de cette d\u00e9gustation, de par son harmonie, sa robustesse, propre d\u2019un vin \u00ab\u00a0vintage\u00a0\u00bb, faisant accro\u00eetre la curiosit\u00e9 qui m\u00e8ne au chemin sensoriel qu\u2019il parcourra dans les ann\u00e9es \u00e0 venir.","og_url":"https:\/\/amavelcosta.com\/fr\/produit\/porto-vintage-2017\/","og_site_name":"Am\u00e1vel Costa","article_modified_time":"2021-10-28T16:09:14+00:00","og_image":[{"width":449,"height":1080,"url":"https:\/\/amavelcosta.com\/wp-content\/uploads\/2021\/07\/AM-_0001s_0009_PORTO-VINTAGE-2017.png","type":"image\/png"}],"twitter_card":"summary_large_image","schema":{"@context":"https:\/\/schema.org","@graph":[{"@type":"WebPage","@id":"https:\/\/amavelcosta.com\/fr\/produit\/porto-vintage-2017\/","url":"https:\/\/amavelcosta.com\/fr\/produit\/porto-vintage-2017\/","name":"Porto Vintage 2017 - Am\u00e1vel Costa","isPartOf":{"@id":"https:\/\/amavelcosta.com\/fr\/#website"},"primaryImageOfPage":{"@id":"https:\/\/amavelcosta.com\/fr\/produit\/porto-vintage-2017\/#primaryimage"},"image":{"@id":"https:\/\/amavelcosta.com\/fr\/produit\/porto-vintage-2017\/#primaryimage"},"thumbnailUrl":"https:\/\/amavelcosta.com\/wp-content\/uploads\/2021\/07\/AM-_0001s_0009_PORTO-VINTAGE-2017.png","datePublished":"2021-07-29T14:28:38+00:00","dateModified":"2021-10-28T16:09:14+00:00","breadcrumb":{"@id":"https:\/\/amavelcosta.com\/fr\/produit\/porto-vintage-2017\/#breadcrumb"},"inLanguage":"fr-FR","potentialAction":[{"@type":"ReadAction","target":["https:\/\/amavelcosta.com\/fr\/produit\/porto-vintage-2017\/"]}]},{"@type":"ImageObject","inLanguage":"fr-FR","@id":"https:\/\/amavelcosta.com\/fr\/produit\/porto-vintage-2017\/#primaryimage","url":"https:\/\/amavelcosta.com\/wp-content\/uploads\/2021\/07\/AM-_0001s_0009_PORTO-VINTAGE-2017.png","contentUrl":"https:\/\/amavelcosta.com\/wp-content\/uploads\/2021\/07\/AM-_0001s_0009_PORTO-VINTAGE-2017.png","width":449,"height":1080},{"@type":"BreadcrumbList","@id":"https:\/\/amavelcosta.com\/fr\/produit\/porto-vintage-2017\/#breadcrumb","itemListElement":[{"@type":"ListItem","position":1,"name":"In\u00edcio","item":"https:\/\/amavelcosta.com\/fr\/"},{"@type":"ListItem","position":2,"name":"Boutique","item":"https:\/\/amavelcosta.com\/fr\/boutique\/"},{"@type":"ListItem","position":3,"name":"Porto Vintage 2017"}]},{"@type":"WebSite","@id":"https:\/\/amavelcosta.com\/fr\/#website","url":"https:\/\/amavelcosta.com\/fr\/","name":"Am\u00e1vel Costa","description":"Vinho do Porto","publisher":{"@id":"https:\/\/amavelcosta.com\/fr\/#organization"},"potentialAction":[{"@type":"SearchAction","target":{"@type":"EntryPoint","urlTemplate":"https:\/\/amavelcosta.com\/fr\/?s={search_term_string}"},"query-input":{"@type":"PropertyValueSpecification","valueRequired":true,"valueName":"search_term_string"}}],"inLanguage":"fr-FR"},{"@type":"Organization","@id":"https:\/\/amavelcosta.com\/fr\/#organization","name":"Am\u00e1vel Costa","url":"https:\/\/amavelcosta.com\/fr\/","logo":{"@type":"ImageObject","inLanguage":"fr-FR","@id":"https:\/\/amavelcosta.com\/fr\/#\/schema\/logo\/image\/","url":"https:\/\/amavelcosta.com\/wp-content\/uploads\/2021\/05\/logo-amavel.png","contentUrl":"https:\/\/amavelcosta.com\/wp-content\/uploads\/2021\/05\/logo-amavel.png","width":309,"height":132,"caption":"Am\u00e1vel Costa"},"image":{"@id":"https:\/\/amavelcosta.com\/fr\/#\/schema\/logo\/image\/"}}]}},"_links":{"self":[{"href":"https:\/\/amavelcosta.com\/fr\/wp-json\/wp\/v2\/product\/2636","targetHints":{"allow":["GET"]}}],"collection":[{"href":"https:\/\/amavelcosta.com\/fr\/wp-json\/wp\/v2\/product"}],"about":[{"href":"https:\/\/amavelcosta.com\/fr\/wp-json\/wp\/v2\/types\/product"}],"wp:featuredmedia":[{"embeddable":true,"href":"https:\/\/amavelcosta.com\/fr\/wp-json\/wp\/v2\/media\/2139"}],"wp:attachment":[{"href":"https:\/\/amavelcosta.com\/fr\/wp-json\/wp\/v2\/media?parent=2636"}],"wp:term":[{"taxonomy":"product_brand","embeddable":true,"href":"https:\/\/amavelcosta.com\/fr\/wp-json\/wp\/v2\/product_brand?post=2636"},{"taxonomy":"product_cat","embeddable":true,"href":"https:\/\/amavelcosta.com\/fr\/wp-json\/wp\/v2\/product_cat?post=2636"},{"taxonomy":"product_tag","embeddable":true,"href":"https:\/\/amavelcosta.com\/fr\/wp-json\/wp\/v2\/product_tag?post=2636"}],"curies":[{"name":"wp","href":"https:\/\/api.w.org\/{rel}","templated":true}]}}