{"id":2611,"date":"2021-05-13T17:05:04","date_gmt":"2021-05-13T17:05:04","guid":{"rendered":"https:\/\/amavelcosta.com\/product\/porto-reserva-white\/"},"modified":"2021-10-28T16:54:34","modified_gmt":"2021-10-28T15:54:34","slug":"porto-reserve-blanc","status":"publish","type":"product","link":"https:\/\/amavelcosta.com\/fr\/produit\/porto-reserve-blanc\/","title":{"rendered":"Porto R\u00e9serve Blanc"},"content":{"rendered":"<div class=\"wpb-content-wrapper\"><p>[vc_row][vc_column][vc_column_text css=\u00a0\u00bb.vc_custom_1635355512682{border-top-width: 2px !important;border-right-width: 2px !important;border-bottom-width: 2px !important;border-left-width: 2px !important;padding-top: 20px !important;padding-right: 20px !important;padding-bottom: 20px !important;padding-left: 20px !important;border-left-color: #000000 !important;border-left-style: solid !important;border-right-color: #000000 !important;border-right-style: solid !important;border-top-color: #000000 !important;border-top-style: solid !important;border-bottom-color: #000000 !important;border-bottom-style: solid !important;}\u00a0\u00bb]<\/p>\n<p style=\"text-align: center;\">&lsquo;Pleasantly rustic and pithy nose with notes of barley sugar and grapes. Rich and mouth-filling palate with syrupy apricot, spices, orange blossom and nuts.&rsquo;<strong><br \/>\n<a href=\"http:\/\/awards.decanter.com\/DWWA\/2016\/Wine\/330027?name=Am%C3%A1vel%20Costa-White-NV\" target=\"_blank\" rel=\"noopener\">DECANTER WORLD WINE AWARDS 2016<\/a><\/strong><\/p>\n<p>[\/vc_column_text][\/vc_column][\/vc_row]<\/p>\n<\/div>","protected":false},"excerpt":{"rendered":"<p>D&rsquo;un ar\u00f4me complexe, il illustre bien son temps d&rsquo; \u00e9levage en f\u00fbt de ch\u00eane. Une combinaison \u00e9l\u00e9gante d&rsquo;ar\u00f4mes tertiaires doux, bois\u00e9e, l\u00e9g\u00e8re r\u00e9sine, vanille, fruits, noisette et tr\u00e8s l\u00e9ger en agrumes, r\u00e9sultant d&rsquo;un ensemble d&rsquo;ar\u00f4mes agr\u00e9ables. En bouche, l&rsquo;acidit\u00e9 maintient la fraicheur balsamique en harmonie avec des saveurs bois\u00e9es, nuances de miel, fruits secs et abricot sec, qui se prolonge en fin de bouche, long et persistant.<\/p>\n","protected":false},"featured_media":2131,"template":"","meta":[],"product_brand":[],"product_cat":[49,64],"product_tag":[],"class_list":{"0":"post-2611","1":"product","2":"type-product","3":"status-publish","4":"has-post-thumbnail","6":"product_cat-amavel-costa-fr","7":"product_cat-reserve","9":"first","10":"instock","11":"taxable","12":"shipping-taxable","13":"purchasable","14":"product-type-simple"},"yoast_head":"<!-- This site is optimized with the Yoast SEO plugin v25.8 - https:\/\/yoast.com\/wordpress\/plugins\/seo\/ -->\n<title>Porto R\u00e9serve Blanc - Am\u00e1vel Costa<\/title>\n<meta name=\"robots\" content=\"index, follow, max-snippet:-1, max-image-preview:large, max-video-preview:-1\" \/>\n<link rel=\"canonical\" href=\"https:\/\/amavelcosta.com\/fr\/produit\/porto-reserve-blanc\/\" \/>\n<meta property=\"og:locale\" content=\"fr_FR\" \/>\n<meta property=\"og:type\" content=\"article\" \/>\n<meta property=\"og:title\" content=\"Porto R\u00e9serve Blanc - Am\u00e1vel Costa\" \/>\n<meta property=\"og:description\" content=\"D&#039;un ar\u00f4me complexe, il illustre bien son temps d&#039; \u00e9levage en f\u00fbt de ch\u00eane. Une combinaison \u00e9l\u00e9gante d&#039;ar\u00f4mes tertiaires doux, bois\u00e9e, l\u00e9g\u00e8re r\u00e9sine, vanille, fruits, noisette et tr\u00e8s l\u00e9ger en agrumes, r\u00e9sultant d&#039;un ensemble d&#039;ar\u00f4mes agr\u00e9ables. En bouche, l&#039;acidit\u00e9 maintient la fraicheur balsamique en harmonie avec des saveurs bois\u00e9es, nuances de miel, fruits secs et abricot sec, qui se prolonge en fin de bouche, long et persistant.\" \/>\n<meta property=\"og:url\" content=\"https:\/\/amavelcosta.com\/fr\/produit\/porto-reserve-blanc\/\" \/>\n<meta property=\"og:site_name\" content=\"Am\u00e1vel Costa\" \/>\n<meta property=\"article:modified_time\" content=\"2021-10-28T15:54:34+00:00\" \/>\n<meta property=\"og:image\" content=\"https:\/\/amavelcosta.com\/wp-content\/uploads\/2021\/07\/AM-_0001s_0005_PORTO-RESERVA-WHITE.png\" \/>\n\t<meta property=\"og:image:width\" content=\"449\" \/>\n\t<meta property=\"og:image:height\" content=\"1080\" \/>\n\t<meta property=\"og:image:type\" content=\"image\/png\" \/>\n<meta name=\"twitter:card\" content=\"summary_large_image\" \/>\n<script type=\"application\/ld+json\" class=\"yoast-schema-graph\">{\"@context\":\"https:\/\/schema.org\",\"@graph\":[{\"@type\":\"WebPage\",\"@id\":\"https:\/\/amavelcosta.com\/fr\/produit\/porto-reserve-blanc\/\",\"url\":\"https:\/\/amavelcosta.com\/fr\/produit\/porto-reserve-blanc\/\",\"name\":\"Porto R\u00e9serve Blanc - Am\u00e1vel Costa\",\"isPartOf\":{\"@id\":\"https:\/\/amavelcosta.com\/fr\/#website\"},\"primaryImageOfPage\":{\"@id\":\"https:\/\/amavelcosta.com\/fr\/produit\/porto-reserve-blanc\/#primaryimage\"},\"image\":{\"@id\":\"https:\/\/amavelcosta.com\/fr\/produit\/porto-reserve-blanc\/#primaryimage\"},\"thumbnailUrl\":\"https:\/\/amavelcosta.com\/wp-content\/uploads\/2021\/07\/AM-_0001s_0005_PORTO-RESERVA-WHITE.png\",\"datePublished\":\"2021-05-13T17:05:04+00:00\",\"dateModified\":\"2021-10-28T15:54:34+00:00\",\"breadcrumb\":{\"@id\":\"https:\/\/amavelcosta.com\/fr\/produit\/porto-reserve-blanc\/#breadcrumb\"},\"inLanguage\":\"fr-FR\",\"potentialAction\":[{\"@type\":\"ReadAction\",\"target\":[\"https:\/\/amavelcosta.com\/fr\/produit\/porto-reserve-blanc\/\"]}]},{\"@type\":\"ImageObject\",\"inLanguage\":\"fr-FR\",\"@id\":\"https:\/\/amavelcosta.com\/fr\/produit\/porto-reserve-blanc\/#primaryimage\",\"url\":\"https:\/\/amavelcosta.com\/wp-content\/uploads\/2021\/07\/AM-_0001s_0005_PORTO-RESERVA-WHITE.png\",\"contentUrl\":\"https:\/\/amavelcosta.com\/wp-content\/uploads\/2021\/07\/AM-_0001s_0005_PORTO-RESERVA-WHITE.png\",\"width\":449,\"height\":1080},{\"@type\":\"BreadcrumbList\",\"@id\":\"https:\/\/amavelcosta.com\/fr\/produit\/porto-reserve-blanc\/#breadcrumb\",\"itemListElement\":[{\"@type\":\"ListItem\",\"position\":1,\"name\":\"In\u00edcio\",\"item\":\"https:\/\/amavelcosta.com\/fr\/\"},{\"@type\":\"ListItem\",\"position\":2,\"name\":\"Boutique\",\"item\":\"https:\/\/amavelcosta.com\/fr\/boutique\/\"},{\"@type\":\"ListItem\",\"position\":3,\"name\":\"Porto R\u00e9serve Blanc\"}]},{\"@type\":\"WebSite\",\"@id\":\"https:\/\/amavelcosta.com\/fr\/#website\",\"url\":\"https:\/\/amavelcosta.com\/fr\/\",\"name\":\"Am\u00e1vel Costa\",\"description\":\"Vinho do Porto\",\"publisher\":{\"@id\":\"https:\/\/amavelcosta.com\/fr\/#organization\"},\"potentialAction\":[{\"@type\":\"SearchAction\",\"target\":{\"@type\":\"EntryPoint\",\"urlTemplate\":\"https:\/\/amavelcosta.com\/fr\/?s={search_term_string}\"},\"query-input\":{\"@type\":\"PropertyValueSpecification\",\"valueRequired\":true,\"valueName\":\"search_term_string\"}}],\"inLanguage\":\"fr-FR\"},{\"@type\":\"Organization\",\"@id\":\"https:\/\/amavelcosta.com\/fr\/#organization\",\"name\":\"Am\u00e1vel Costa\",\"url\":\"https:\/\/amavelcosta.com\/fr\/\",\"logo\":{\"@type\":\"ImageObject\",\"inLanguage\":\"fr-FR\",\"@id\":\"https:\/\/amavelcosta.com\/fr\/#\/schema\/logo\/image\/\",\"url\":\"https:\/\/amavelcosta.com\/wp-content\/uploads\/2021\/05\/logo-amavel.png\",\"contentUrl\":\"https:\/\/amavelcosta.com\/wp-content\/uploads\/2021\/05\/logo-amavel.png\",\"width\":309,\"height\":132,\"caption\":\"Am\u00e1vel Costa\"},\"image\":{\"@id\":\"https:\/\/amavelcosta.com\/fr\/#\/schema\/logo\/image\/\"}}]}<\/script>\n<!-- \/ Yoast SEO plugin. -->","yoast_head_json":{"title":"Porto R\u00e9serve Blanc - Am\u00e1vel Costa","robots":{"index":"index","follow":"follow","max-snippet":"max-snippet:-1","max-image-preview":"max-image-preview:large","max-video-preview":"max-video-preview:-1"},"canonical":"https:\/\/amavelcosta.com\/fr\/produit\/porto-reserve-blanc\/","og_locale":"fr_FR","og_type":"article","og_title":"Porto R\u00e9serve Blanc - Am\u00e1vel Costa","og_description":"D'un ar\u00f4me complexe, il illustre bien son temps d' \u00e9levage en f\u00fbt de ch\u00eane. Une combinaison \u00e9l\u00e9gante d'ar\u00f4mes tertiaires doux, bois\u00e9e, l\u00e9g\u00e8re r\u00e9sine, vanille, fruits, noisette et tr\u00e8s l\u00e9ger en agrumes, r\u00e9sultant d'un ensemble d'ar\u00f4mes agr\u00e9ables. En bouche, l'acidit\u00e9 maintient la fraicheur balsamique en harmonie avec des saveurs bois\u00e9es, nuances de miel, fruits secs et abricot sec, qui se prolonge en fin de bouche, long et persistant.","og_url":"https:\/\/amavelcosta.com\/fr\/produit\/porto-reserve-blanc\/","og_site_name":"Am\u00e1vel Costa","article_modified_time":"2021-10-28T15:54:34+00:00","og_image":[{"width":449,"height":1080,"url":"https:\/\/amavelcosta.com\/wp-content\/uploads\/2021\/07\/AM-_0001s_0005_PORTO-RESERVA-WHITE.png","type":"image\/png"}],"twitter_card":"summary_large_image","schema":{"@context":"https:\/\/schema.org","@graph":[{"@type":"WebPage","@id":"https:\/\/amavelcosta.com\/fr\/produit\/porto-reserve-blanc\/","url":"https:\/\/amavelcosta.com\/fr\/produit\/porto-reserve-blanc\/","name":"Porto R\u00e9serve Blanc - Am\u00e1vel Costa","isPartOf":{"@id":"https:\/\/amavelcosta.com\/fr\/#website"},"primaryImageOfPage":{"@id":"https:\/\/amavelcosta.com\/fr\/produit\/porto-reserve-blanc\/#primaryimage"},"image":{"@id":"https:\/\/amavelcosta.com\/fr\/produit\/porto-reserve-blanc\/#primaryimage"},"thumbnailUrl":"https:\/\/amavelcosta.com\/wp-content\/uploads\/2021\/07\/AM-_0001s_0005_PORTO-RESERVA-WHITE.png","datePublished":"2021-05-13T17:05:04+00:00","dateModified":"2021-10-28T15:54:34+00:00","breadcrumb":{"@id":"https:\/\/amavelcosta.com\/fr\/produit\/porto-reserve-blanc\/#breadcrumb"},"inLanguage":"fr-FR","potentialAction":[{"@type":"ReadAction","target":["https:\/\/amavelcosta.com\/fr\/produit\/porto-reserve-blanc\/"]}]},{"@type":"ImageObject","inLanguage":"fr-FR","@id":"https:\/\/amavelcosta.com\/fr\/produit\/porto-reserve-blanc\/#primaryimage","url":"https:\/\/amavelcosta.com\/wp-content\/uploads\/2021\/07\/AM-_0001s_0005_PORTO-RESERVA-WHITE.png","contentUrl":"https:\/\/amavelcosta.com\/wp-content\/uploads\/2021\/07\/AM-_0001s_0005_PORTO-RESERVA-WHITE.png","width":449,"height":1080},{"@type":"BreadcrumbList","@id":"https:\/\/amavelcosta.com\/fr\/produit\/porto-reserve-blanc\/#breadcrumb","itemListElement":[{"@type":"ListItem","position":1,"name":"In\u00edcio","item":"https:\/\/amavelcosta.com\/fr\/"},{"@type":"ListItem","position":2,"name":"Boutique","item":"https:\/\/amavelcosta.com\/fr\/boutique\/"},{"@type":"ListItem","position":3,"name":"Porto R\u00e9serve Blanc"}]},{"@type":"WebSite","@id":"https:\/\/amavelcosta.com\/fr\/#website","url":"https:\/\/amavelcosta.com\/fr\/","name":"Am\u00e1vel Costa","description":"Vinho do Porto","publisher":{"@id":"https:\/\/amavelcosta.com\/fr\/#organization"},"potentialAction":[{"@type":"SearchAction","target":{"@type":"EntryPoint","urlTemplate":"https:\/\/amavelcosta.com\/fr\/?s={search_term_string}"},"query-input":{"@type":"PropertyValueSpecification","valueRequired":true,"valueName":"search_term_string"}}],"inLanguage":"fr-FR"},{"@type":"Organization","@id":"https:\/\/amavelcosta.com\/fr\/#organization","name":"Am\u00e1vel Costa","url":"https:\/\/amavelcosta.com\/fr\/","logo":{"@type":"ImageObject","inLanguage":"fr-FR","@id":"https:\/\/amavelcosta.com\/fr\/#\/schema\/logo\/image\/","url":"https:\/\/amavelcosta.com\/wp-content\/uploads\/2021\/05\/logo-amavel.png","contentUrl":"https:\/\/amavelcosta.com\/wp-content\/uploads\/2021\/05\/logo-amavel.png","width":309,"height":132,"caption":"Am\u00e1vel Costa"},"image":{"@id":"https:\/\/amavelcosta.com\/fr\/#\/schema\/logo\/image\/"}}]}},"_links":{"self":[{"href":"https:\/\/amavelcosta.com\/fr\/wp-json\/wp\/v2\/product\/2611","targetHints":{"allow":["GET"]}}],"collection":[{"href":"https:\/\/amavelcosta.com\/fr\/wp-json\/wp\/v2\/product"}],"about":[{"href":"https:\/\/amavelcosta.com\/fr\/wp-json\/wp\/v2\/types\/product"}],"wp:featuredmedia":[{"embeddable":true,"href":"https:\/\/amavelcosta.com\/fr\/wp-json\/wp\/v2\/media\/2131"}],"wp:attachment":[{"href":"https:\/\/amavelcosta.com\/fr\/wp-json\/wp\/v2\/media?parent=2611"}],"wp:term":[{"taxonomy":"product_brand","embeddable":true,"href":"https:\/\/amavelcosta.com\/fr\/wp-json\/wp\/v2\/product_brand?post=2611"},{"taxonomy":"product_cat","embeddable":true,"href":"https:\/\/amavelcosta.com\/fr\/wp-json\/wp\/v2\/product_cat?post=2611"},{"taxonomy":"product_tag","embeddable":true,"href":"https:\/\/amavelcosta.com\/fr\/wp-json\/wp\/v2\/product_tag?post=2611"}],"curies":[{"name":"wp","href":"https:\/\/api.w.org\/{rel}","templated":true}]}}