{"id":2606,"date":"2021-05-13T17:20:16","date_gmt":"2021-05-13T17:20:16","guid":{"rendered":"https:\/\/amavelcosta.com\/product\/porto-tawny-40-anos\/"},"modified":"2021-10-28T16:51:32","modified_gmt":"2021-10-28T15:51:32","slug":"porto-tawny-40-ans-dage","status":"publish","type":"product","link":"https:\/\/amavelcosta.com\/fr\/produit\/porto-tawny-40-ans-dage\/","title":{"rendered":"Porto Tawny 40 ans D&rsquo;\u00e2ge"},"content":{"rendered":"<div class=\"wpb-content-wrapper\"><p>[vc_row][vc_column][vc_column_text css=\u00a0\u00bb.vc_custom_1635355208781{border-top-width: 2px !important;border-right-width: 2px !important;border-bottom-width: 2px !important;border-left-width: 2px !important;padding-top: 20px !important;padding-right: 20px !important;padding-bottom: 20px !important;padding-left: 20px !important;border-left-color: #000000 !important;border-left-style: solid !important;border-right-color: #000000 !important;border-right-style: solid !important;border-top-color: #000000 !important;border-top-style: solid !important;border-bottom-color: #000000 !important;border-bottom-style: solid !important;}\u00a0\u00bb]<\/p>\n<p style=\"text-align: center;\">&lsquo;Complex tertiary aromas of leaves and mushrooms meld with hints of demerara sugar, fig and prune. Walnut and black tea flavours, with raisins and toffee.&rsquo;<strong><br \/>\n<a href=\"http:\/\/awards.decanter.com\/DWWA\/2016\/Wine\/330026?name=Am%C3%A1vel%20Costa-40%20Year%20Old%20Tawny-NV\" target=\"_blank\" rel=\"noopener\">DECANTER WORLD WINE AWARDS 2016<\/a><\/strong><\/p>\n<p>[\/vc_column_text][vc_column_text css=\u00a0\u00bb.vc_custom_1635355233779{border-top-width: 2px !important;border-right-width: 2px !important;border-bottom-width: 2px !important;border-left-width: 2px !important;padding-top: 20px !important;padding-right: 20px !important;padding-bottom: 20px !important;padding-left: 20px !important;border-left-color: #000000 !important;border-left-style: solid !important;border-right-color: #000000 !important;border-right-style: solid !important;border-top-color: #000000 !important;border-top-style: solid !important;border-bottom-color: #000000 !important;border-bottom-style: solid !important;}\u00a0\u00bb]<\/p>\n<p style=\"text-align: center;\">&lsquo;Intense savoury and saline notes of smoked almonds and green olive. A powerhouse of flavours of kernel, singed muscovado sugar and roasted coffee. Twisted-citrus acidity and a rich palate coating texture on the long finish.&rsquo;<strong><br \/>\n<a href=\"http:\/\/awards.decanter.com\/DWWA\/2015\/Wine\/73648?name=Am%C3%A1vel%20Costa-40%20Year%20Old%20Tawny-NV\" target=\"_blank\" rel=\"noopener\">DECANTER WORLD WINE AWARDS 2016<\/a><\/strong><\/p>\n<p>[\/vc_column_text][\/vc_column][\/vc_row]<\/p>\n<\/div>","protected":false},"excerpt":{"rendered":"<p>Le vieillissement prolong\u00e9 en f\u00fbts et tonneaux de bois lui conf\u00e8re des qualit\u00e9s et des caract\u00e9ristiques singuli\u00e8res. Il se pr\u00e9sente limpide et dor\u00e9, avec des nuances verd\u00e2tres et une concentration telle au point de r\u00e9v\u00e9ler une certaine viscosit\u00e9. Son ar\u00f4me est lui aussi impressionnant de par sa complexit\u00e9 et par le temps dont il a besoin, une fois dans le verre, jusqu\u2019\u00e0 r\u00e9v\u00e9ler tout son potentiel\u00a0; il pr\u00e9sente des notes iod\u00e9es, d\u2019amande, bois\u00e9es, d\u2019\u00e9pices, de fruits secs et de fruits \u00e0 coque, des ar\u00f4mes torr\u00e9fi\u00e9s, de fum\u00e9e, de caf\u00e9, de pain grill\u00e9, de chocolat et d\u2019herbes s\u00e8ches. Vin ferm\u00e9, doux, velout\u00e9 et de saveur compl\u00e8te en acidit\u00e9 et douceur, dans une harmonie exceptionnelle\u00a0; en fin de bouche dominent les amandes, le caf\u00e9 torr\u00e9fi\u00e9 et le pain grill\u00e9. Persistant, \u00e9quilibr\u00e9, frais et agr\u00e9able.<\/p>\n","protected":false},"featured_media":2133,"template":"","meta":[],"product_brand":[],"product_cat":[49,66],"product_tag":[],"class_list":{"0":"post-2606","1":"product","2":"type-product","3":"status-publish","4":"has-post-thumbnail","6":"product_cat-amavel-costa-fr","7":"product_cat-tawny-dage","9":"first","10":"instock","11":"taxable","12":"shipping-taxable","13":"purchasable","14":"product-type-simple"},"yoast_head":"<!-- This site is optimized with the Yoast SEO plugin v25.8 - https:\/\/yoast.com\/wordpress\/plugins\/seo\/ -->\n<title>Porto Tawny 40 ans D&#039;\u00e2ge - Am\u00e1vel Costa<\/title>\n<meta name=\"robots\" content=\"index, follow, max-snippet:-1, max-image-preview:large, max-video-preview:-1\" \/>\n<link rel=\"canonical\" href=\"https:\/\/amavelcosta.com\/fr\/produit\/porto-tawny-40-ans-dage\/\" \/>\n<meta property=\"og:locale\" content=\"fr_FR\" \/>\n<meta property=\"og:type\" content=\"article\" \/>\n<meta property=\"og:title\" content=\"Porto Tawny 40 ans D&#039;\u00e2ge - Am\u00e1vel Costa\" \/>\n<meta property=\"og:description\" content=\"Le vieillissement prolong\u00e9 en f\u00fbts et tonneaux de bois lui conf\u00e8re des qualit\u00e9s et des caract\u00e9ristiques singuli\u00e8res. Il se pr\u00e9sente limpide et dor\u00e9, avec des nuances verd\u00e2tres et une concentration telle au point de r\u00e9v\u00e9ler une certaine viscosit\u00e9. Son ar\u00f4me est lui aussi impressionnant de par sa complexit\u00e9 et par le temps dont il a besoin, une fois dans le verre, jusqu\u2019\u00e0 r\u00e9v\u00e9ler tout son potentiel\u00a0; il pr\u00e9sente des notes iod\u00e9es, d\u2019amande, bois\u00e9es, d\u2019\u00e9pices, de fruits secs et de fruits \u00e0 coque, des ar\u00f4mes torr\u00e9fi\u00e9s, de fum\u00e9e, de caf\u00e9, de pain grill\u00e9, de chocolat et d\u2019herbes s\u00e8ches. Vin ferm\u00e9, doux, velout\u00e9 et de saveur compl\u00e8te en acidit\u00e9 et douceur, dans une harmonie exceptionnelle\u00a0; en fin de bouche dominent les amandes, le caf\u00e9 torr\u00e9fi\u00e9 et le pain grill\u00e9. Persistant, \u00e9quilibr\u00e9, frais et agr\u00e9able.\" \/>\n<meta property=\"og:url\" content=\"https:\/\/amavelcosta.com\/fr\/produit\/porto-tawny-40-ans-dage\/\" \/>\n<meta property=\"og:site_name\" content=\"Am\u00e1vel Costa\" \/>\n<meta property=\"article:modified_time\" content=\"2021-10-28T15:51:32+00:00\" \/>\n<meta property=\"og:image\" content=\"https:\/\/amavelcosta.com\/wp-content\/uploads\/2021\/07\/AM-_0001s_0006_PORTO-TAWNY-40-ANOS.png\" \/>\n\t<meta property=\"og:image:width\" content=\"449\" \/>\n\t<meta property=\"og:image:height\" content=\"1080\" \/>\n\t<meta property=\"og:image:type\" content=\"image\/png\" \/>\n<meta name=\"twitter:card\" content=\"summary_large_image\" \/>\n<meta name=\"twitter:label1\" content=\"Dur\u00e9e de lecture estim\u00e9e\" \/>\n\t<meta name=\"twitter:data1\" content=\"1 minute\" \/>\n<script type=\"application\/ld+json\" class=\"yoast-schema-graph\">{\"@context\":\"https:\/\/schema.org\",\"@graph\":[{\"@type\":\"WebPage\",\"@id\":\"https:\/\/amavelcosta.com\/fr\/produit\/porto-tawny-40-ans-dage\/\",\"url\":\"https:\/\/amavelcosta.com\/fr\/produit\/porto-tawny-40-ans-dage\/\",\"name\":\"Porto Tawny 40 ans D'\u00e2ge - Am\u00e1vel Costa\",\"isPartOf\":{\"@id\":\"https:\/\/amavelcosta.com\/fr\/#website\"},\"primaryImageOfPage\":{\"@id\":\"https:\/\/amavelcosta.com\/fr\/produit\/porto-tawny-40-ans-dage\/#primaryimage\"},\"image\":{\"@id\":\"https:\/\/amavelcosta.com\/fr\/produit\/porto-tawny-40-ans-dage\/#primaryimage\"},\"thumbnailUrl\":\"https:\/\/amavelcosta.com\/wp-content\/uploads\/2021\/07\/AM-_0001s_0006_PORTO-TAWNY-40-ANOS.png\",\"datePublished\":\"2021-05-13T17:20:16+00:00\",\"dateModified\":\"2021-10-28T15:51:32+00:00\",\"breadcrumb\":{\"@id\":\"https:\/\/amavelcosta.com\/fr\/produit\/porto-tawny-40-ans-dage\/#breadcrumb\"},\"inLanguage\":\"fr-FR\",\"potentialAction\":[{\"@type\":\"ReadAction\",\"target\":[\"https:\/\/amavelcosta.com\/fr\/produit\/porto-tawny-40-ans-dage\/\"]}]},{\"@type\":\"ImageObject\",\"inLanguage\":\"fr-FR\",\"@id\":\"https:\/\/amavelcosta.com\/fr\/produit\/porto-tawny-40-ans-dage\/#primaryimage\",\"url\":\"https:\/\/amavelcosta.com\/wp-content\/uploads\/2021\/07\/AM-_0001s_0006_PORTO-TAWNY-40-ANOS.png\",\"contentUrl\":\"https:\/\/amavelcosta.com\/wp-content\/uploads\/2021\/07\/AM-_0001s_0006_PORTO-TAWNY-40-ANOS.png\",\"width\":449,\"height\":1080},{\"@type\":\"BreadcrumbList\",\"@id\":\"https:\/\/amavelcosta.com\/fr\/produit\/porto-tawny-40-ans-dage\/#breadcrumb\",\"itemListElement\":[{\"@type\":\"ListItem\",\"position\":1,\"name\":\"In\u00edcio\",\"item\":\"https:\/\/amavelcosta.com\/fr\/\"},{\"@type\":\"ListItem\",\"position\":2,\"name\":\"Boutique\",\"item\":\"https:\/\/amavelcosta.com\/fr\/boutique\/\"},{\"@type\":\"ListItem\",\"position\":3,\"name\":\"Porto Tawny 40 ans D&rsquo;\u00e2ge\"}]},{\"@type\":\"WebSite\",\"@id\":\"https:\/\/amavelcosta.com\/fr\/#website\",\"url\":\"https:\/\/amavelcosta.com\/fr\/\",\"name\":\"Am\u00e1vel Costa\",\"description\":\"Vinho do Porto\",\"publisher\":{\"@id\":\"https:\/\/amavelcosta.com\/fr\/#organization\"},\"potentialAction\":[{\"@type\":\"SearchAction\",\"target\":{\"@type\":\"EntryPoint\",\"urlTemplate\":\"https:\/\/amavelcosta.com\/fr\/?s={search_term_string}\"},\"query-input\":{\"@type\":\"PropertyValueSpecification\",\"valueRequired\":true,\"valueName\":\"search_term_string\"}}],\"inLanguage\":\"fr-FR\"},{\"@type\":\"Organization\",\"@id\":\"https:\/\/amavelcosta.com\/fr\/#organization\",\"name\":\"Am\u00e1vel Costa\",\"url\":\"https:\/\/amavelcosta.com\/fr\/\",\"logo\":{\"@type\":\"ImageObject\",\"inLanguage\":\"fr-FR\",\"@id\":\"https:\/\/amavelcosta.com\/fr\/#\/schema\/logo\/image\/\",\"url\":\"https:\/\/amavelcosta.com\/wp-content\/uploads\/2021\/05\/logo-amavel.png\",\"contentUrl\":\"https:\/\/amavelcosta.com\/wp-content\/uploads\/2021\/05\/logo-amavel.png\",\"width\":309,\"height\":132,\"caption\":\"Am\u00e1vel Costa\"},\"image\":{\"@id\":\"https:\/\/amavelcosta.com\/fr\/#\/schema\/logo\/image\/\"}}]}<\/script>\n<!-- \/ Yoast SEO plugin. -->","yoast_head_json":{"title":"Porto Tawny 40 ans D'\u00e2ge - Am\u00e1vel Costa","robots":{"index":"index","follow":"follow","max-snippet":"max-snippet:-1","max-image-preview":"max-image-preview:large","max-video-preview":"max-video-preview:-1"},"canonical":"https:\/\/amavelcosta.com\/fr\/produit\/porto-tawny-40-ans-dage\/","og_locale":"fr_FR","og_type":"article","og_title":"Porto Tawny 40 ans D'\u00e2ge - Am\u00e1vel Costa","og_description":"Le vieillissement prolong\u00e9 en f\u00fbts et tonneaux de bois lui conf\u00e8re des qualit\u00e9s et des caract\u00e9ristiques singuli\u00e8res. Il se pr\u00e9sente limpide et dor\u00e9, avec des nuances verd\u00e2tres et une concentration telle au point de r\u00e9v\u00e9ler une certaine viscosit\u00e9. Son ar\u00f4me est lui aussi impressionnant de par sa complexit\u00e9 et par le temps dont il a besoin, une fois dans le verre, jusqu\u2019\u00e0 r\u00e9v\u00e9ler tout son potentiel\u00a0; il pr\u00e9sente des notes iod\u00e9es, d\u2019amande, bois\u00e9es, d\u2019\u00e9pices, de fruits secs et de fruits \u00e0 coque, des ar\u00f4mes torr\u00e9fi\u00e9s, de fum\u00e9e, de caf\u00e9, de pain grill\u00e9, de chocolat et d\u2019herbes s\u00e8ches. Vin ferm\u00e9, doux, velout\u00e9 et de saveur compl\u00e8te en acidit\u00e9 et douceur, dans une harmonie exceptionnelle\u00a0; en fin de bouche dominent les amandes, le caf\u00e9 torr\u00e9fi\u00e9 et le pain grill\u00e9. Persistant, \u00e9quilibr\u00e9, frais et agr\u00e9able.","og_url":"https:\/\/amavelcosta.com\/fr\/produit\/porto-tawny-40-ans-dage\/","og_site_name":"Am\u00e1vel Costa","article_modified_time":"2021-10-28T15:51:32+00:00","og_image":[{"width":449,"height":1080,"url":"https:\/\/amavelcosta.com\/wp-content\/uploads\/2021\/07\/AM-_0001s_0006_PORTO-TAWNY-40-ANOS.png","type":"image\/png"}],"twitter_card":"summary_large_image","twitter_misc":{"Dur\u00e9e de lecture estim\u00e9e":"1 minute"},"schema":{"@context":"https:\/\/schema.org","@graph":[{"@type":"WebPage","@id":"https:\/\/amavelcosta.com\/fr\/produit\/porto-tawny-40-ans-dage\/","url":"https:\/\/amavelcosta.com\/fr\/produit\/porto-tawny-40-ans-dage\/","name":"Porto Tawny 40 ans D'\u00e2ge - Am\u00e1vel Costa","isPartOf":{"@id":"https:\/\/amavelcosta.com\/fr\/#website"},"primaryImageOfPage":{"@id":"https:\/\/amavelcosta.com\/fr\/produit\/porto-tawny-40-ans-dage\/#primaryimage"},"image":{"@id":"https:\/\/amavelcosta.com\/fr\/produit\/porto-tawny-40-ans-dage\/#primaryimage"},"thumbnailUrl":"https:\/\/amavelcosta.com\/wp-content\/uploads\/2021\/07\/AM-_0001s_0006_PORTO-TAWNY-40-ANOS.png","datePublished":"2021-05-13T17:20:16+00:00","dateModified":"2021-10-28T15:51:32+00:00","breadcrumb":{"@id":"https:\/\/amavelcosta.com\/fr\/produit\/porto-tawny-40-ans-dage\/#breadcrumb"},"inLanguage":"fr-FR","potentialAction":[{"@type":"ReadAction","target":["https:\/\/amavelcosta.com\/fr\/produit\/porto-tawny-40-ans-dage\/"]}]},{"@type":"ImageObject","inLanguage":"fr-FR","@id":"https:\/\/amavelcosta.com\/fr\/produit\/porto-tawny-40-ans-dage\/#primaryimage","url":"https:\/\/amavelcosta.com\/wp-content\/uploads\/2021\/07\/AM-_0001s_0006_PORTO-TAWNY-40-ANOS.png","contentUrl":"https:\/\/amavelcosta.com\/wp-content\/uploads\/2021\/07\/AM-_0001s_0006_PORTO-TAWNY-40-ANOS.png","width":449,"height":1080},{"@type":"BreadcrumbList","@id":"https:\/\/amavelcosta.com\/fr\/produit\/porto-tawny-40-ans-dage\/#breadcrumb","itemListElement":[{"@type":"ListItem","position":1,"name":"In\u00edcio","item":"https:\/\/amavelcosta.com\/fr\/"},{"@type":"ListItem","position":2,"name":"Boutique","item":"https:\/\/amavelcosta.com\/fr\/boutique\/"},{"@type":"ListItem","position":3,"name":"Porto Tawny 40 ans D&rsquo;\u00e2ge"}]},{"@type":"WebSite","@id":"https:\/\/amavelcosta.com\/fr\/#website","url":"https:\/\/amavelcosta.com\/fr\/","name":"Am\u00e1vel Costa","description":"Vinho do Porto","publisher":{"@id":"https:\/\/amavelcosta.com\/fr\/#organization"},"potentialAction":[{"@type":"SearchAction","target":{"@type":"EntryPoint","urlTemplate":"https:\/\/amavelcosta.com\/fr\/?s={search_term_string}"},"query-input":{"@type":"PropertyValueSpecification","valueRequired":true,"valueName":"search_term_string"}}],"inLanguage":"fr-FR"},{"@type":"Organization","@id":"https:\/\/amavelcosta.com\/fr\/#organization","name":"Am\u00e1vel Costa","url":"https:\/\/amavelcosta.com\/fr\/","logo":{"@type":"ImageObject","inLanguage":"fr-FR","@id":"https:\/\/amavelcosta.com\/fr\/#\/schema\/logo\/image\/","url":"https:\/\/amavelcosta.com\/wp-content\/uploads\/2021\/05\/logo-amavel.png","contentUrl":"https:\/\/amavelcosta.com\/wp-content\/uploads\/2021\/05\/logo-amavel.png","width":309,"height":132,"caption":"Am\u00e1vel Costa"},"image":{"@id":"https:\/\/amavelcosta.com\/fr\/#\/schema\/logo\/image\/"}}]}},"_links":{"self":[{"href":"https:\/\/amavelcosta.com\/fr\/wp-json\/wp\/v2\/product\/2606","targetHints":{"allow":["GET"]}}],"collection":[{"href":"https:\/\/amavelcosta.com\/fr\/wp-json\/wp\/v2\/product"}],"about":[{"href":"https:\/\/amavelcosta.com\/fr\/wp-json\/wp\/v2\/types\/product"}],"wp:featuredmedia":[{"embeddable":true,"href":"https:\/\/amavelcosta.com\/fr\/wp-json\/wp\/v2\/media\/2133"}],"wp:attachment":[{"href":"https:\/\/amavelcosta.com\/fr\/wp-json\/wp\/v2\/media?parent=2606"}],"wp:term":[{"taxonomy":"product_brand","embeddable":true,"href":"https:\/\/amavelcosta.com\/fr\/wp-json\/wp\/v2\/product_brand?post=2606"},{"taxonomy":"product_cat","embeddable":true,"href":"https:\/\/amavelcosta.com\/fr\/wp-json\/wp\/v2\/product_cat?post=2606"},{"taxonomy":"product_tag","embeddable":true,"href":"https:\/\/amavelcosta.com\/fr\/wp-json\/wp\/v2\/product_tag?post=2606"}],"curies":[{"name":"wp","href":"https:\/\/api.w.org\/{rel}","templated":true}]}}