{"id":2595,"date":"2021-05-13T16:48:29","date_gmt":"2021-05-13T16:48:29","guid":{"rendered":"https:\/\/amavelcosta.com\/product\/porto-tawny-20-anos\/"},"modified":"2021-10-28T16:42:45","modified_gmt":"2021-10-28T15:42:45","slug":"porto-tawny-20-ans-dage","status":"publish","type":"product","link":"https:\/\/amavelcosta.com\/fr\/produit\/porto-tawny-20-ans-dage\/","title":{"rendered":"Porto Tawny 20 ans D&rsquo;\u00e2ge"},"content":{"rendered":"<div class=\"wpb-content-wrapper\"><p>[vc_row][vc_column][vc_column_text css=\u00a0\u00bb.vc_custom_1635435692827{border-top-width: 2px !important;border-right-width: 2px !important;border-bottom-width: 2px !important;border-left-width: 2px !important;padding-top: 20px !important;padding-right: 20px !important;padding-bottom: 20px !important;padding-left: 20px !important;border-left-color: #000000 !important;border-left-style: solid !important;border-right-color: #000000 !important;border-right-style: solid !important;border-top-color: #000000 !important;border-top-style: solid !important;border-bottom-color: #000000 !important;border-bottom-style: solid !important;}\u00a0\u00bb]<\/p>\n<p style=\"text-align: center;\"><em>&lsquo;Aromas of beeswax and smoky wood accompany dried fruit and nutty scents. Icing sugar, dates and a lime backbone match caramel, spices and nut-brittle flavours.&rsquo; <\/em><a href=\"http:\/\/awards.decanter.com\/DWWA\/2016\/Wine\/330024?name=Am%C3%A1vel%20Costa-20%20Year%20Old%20Tawny-NV\" target=\"_blank\" rel=\"noopener\">DECANTER WORLD WINE AWARDS 2016<\/a><em><br \/>\n<\/em><\/p>\n<p>[\/vc_column_text][\/vc_column][\/vc_row]<\/p>\n<\/div>","protected":false},"excerpt":{"rendered":"<p>Complexe, \u00e9volu\u00e9, rempli d&rsquo;ar\u00f4mes tertiaires r\u00e9sultant d&rsquo;un vieillissement en f\u00fbt de ch\u00eane, puissant. Ar\u00f4me de fruits secs, de noix et amandes, \u00e9piceries, grill\u00e9 et nuances de vanille. Il est velout\u00e9 en bouche, se maintenant frais et avec le gout en accord avec les ar\u00f4mes pr\u00e9sent\u00e9s au nez. Terminant balsamique, long et persistant avec des tons de miels, puddings et fruits secs.<\/p>\n","protected":false},"featured_media":2099,"template":"","meta":[],"product_brand":[],"product_cat":[49,66],"product_tag":[],"class_list":{"0":"post-2595","1":"product","2":"type-product","3":"status-publish","4":"has-post-thumbnail","6":"product_cat-amavel-costa-fr","7":"product_cat-tawny-dage","9":"first","10":"instock","11":"taxable","12":"shipping-taxable","13":"purchasable","14":"product-type-simple"},"yoast_head":"<!-- This site is optimized with the Yoast SEO plugin v25.8 - https:\/\/yoast.com\/wordpress\/plugins\/seo\/ -->\n<title>Porto Tawny 20 ans D&#039;\u00e2ge - Am\u00e1vel Costa<\/title>\n<meta name=\"robots\" content=\"index, follow, max-snippet:-1, max-image-preview:large, max-video-preview:-1\" \/>\n<link rel=\"canonical\" href=\"https:\/\/amavelcosta.com\/fr\/produit\/porto-tawny-20-ans-dage\/\" \/>\n<meta property=\"og:locale\" content=\"fr_FR\" \/>\n<meta property=\"og:type\" content=\"article\" \/>\n<meta property=\"og:title\" content=\"Porto Tawny 20 ans D&#039;\u00e2ge - Am\u00e1vel Costa\" \/>\n<meta property=\"og:description\" content=\"Complexe, \u00e9volu\u00e9, rempli d&#039;ar\u00f4mes tertiaires r\u00e9sultant d&#039;un vieillissement en f\u00fbt de ch\u00eane, puissant. Ar\u00f4me de fruits secs, de noix et amandes, \u00e9piceries, grill\u00e9 et nuances de vanille. Il est velout\u00e9 en bouche, se maintenant frais et avec le gout en accord avec les ar\u00f4mes pr\u00e9sent\u00e9s au nez. Terminant balsamique, long et persistant avec des tons de miels, puddings et fruits secs.\" \/>\n<meta property=\"og:url\" content=\"https:\/\/amavelcosta.com\/fr\/produit\/porto-tawny-20-ans-dage\/\" \/>\n<meta property=\"og:site_name\" content=\"Am\u00e1vel Costa\" \/>\n<meta property=\"article:modified_time\" content=\"2021-10-28T15:42:45+00:00\" \/>\n<meta property=\"og:image\" content=\"https:\/\/amavelcosta.com\/wp-content\/uploads\/2021\/05\/bottle-amavel.png\" \/>\n\t<meta property=\"og:image:width\" content=\"466\" \/>\n\t<meta property=\"og:image:height\" content=\"1080\" \/>\n\t<meta property=\"og:image:type\" content=\"image\/png\" \/>\n<meta name=\"twitter:card\" content=\"summary_large_image\" \/>\n<script type=\"application\/ld+json\" class=\"yoast-schema-graph\">{\"@context\":\"https:\/\/schema.org\",\"@graph\":[{\"@type\":\"WebPage\",\"@id\":\"https:\/\/amavelcosta.com\/fr\/produit\/porto-tawny-20-ans-dage\/\",\"url\":\"https:\/\/amavelcosta.com\/fr\/produit\/porto-tawny-20-ans-dage\/\",\"name\":\"Porto Tawny 20 ans D'\u00e2ge - Am\u00e1vel Costa\",\"isPartOf\":{\"@id\":\"https:\/\/amavelcosta.com\/fr\/#website\"},\"primaryImageOfPage\":{\"@id\":\"https:\/\/amavelcosta.com\/fr\/produit\/porto-tawny-20-ans-dage\/#primaryimage\"},\"image\":{\"@id\":\"https:\/\/amavelcosta.com\/fr\/produit\/porto-tawny-20-ans-dage\/#primaryimage\"},\"thumbnailUrl\":\"https:\/\/amavelcosta.com\/wp-content\/uploads\/2021\/05\/bottle-amavel.png\",\"datePublished\":\"2021-05-13T16:48:29+00:00\",\"dateModified\":\"2021-10-28T15:42:45+00:00\",\"breadcrumb\":{\"@id\":\"https:\/\/amavelcosta.com\/fr\/produit\/porto-tawny-20-ans-dage\/#breadcrumb\"},\"inLanguage\":\"fr-FR\",\"potentialAction\":[{\"@type\":\"ReadAction\",\"target\":[\"https:\/\/amavelcosta.com\/fr\/produit\/porto-tawny-20-ans-dage\/\"]}]},{\"@type\":\"ImageObject\",\"inLanguage\":\"fr-FR\",\"@id\":\"https:\/\/amavelcosta.com\/fr\/produit\/porto-tawny-20-ans-dage\/#primaryimage\",\"url\":\"https:\/\/amavelcosta.com\/wp-content\/uploads\/2021\/05\/bottle-amavel.png\",\"contentUrl\":\"https:\/\/amavelcosta.com\/wp-content\/uploads\/2021\/05\/bottle-amavel.png\",\"width\":466,\"height\":1080},{\"@type\":\"BreadcrumbList\",\"@id\":\"https:\/\/amavelcosta.com\/fr\/produit\/porto-tawny-20-ans-dage\/#breadcrumb\",\"itemListElement\":[{\"@type\":\"ListItem\",\"position\":1,\"name\":\"In\u00edcio\",\"item\":\"https:\/\/amavelcosta.com\/fr\/\"},{\"@type\":\"ListItem\",\"position\":2,\"name\":\"Boutique\",\"item\":\"https:\/\/amavelcosta.com\/fr\/boutique\/\"},{\"@type\":\"ListItem\",\"position\":3,\"name\":\"Porto Tawny 20 ans D&rsquo;\u00e2ge\"}]},{\"@type\":\"WebSite\",\"@id\":\"https:\/\/amavelcosta.com\/fr\/#website\",\"url\":\"https:\/\/amavelcosta.com\/fr\/\",\"name\":\"Am\u00e1vel Costa\",\"description\":\"Vinho do Porto\",\"publisher\":{\"@id\":\"https:\/\/amavelcosta.com\/fr\/#organization\"},\"potentialAction\":[{\"@type\":\"SearchAction\",\"target\":{\"@type\":\"EntryPoint\",\"urlTemplate\":\"https:\/\/amavelcosta.com\/fr\/?s={search_term_string}\"},\"query-input\":{\"@type\":\"PropertyValueSpecification\",\"valueRequired\":true,\"valueName\":\"search_term_string\"}}],\"inLanguage\":\"fr-FR\"},{\"@type\":\"Organization\",\"@id\":\"https:\/\/amavelcosta.com\/fr\/#organization\",\"name\":\"Am\u00e1vel Costa\",\"url\":\"https:\/\/amavelcosta.com\/fr\/\",\"logo\":{\"@type\":\"ImageObject\",\"inLanguage\":\"fr-FR\",\"@id\":\"https:\/\/amavelcosta.com\/fr\/#\/schema\/logo\/image\/\",\"url\":\"https:\/\/amavelcosta.com\/wp-content\/uploads\/2021\/05\/logo-amavel.png\",\"contentUrl\":\"https:\/\/amavelcosta.com\/wp-content\/uploads\/2021\/05\/logo-amavel.png\",\"width\":309,\"height\":132,\"caption\":\"Am\u00e1vel Costa\"},\"image\":{\"@id\":\"https:\/\/amavelcosta.com\/fr\/#\/schema\/logo\/image\/\"}}]}<\/script>\n<!-- \/ Yoast SEO plugin. -->","yoast_head_json":{"title":"Porto Tawny 20 ans D'\u00e2ge - Am\u00e1vel Costa","robots":{"index":"index","follow":"follow","max-snippet":"max-snippet:-1","max-image-preview":"max-image-preview:large","max-video-preview":"max-video-preview:-1"},"canonical":"https:\/\/amavelcosta.com\/fr\/produit\/porto-tawny-20-ans-dage\/","og_locale":"fr_FR","og_type":"article","og_title":"Porto Tawny 20 ans D'\u00e2ge - Am\u00e1vel Costa","og_description":"Complexe, \u00e9volu\u00e9, rempli d'ar\u00f4mes tertiaires r\u00e9sultant d'un vieillissement en f\u00fbt de ch\u00eane, puissant. Ar\u00f4me de fruits secs, de noix et amandes, \u00e9piceries, grill\u00e9 et nuances de vanille. Il est velout\u00e9 en bouche, se maintenant frais et avec le gout en accord avec les ar\u00f4mes pr\u00e9sent\u00e9s au nez. Terminant balsamique, long et persistant avec des tons de miels, puddings et fruits secs.","og_url":"https:\/\/amavelcosta.com\/fr\/produit\/porto-tawny-20-ans-dage\/","og_site_name":"Am\u00e1vel Costa","article_modified_time":"2021-10-28T15:42:45+00:00","og_image":[{"width":466,"height":1080,"url":"https:\/\/amavelcosta.com\/wp-content\/uploads\/2021\/05\/bottle-amavel.png","type":"image\/png"}],"twitter_card":"summary_large_image","schema":{"@context":"https:\/\/schema.org","@graph":[{"@type":"WebPage","@id":"https:\/\/amavelcosta.com\/fr\/produit\/porto-tawny-20-ans-dage\/","url":"https:\/\/amavelcosta.com\/fr\/produit\/porto-tawny-20-ans-dage\/","name":"Porto Tawny 20 ans D'\u00e2ge - Am\u00e1vel Costa","isPartOf":{"@id":"https:\/\/amavelcosta.com\/fr\/#website"},"primaryImageOfPage":{"@id":"https:\/\/amavelcosta.com\/fr\/produit\/porto-tawny-20-ans-dage\/#primaryimage"},"image":{"@id":"https:\/\/amavelcosta.com\/fr\/produit\/porto-tawny-20-ans-dage\/#primaryimage"},"thumbnailUrl":"https:\/\/amavelcosta.com\/wp-content\/uploads\/2021\/05\/bottle-amavel.png","datePublished":"2021-05-13T16:48:29+00:00","dateModified":"2021-10-28T15:42:45+00:00","breadcrumb":{"@id":"https:\/\/amavelcosta.com\/fr\/produit\/porto-tawny-20-ans-dage\/#breadcrumb"},"inLanguage":"fr-FR","potentialAction":[{"@type":"ReadAction","target":["https:\/\/amavelcosta.com\/fr\/produit\/porto-tawny-20-ans-dage\/"]}]},{"@type":"ImageObject","inLanguage":"fr-FR","@id":"https:\/\/amavelcosta.com\/fr\/produit\/porto-tawny-20-ans-dage\/#primaryimage","url":"https:\/\/amavelcosta.com\/wp-content\/uploads\/2021\/05\/bottle-amavel.png","contentUrl":"https:\/\/amavelcosta.com\/wp-content\/uploads\/2021\/05\/bottle-amavel.png","width":466,"height":1080},{"@type":"BreadcrumbList","@id":"https:\/\/amavelcosta.com\/fr\/produit\/porto-tawny-20-ans-dage\/#breadcrumb","itemListElement":[{"@type":"ListItem","position":1,"name":"In\u00edcio","item":"https:\/\/amavelcosta.com\/fr\/"},{"@type":"ListItem","position":2,"name":"Boutique","item":"https:\/\/amavelcosta.com\/fr\/boutique\/"},{"@type":"ListItem","position":3,"name":"Porto Tawny 20 ans D&rsquo;\u00e2ge"}]},{"@type":"WebSite","@id":"https:\/\/amavelcosta.com\/fr\/#website","url":"https:\/\/amavelcosta.com\/fr\/","name":"Am\u00e1vel Costa","description":"Vinho do Porto","publisher":{"@id":"https:\/\/amavelcosta.com\/fr\/#organization"},"potentialAction":[{"@type":"SearchAction","target":{"@type":"EntryPoint","urlTemplate":"https:\/\/amavelcosta.com\/fr\/?s={search_term_string}"},"query-input":{"@type":"PropertyValueSpecification","valueRequired":true,"valueName":"search_term_string"}}],"inLanguage":"fr-FR"},{"@type":"Organization","@id":"https:\/\/amavelcosta.com\/fr\/#organization","name":"Am\u00e1vel Costa","url":"https:\/\/amavelcosta.com\/fr\/","logo":{"@type":"ImageObject","inLanguage":"fr-FR","@id":"https:\/\/amavelcosta.com\/fr\/#\/schema\/logo\/image\/","url":"https:\/\/amavelcosta.com\/wp-content\/uploads\/2021\/05\/logo-amavel.png","contentUrl":"https:\/\/amavelcosta.com\/wp-content\/uploads\/2021\/05\/logo-amavel.png","width":309,"height":132,"caption":"Am\u00e1vel Costa"},"image":{"@id":"https:\/\/amavelcosta.com\/fr\/#\/schema\/logo\/image\/"}}]}},"_links":{"self":[{"href":"https:\/\/amavelcosta.com\/fr\/wp-json\/wp\/v2\/product\/2595","targetHints":{"allow":["GET"]}}],"collection":[{"href":"https:\/\/amavelcosta.com\/fr\/wp-json\/wp\/v2\/product"}],"about":[{"href":"https:\/\/amavelcosta.com\/fr\/wp-json\/wp\/v2\/types\/product"}],"wp:featuredmedia":[{"embeddable":true,"href":"https:\/\/amavelcosta.com\/fr\/wp-json\/wp\/v2\/media\/2099"}],"wp:attachment":[{"href":"https:\/\/amavelcosta.com\/fr\/wp-json\/wp\/v2\/media?parent=2595"}],"wp:term":[{"taxonomy":"product_brand","embeddable":true,"href":"https:\/\/amavelcosta.com\/fr\/wp-json\/wp\/v2\/product_brand?post=2595"},{"taxonomy":"product_cat","embeddable":true,"href":"https:\/\/amavelcosta.com\/fr\/wp-json\/wp\/v2\/product_cat?post=2595"},{"taxonomy":"product_tag","embeddable":true,"href":"https:\/\/amavelcosta.com\/fr\/wp-json\/wp\/v2\/product_tag?post=2595"}],"curies":[{"name":"wp","href":"https:\/\/api.w.org\/{rel}","templated":true}]}}