{"id":2330,"date":"2021-04-28T16:51:46","date_gmt":"2021-04-28T16:51:46","guid":{"rendered":"https:\/\/amavelcosta.com\/as-nossas-quintas\/quinta-do-paraiso\/"},"modified":"2022-01-07T15:36:39","modified_gmt":"2022-01-07T15:36:39","slug":"quinta-do-paraiso","status":"publish","type":"page","link":"https:\/\/amavelcosta.com\/fr\/fermes-viticole\/quinta-do-paraiso\/","title":{"rendered":"Quinta do Para\u00edso"},"content":{"rendered":"<div class=\"wpb-content-wrapper\"><p>[vc_row el_id=\u00a0\u00bbfirst-row\u00a0\u00bb][vc_column width=\u00a0\u00bb5\/12&Prime; css=\u00a0\u00bb.vc_custom_1619781741177{margin-top: -50px !important;}\u00a0\u00bb el_class=\u00a0\u00bbimg-column\u00a0\u00bb][vc_single_image image=\u00a0\u00bb1695&Prime; img_size=\u00a0\u00bbfull\u00a0\u00bb alignment=\u00a0\u00bbcenter\u00a0\u00bb style=\u00a0\u00bbvc_box_border\u00a0\u00bb border_color=\u00a0\u00bbwhite\u00a0\u00bb][vc_custom_heading text=\u00a0\u00bbRAISIN AUTOCHTONE\u00a0\u00bb font_container=\u00a0\u00bbtag:p|font_size:12px|text_align:center\u00a0\u00bb use_theme_fonts=\u00a0\u00bbyes\u00a0\u00bb el_class=\u00a0\u00bbtext-uppercase\u00a0\u00bb css=\u00a0\u00bb.vc_custom_1640698421537{margin-top: -30px !important;}\u00a0\u00bb][\/vc_column][vc_column width=\u00a0\u00bb7\/12&Prime; css=\u00a0\u00bb.vc_custom_1619797171163{margin-top: 100px !important;}\u00a0\u00bb el_class=\u00a0\u00bbtxt-column\u00a0\u00bb][vc_single_image image=\u00a0\u00bb1375&Prime; alignment=\u00a0\u00bbcenter\u00a0\u00bb][vc_column_text]Il offre un paysage typique de la r\u00e9gion de Douro, accident\u00e9 sur des vignes en pente forte, illustrant ainsi le typique travail ardu que repr\u00e9sente la culture de ces vignobles, dans lesquels on trouve des c\u00e9pages blancs et rouges autochtones de la <strong>r\u00e9gion d\u00e9limit\u00e9e de Douro<\/strong>.<\/p>\n<p>Les plantations vont d\u2019un m\u00e9lange de c\u00e9pages en <strong>vieille vigne traditionnelle aux c\u00e9pages de Touriga Nacional, Touriga Franca<\/strong> et, entre autres, <strong>Tinta Barroca<\/strong>, tant aim\u00e9e par Agostinho Am\u00e1vel Costa.[\/vc_column_text][\/vc_column][\/vc_row][vc_row css=\u00a0\u00bb.vc_custom_1619801560412{margin-top: 50px !important;margin-bottom: 50px !important;}\u00a0\u00bb][vc_column width=\u00a0\u00bb1\/4&Prime;][\/vc_column][vc_column width=\u00a0\u00bb1\/2&Prime;]\n\t<div class=\"title-subtitle-box  \" style=\" text-align: center;\">\n\t\t<h2 style=\" font-size:16px; line-height: normal; color:#000000;  font-style: bold; text-transform: uppercase;\">Quinta do Para\u00edso<\/h2>\n\t<\/div> [vc_custom_heading text=\u00a0\u00bbUn \u00e9crin pour une histoire \u00e9crite avec l&rsquo;esprit et le d\u00e9vouement de 4 g\u00e9n\u00e9rations&#8230;\u00a0\u00bb font_container=\u00a0\u00bbtag:p|font_size:46|text_align:center|color:%23000000|line_height:1.5&Prime; google_fonts=\u00a0\u00bbfont_family:Playfair%20Display%3Aregular%2Citalic%2C700%2C700italic%2C900%2C900italic|font_style:400%20regular%3A400%3Anormal\u00a0\u00bb][\/vc_column][vc_column width=\u00a0\u00bb1\/4&Prime;][\/vc_column][\/vc_row][vc_row full_width=\u00a0\u00bbstretch_row_content_no_spaces\u00a0\u00bb][vc_column][vc_media_grid gap=\u00a0\u00bb0&Prime; item=\u00a0\u00bbmediaGrid_FadeInWithIcon\u00a0\u00bb grid_id=\u00a0\u00bbvc_gid:1641569685985-383b5e78-fb7a-10&Prime; include=\u00a0\u00bb1755,1744,3101,1417,1742,1745&Prime;][\/vc_column][\/vc_row][vc_row css=\u00a0\u00bb.vc_custom_1619801560412{margin-top: 50px !important;margin-bottom: 50px !important;}\u00a0\u00bb][vc_column width=\u00a0\u00bb1\/4&Prime;][\/vc_column][vc_column width=\u00a0\u00bb1\/2&Prime;][vc_custom_heading text=\u00a0\u00bb&#8230; dont les fondements reposent sur une alliance entre tradition et modernit\u00e9.\u00a0\u00bb font_container=\u00a0\u00bbtag:p|font_size:46|text_align:center|color:%23000000|line_height:1.5&Prime; google_fonts=\u00a0\u00bbfont_family:Playfair%20Display%3Aregular%2Citalic%2C700%2C700italic%2C900%2C900italic|font_style:400%20regular%3A400%3Anormal\u00a0\u00bb][\/vc_column][vc_column width=\u00a0\u00bb1\/4&Prime;][\/vc_column][\/vc_row]<\/p>\n<\/div>","protected":false},"excerpt":{"rendered":"<p>[vc_row el_id=\u00a0\u00bbfirst-row\u00a0\u00bb][vc_column width=\u00a0\u00bb5\/12&Prime; css=\u00a0\u00bb.vc_custom_1619781741177{margin-top: -50px !important;}\u00a0\u00bb el_class=\u00a0\u00bbimg-column\u00a0\u00bb][vc_single_image image=\u00a0\u00bb1695&Prime; img_size=\u00a0\u00bbfull\u00a0\u00bb alignment=\u00a0\u00bbcenter\u00a0\u00bb style=\u00a0\u00bbvc_box_border\u00a0\u00bb border_color=\u00a0\u00bbwhite\u00a0\u00bb][vc_custom_heading text=\u00a0\u00bbRAISIN AUTOCHTONE\u00a0\u00bb font_container=\u00a0\u00bbtag:p|font_size:12px|text_align:center\u00a0\u00bb use_theme_fonts=\u00a0\u00bbyes\u00a0\u00bb el_class=\u00a0\u00bbtext-uppercase\u00a0\u00bb css=\u00a0\u00bb.vc_custom_1640698421537{margin-top: -30px !important;}\u00a0\u00bb][\/vc_column][vc_column width=\u00a0\u00bb7\/12&Prime; css=\u00a0\u00bb.vc_custom_1619797171163{margin-top: 100px !important;}\u00a0\u00bb el_class=\u00a0\u00bbtxt-column\u00a0\u00bb][vc_single_image image=\u00a0\u00bb1375&Prime; alignment=\u00a0\u00bbcenter\u00a0\u00bb][vc_column_text]Il offre un paysage typique de la r\u00e9gion de Douro, accident\u00e9 sur des vignes en pente forte, illustrant ainsi le typique travail ardu que repr\u00e9sente la culture de ces<br class=\"read-more-spacer\"> <a class=\"more-link\" href=\"https:\/\/amavelcosta.com\/fr\/fermes-viticole\/quinta-do-paraiso\/\">Read More<\/a><\/p>\n","protected":false},"author":1,"featured_media":2257,"parent":2326,"menu_order":0,"comment_status":"closed","ping_status":"closed","template":"","meta":{"footnotes":""},"class_list":["post-2330","page","type-page","status-publish","has-post-thumbnail","hentry"],"yoast_head":"<!-- This site is optimized with the Yoast SEO plugin v25.8 - https:\/\/yoast.com\/wordpress\/plugins\/seo\/ -->\n<title>Quinta do Para\u00edso - Am\u00e1vel Costa<\/title>\n<meta name=\"description\" content=\"Il doit son nom \u00e0 la beaut\u00e9 du paysage environnant (\u00ab para\u00edso \u00bb signifiant paradis). Situ\u00e9 \u00e9galement dans la r\u00e9gion du Haut-Douro (Douro sup\u00e9rieur), \u00e0 proximit\u00e9 de la commune de Cedovim, canton de Vila Nova de Foz C\u00f4a, il poss\u00e8de 11 hectares de surface de production.\" \/>\n<meta name=\"robots\" content=\"index, follow, max-snippet:-1, max-image-preview:large, max-video-preview:-1\" \/>\n<link rel=\"canonical\" href=\"https:\/\/amavelcosta.com\/fr\/fermes-viticole\/quinta-do-paraiso\/\" \/>\n<meta property=\"og:locale\" content=\"fr_FR\" \/>\n<meta property=\"og:type\" content=\"article\" \/>\n<meta property=\"og:title\" content=\"Quinta do Para\u00edso - Am\u00e1vel Costa\" \/>\n<meta property=\"og:description\" content=\"Il doit son nom \u00e0 la beaut\u00e9 du paysage environnant (\u00ab para\u00edso \u00bb signifiant paradis). Situ\u00e9 \u00e9galement dans la r\u00e9gion du Haut-Douro (Douro sup\u00e9rieur), \u00e0 proximit\u00e9 de la commune de Cedovim, canton de Vila Nova de Foz C\u00f4a, il poss\u00e8de 11 hectares de surface de production.\" \/>\n<meta property=\"og:url\" content=\"https:\/\/amavelcosta.com\/fr\/fermes-viticole\/quinta-do-paraiso\/\" \/>\n<meta property=\"og:site_name\" content=\"Am\u00e1vel Costa\" \/>\n<meta property=\"article:modified_time\" content=\"2022-01-07T15:36:39+00:00\" \/>\n<meta property=\"og:image\" content=\"https:\/\/amavelcosta.com\/wp-content\/uploads\/2021\/09\/qta-paraiso-1.jpg\" \/>\n\t<meta property=\"og:image:width\" content=\"1600\" \/>\n\t<meta property=\"og:image:height\" content=\"750\" \/>\n\t<meta property=\"og:image:type\" content=\"image\/jpeg\" \/>\n<meta name=\"twitter:card\" content=\"summary_large_image\" \/>\n<meta name=\"twitter:label1\" content=\"Dur\u00e9e de lecture estim\u00e9e\" \/>\n\t<meta name=\"twitter:data1\" content=\"1 minute\" \/>\n<script type=\"application\/ld+json\" class=\"yoast-schema-graph\">{\"@context\":\"https:\/\/schema.org\",\"@graph\":[{\"@type\":\"WebPage\",\"@id\":\"https:\/\/amavelcosta.com\/fr\/fermes-viticole\/quinta-do-paraiso\/\",\"url\":\"https:\/\/amavelcosta.com\/fr\/fermes-viticole\/quinta-do-paraiso\/\",\"name\":\"Quinta do Para\u00edso - Am\u00e1vel Costa\",\"isPartOf\":{\"@id\":\"https:\/\/amavelcosta.com\/fr\/#website\"},\"primaryImageOfPage\":{\"@id\":\"https:\/\/amavelcosta.com\/fr\/fermes-viticole\/quinta-do-paraiso\/#primaryimage\"},\"image\":{\"@id\":\"https:\/\/amavelcosta.com\/fr\/fermes-viticole\/quinta-do-paraiso\/#primaryimage\"},\"thumbnailUrl\":\"https:\/\/amavelcosta.com\/wp-content\/uploads\/2021\/09\/qta-paraiso-1.jpg\",\"datePublished\":\"2021-04-28T16:51:46+00:00\",\"dateModified\":\"2022-01-07T15:36:39+00:00\",\"description\":\"Il doit son nom \u00e0 la beaut\u00e9 du paysage environnant (\u00ab para\u00edso \u00bb signifiant paradis). Situ\u00e9 \u00e9galement dans la r\u00e9gion du Haut-Douro (Douro sup\u00e9rieur), \u00e0 proximit\u00e9 de la commune de Cedovim, canton de Vila Nova de Foz C\u00f4a, il poss\u00e8de 11 hectares de surface de production.\",\"breadcrumb\":{\"@id\":\"https:\/\/amavelcosta.com\/fr\/fermes-viticole\/quinta-do-paraiso\/#breadcrumb\"},\"inLanguage\":\"fr-FR\",\"potentialAction\":[{\"@type\":\"ReadAction\",\"target\":[\"https:\/\/amavelcosta.com\/fr\/fermes-viticole\/quinta-do-paraiso\/\"]}]},{\"@type\":\"ImageObject\",\"inLanguage\":\"fr-FR\",\"@id\":\"https:\/\/amavelcosta.com\/fr\/fermes-viticole\/quinta-do-paraiso\/#primaryimage\",\"url\":\"https:\/\/amavelcosta.com\/wp-content\/uploads\/2021\/09\/qta-paraiso-1.jpg\",\"contentUrl\":\"https:\/\/amavelcosta.com\/wp-content\/uploads\/2021\/09\/qta-paraiso-1.jpg\",\"width\":1600,\"height\":750},{\"@type\":\"BreadcrumbList\",\"@id\":\"https:\/\/amavelcosta.com\/fr\/fermes-viticole\/quinta-do-paraiso\/#breadcrumb\",\"itemListElement\":[{\"@type\":\"ListItem\",\"position\":1,\"name\":\"In\u00edcio\",\"item\":\"https:\/\/amavelcosta.com\/fr\/\"},{\"@type\":\"ListItem\",\"position\":2,\"name\":\"Fermes Viticole\",\"item\":\"https:\/\/amavelcosta.com\/fr\/fermes-viticole\/\"},{\"@type\":\"ListItem\",\"position\":3,\"name\":\"Quinta do Para\u00edso\"}]},{\"@type\":\"WebSite\",\"@id\":\"https:\/\/amavelcosta.com\/fr\/#website\",\"url\":\"https:\/\/amavelcosta.com\/fr\/\",\"name\":\"Am\u00e1vel Costa\",\"description\":\"Vinho do Porto\",\"publisher\":{\"@id\":\"https:\/\/amavelcosta.com\/fr\/#organization\"},\"potentialAction\":[{\"@type\":\"SearchAction\",\"target\":{\"@type\":\"EntryPoint\",\"urlTemplate\":\"https:\/\/amavelcosta.com\/fr\/?s={search_term_string}\"},\"query-input\":{\"@type\":\"PropertyValueSpecification\",\"valueRequired\":true,\"valueName\":\"search_term_string\"}}],\"inLanguage\":\"fr-FR\"},{\"@type\":\"Organization\",\"@id\":\"https:\/\/amavelcosta.com\/fr\/#organization\",\"name\":\"Am\u00e1vel Costa\",\"url\":\"https:\/\/amavelcosta.com\/fr\/\",\"logo\":{\"@type\":\"ImageObject\",\"inLanguage\":\"fr-FR\",\"@id\":\"https:\/\/amavelcosta.com\/fr\/#\/schema\/logo\/image\/\",\"url\":\"https:\/\/amavelcosta.com\/wp-content\/uploads\/2021\/05\/logo-amavel.png\",\"contentUrl\":\"https:\/\/amavelcosta.com\/wp-content\/uploads\/2021\/05\/logo-amavel.png\",\"width\":309,\"height\":132,\"caption\":\"Am\u00e1vel Costa\"},\"image\":{\"@id\":\"https:\/\/amavelcosta.com\/fr\/#\/schema\/logo\/image\/\"}}]}<\/script>\n<!-- \/ Yoast SEO plugin. -->","yoast_head_json":{"title":"Quinta do Para\u00edso - Am\u00e1vel Costa","description":"Il doit son nom \u00e0 la beaut\u00e9 du paysage environnant (\u00ab para\u00edso \u00bb signifiant paradis). Situ\u00e9 \u00e9galement dans la r\u00e9gion du Haut-Douro (Douro sup\u00e9rieur), \u00e0 proximit\u00e9 de la commune de Cedovim, canton de Vila Nova de Foz C\u00f4a, il poss\u00e8de 11 hectares de surface de production.","robots":{"index":"index","follow":"follow","max-snippet":"max-snippet:-1","max-image-preview":"max-image-preview:large","max-video-preview":"max-video-preview:-1"},"canonical":"https:\/\/amavelcosta.com\/fr\/fermes-viticole\/quinta-do-paraiso\/","og_locale":"fr_FR","og_type":"article","og_title":"Quinta do Para\u00edso - Am\u00e1vel Costa","og_description":"Il doit son nom \u00e0 la beaut\u00e9 du paysage environnant (\u00ab para\u00edso \u00bb signifiant paradis). Situ\u00e9 \u00e9galement dans la r\u00e9gion du Haut-Douro (Douro sup\u00e9rieur), \u00e0 proximit\u00e9 de la commune de Cedovim, canton de Vila Nova de Foz C\u00f4a, il poss\u00e8de 11 hectares de surface de production.","og_url":"https:\/\/amavelcosta.com\/fr\/fermes-viticole\/quinta-do-paraiso\/","og_site_name":"Am\u00e1vel Costa","article_modified_time":"2022-01-07T15:36:39+00:00","og_image":[{"width":1600,"height":750,"url":"https:\/\/amavelcosta.com\/wp-content\/uploads\/2021\/09\/qta-paraiso-1.jpg","type":"image\/jpeg"}],"twitter_card":"summary_large_image","twitter_misc":{"Dur\u00e9e de lecture estim\u00e9e":"1 minute"},"schema":{"@context":"https:\/\/schema.org","@graph":[{"@type":"WebPage","@id":"https:\/\/amavelcosta.com\/fr\/fermes-viticole\/quinta-do-paraiso\/","url":"https:\/\/amavelcosta.com\/fr\/fermes-viticole\/quinta-do-paraiso\/","name":"Quinta do Para\u00edso - Am\u00e1vel Costa","isPartOf":{"@id":"https:\/\/amavelcosta.com\/fr\/#website"},"primaryImageOfPage":{"@id":"https:\/\/amavelcosta.com\/fr\/fermes-viticole\/quinta-do-paraiso\/#primaryimage"},"image":{"@id":"https:\/\/amavelcosta.com\/fr\/fermes-viticole\/quinta-do-paraiso\/#primaryimage"},"thumbnailUrl":"https:\/\/amavelcosta.com\/wp-content\/uploads\/2021\/09\/qta-paraiso-1.jpg","datePublished":"2021-04-28T16:51:46+00:00","dateModified":"2022-01-07T15:36:39+00:00","description":"Il doit son nom \u00e0 la beaut\u00e9 du paysage environnant (\u00ab para\u00edso \u00bb signifiant paradis). Situ\u00e9 \u00e9galement dans la r\u00e9gion du Haut-Douro (Douro sup\u00e9rieur), \u00e0 proximit\u00e9 de la commune de Cedovim, canton de Vila Nova de Foz C\u00f4a, il poss\u00e8de 11 hectares de surface de production.","breadcrumb":{"@id":"https:\/\/amavelcosta.com\/fr\/fermes-viticole\/quinta-do-paraiso\/#breadcrumb"},"inLanguage":"fr-FR","potentialAction":[{"@type":"ReadAction","target":["https:\/\/amavelcosta.com\/fr\/fermes-viticole\/quinta-do-paraiso\/"]}]},{"@type":"ImageObject","inLanguage":"fr-FR","@id":"https:\/\/amavelcosta.com\/fr\/fermes-viticole\/quinta-do-paraiso\/#primaryimage","url":"https:\/\/amavelcosta.com\/wp-content\/uploads\/2021\/09\/qta-paraiso-1.jpg","contentUrl":"https:\/\/amavelcosta.com\/wp-content\/uploads\/2021\/09\/qta-paraiso-1.jpg","width":1600,"height":750},{"@type":"BreadcrumbList","@id":"https:\/\/amavelcosta.com\/fr\/fermes-viticole\/quinta-do-paraiso\/#breadcrumb","itemListElement":[{"@type":"ListItem","position":1,"name":"In\u00edcio","item":"https:\/\/amavelcosta.com\/fr\/"},{"@type":"ListItem","position":2,"name":"Fermes Viticole","item":"https:\/\/amavelcosta.com\/fr\/fermes-viticole\/"},{"@type":"ListItem","position":3,"name":"Quinta do Para\u00edso"}]},{"@type":"WebSite","@id":"https:\/\/amavelcosta.com\/fr\/#website","url":"https:\/\/amavelcosta.com\/fr\/","name":"Am\u00e1vel Costa","description":"Vinho do Porto","publisher":{"@id":"https:\/\/amavelcosta.com\/fr\/#organization"},"potentialAction":[{"@type":"SearchAction","target":{"@type":"EntryPoint","urlTemplate":"https:\/\/amavelcosta.com\/fr\/?s={search_term_string}"},"query-input":{"@type":"PropertyValueSpecification","valueRequired":true,"valueName":"search_term_string"}}],"inLanguage":"fr-FR"},{"@type":"Organization","@id":"https:\/\/amavelcosta.com\/fr\/#organization","name":"Am\u00e1vel Costa","url":"https:\/\/amavelcosta.com\/fr\/","logo":{"@type":"ImageObject","inLanguage":"fr-FR","@id":"https:\/\/amavelcosta.com\/fr\/#\/schema\/logo\/image\/","url":"https:\/\/amavelcosta.com\/wp-content\/uploads\/2021\/05\/logo-amavel.png","contentUrl":"https:\/\/amavelcosta.com\/wp-content\/uploads\/2021\/05\/logo-amavel.png","width":309,"height":132,"caption":"Am\u00e1vel Costa"},"image":{"@id":"https:\/\/amavelcosta.com\/fr\/#\/schema\/logo\/image\/"}}]}},"_links":{"self":[{"href":"https:\/\/amavelcosta.com\/fr\/wp-json\/wp\/v2\/pages\/2330","targetHints":{"allow":["GET"]}}],"collection":[{"href":"https:\/\/amavelcosta.com\/fr\/wp-json\/wp\/v2\/pages"}],"about":[{"href":"https:\/\/amavelcosta.com\/fr\/wp-json\/wp\/v2\/types\/page"}],"author":[{"embeddable":true,"href":"https:\/\/amavelcosta.com\/fr\/wp-json\/wp\/v2\/users\/1"}],"replies":[{"embeddable":true,"href":"https:\/\/amavelcosta.com\/fr\/wp-json\/wp\/v2\/comments?post=2330"}],"version-history":[{"count":6,"href":"https:\/\/amavelcosta.com\/fr\/wp-json\/wp\/v2\/pages\/2330\/revisions"}],"predecessor-version":[{"id":3104,"href":"https:\/\/amavelcosta.com\/fr\/wp-json\/wp\/v2\/pages\/2330\/revisions\/3104"}],"up":[{"embeddable":true,"href":"https:\/\/amavelcosta.com\/fr\/wp-json\/wp\/v2\/pages\/2326"}],"wp:featuredmedia":[{"embeddable":true,"href":"https:\/\/amavelcosta.com\/fr\/wp-json\/wp\/v2\/media\/2257"}],"wp:attachment":[{"href":"https:\/\/amavelcosta.com\/fr\/wp-json\/wp\/v2\/media?parent=2330"}],"curies":[{"name":"wp","href":"https:\/\/api.w.org\/{rel}","templated":true}]}}