{"id":2328,"date":"2021-04-28T16:49:24","date_gmt":"2021-04-28T16:49:24","guid":{"rendered":"https:\/\/amavelcosta.com\/as-nossas-quintas\/quinta-da-veiga-grande\/"},"modified":"2021-12-28T17:42:06","modified_gmt":"2021-12-28T17:42:06","slug":"quinta-da-veiga-grande","status":"publish","type":"page","link":"https:\/\/amavelcosta.com\/fr\/fermes-viticole\/quinta-da-veiga-grande\/","title":{"rendered":"Quinta da Veiga Grande"},"content":{"rendered":"<div class=\"wpb-content-wrapper\"><p>[vc_row el_id=\u00a0\u00bbfirst-row\u00a0\u00bb][vc_column width=\u00a0\u00bb5\/12&Prime; css=\u00a0\u00bb.vc_custom_1619781741177{margin-top: -50px !important;}\u00a0\u00bb el_class=\u00a0\u00bbimg-column\u00a0\u00bb][vc_single_image image=\u00a0\u00bb1409&Prime; img_size=\u00a0\u00bbfull\u00a0\u00bb alignment=\u00a0\u00bbcenter\u00a0\u00bb style=\u00a0\u00bbvc_box_border\u00a0\u00bb border_color=\u00a0\u00bbwhite\u00a0\u00bb][vc_custom_heading text=\u00a0\u00bbRAISINS AUTOCHTONES\u00a0\u00bb font_container=\u00a0\u00bbtag:p|font_size:12px|text_align:center\u00a0\u00bb use_theme_fonts=\u00a0\u00bbyes\u00a0\u00bb el_class=\u00a0\u00bbtext-uppercase\u00a0\u00bb css=\u00a0\u00bb.vc_custom_1640698198606{margin-top: -30px !important;}\u00a0\u00bb][\/vc_column][vc_column width=\u00a0\u00bb7\/12&Prime; css=\u00a0\u00bb.vc_custom_1619797171163{margin-top: 100px !important;}\u00a0\u00bb el_class=\u00a0\u00bbtxt-column\u00a0\u00bb][vc_single_image image=\u00a0\u00bb1375&Prime; alignment=\u00a0\u00bbcenter\u00a0\u00bb][vc_column_text]Un lieu privil\u00e9gi\u00e9, o\u00f9 l\u2019on reconna\u00eet le savoir investi par la famille dans le traitement de ses vignobles. Ici, sont plant\u00e9s des c\u00e9pages autochtones de la <strong>r\u00e9gion d\u00e9limit\u00e9e de Douro, allant du Tinta Barroca, du Touriga Nacional, du Touriga Franca, du Tinta Roriz<\/strong> \u00e0 un m\u00e9lange de c\u00e9pages en vieille vigne, desquels naissent les vins rouges.<\/p>\n<p>Quant \u00e0 la production de vins blancs, on trouve au domaine Quinta da Veiga un excellent m\u00e9lange de c\u00e9pages en vieille vigne ; on peut toutefois \u00e9num\u00e9rer quelques c\u00e9pages plant\u00e9s s\u00e9par\u00e9ment, notamment le <strong>Viosinho, le Malvasia Fina, le Malvasia Rei, le Verdelho, le C\u00f3dega et le Rabo de Ovelha<\/strong>.[\/vc_column_text][\/vc_column][\/vc_row][vc_row css=\u00a0\u00bb.vc_custom_1619801560412{margin-top: 50px !important;margin-bottom: 50px !important;}\u00a0\u00bb][vc_column width=\u00a0\u00bb1\/4&Prime;][\/vc_column][vc_column width=\u00a0\u00bb1\/2&Prime;]\n\t<div class=\"title-subtitle-box  \" style=\" text-align: center;\">\n\t\t<h2 style=\" font-size:16px; line-height: normal; color:#000000;  font-style: bold; text-transform: uppercase;\">Quinta da Veiga Grande<\/h2>\n\t<\/div> [vc_custom_heading text=\u00a0\u00bbUn lieu privil\u00e9gi\u00e9 o\u00f9 la mati\u00e8re premi\u00e8re est valoris\u00e9e&#8230;\u00a0\u00bb font_container=\u00a0\u00bbtag:p|font_size:46|text_align:center|color:%23000000|line_height:1.5&Prime; google_fonts=\u00a0\u00bbfont_family:Playfair%20Display%3Aregular%2Citalic%2C700%2C700italic%2C900%2C900italic|font_style:400%20regular%3A400%3Anormal\u00a0\u00bb][\/vc_column][vc_column width=\u00a0\u00bb1\/4&Prime;][\/vc_column][\/vc_row][vc_row full_width=\u00a0\u00bbstretch_row_content_no_spaces\u00a0\u00bb][vc_column][vc_media_grid gap=\u00a0\u00bb0&Prime; item=\u00a0\u00bbmediaGrid_FadeInWithIcon\u00a0\u00bb grid_id=\u00a0\u00bbvc_gid:1640698169670-17f08017-5621-4&Prime; include=\u00a0\u00bb1688,1689,1690,1691,1692,1693&Prime;][\/vc_column][\/vc_row][vc_row css=\u00a0\u00bb.vc_custom_1619801560412{margin-top: 50px !important;margin-bottom: 50px !important;}\u00a0\u00bb][vc_column width=\u00a0\u00bb1\/4&Prime;][\/vc_column][vc_column width=\u00a0\u00bb1\/2&Prime;][vc_custom_heading text=\u00a0\u00bb&#8230; avec la connaissance et le d\u00e9vouement depuis quatre g\u00e9n\u00e9rations.\u00a0\u00bb font_container=\u00a0\u00bbtag:p|font_size:46|text_align:center|color:%23000000|line_height:1.5&Prime; google_fonts=\u00a0\u00bbfont_family:Playfair%20Display%3Aregular%2Citalic%2C700%2C700italic%2C900%2C900italic|font_style:400%20regular%3A400%3Anormal\u00a0\u00bb][\/vc_column][vc_column width=\u00a0\u00bb1\/4&Prime;][\/vc_column][\/vc_row]<\/p>\n<\/div>","protected":false},"excerpt":{"rendered":"<p>[vc_row el_id=\u00a0\u00bbfirst-row\u00a0\u00bb][vc_column width=\u00a0\u00bb5\/12&Prime; css=\u00a0\u00bb.vc_custom_1619781741177{margin-top: -50px !important;}\u00a0\u00bb el_class=\u00a0\u00bbimg-column\u00a0\u00bb][vc_single_image image=\u00a0\u00bb1409&Prime; img_size=\u00a0\u00bbfull\u00a0\u00bb alignment=\u00a0\u00bbcenter\u00a0\u00bb style=\u00a0\u00bbvc_box_border\u00a0\u00bb border_color=\u00a0\u00bbwhite\u00a0\u00bb][vc_custom_heading text=\u00a0\u00bbRAISINS AUTOCHTONES\u00a0\u00bb font_container=\u00a0\u00bbtag:p|font_size:12px|text_align:center\u00a0\u00bb use_theme_fonts=\u00a0\u00bbyes\u00a0\u00bb el_class=\u00a0\u00bbtext-uppercase\u00a0\u00bb css=\u00a0\u00bb.vc_custom_1640698198606{margin-top: -30px !important;}\u00a0\u00bb][\/vc_column][vc_column width=\u00a0\u00bb7\/12&Prime; css=\u00a0\u00bb.vc_custom_1619797171163{margin-top: 100px !important;}\u00a0\u00bb el_class=\u00a0\u00bbtxt-column\u00a0\u00bb][vc_single_image image=\u00a0\u00bb1375&Prime; alignment=\u00a0\u00bbcenter\u00a0\u00bb][vc_column_text]Un lieu privil\u00e9gi\u00e9, o\u00f9 l\u2019on reconna\u00eet le savoir investi par la famille dans le traitement de ses vignobles. Ici, sont plant\u00e9s des c\u00e9pages autochtones de la r\u00e9gion d\u00e9limit\u00e9e de<br class=\"read-more-spacer\"> <a class=\"more-link\" href=\"https:\/\/amavelcosta.com\/fr\/fermes-viticole\/quinta-da-veiga-grande\/\">Read More<\/a><\/p>\n","protected":false},"author":1,"featured_media":2269,"parent":2326,"menu_order":0,"comment_status":"closed","ping_status":"closed","template":"","meta":{"footnotes":""},"class_list":["post-2328","page","type-page","status-publish","has-post-thumbnail","hentry"],"yoast_head":"<!-- This site is optimized with the Yoast SEO plugin v25.8 - https:\/\/yoast.com\/wordpress\/plugins\/seo\/ -->\n<title>Quinta da Veiga Grande - Am\u00e1vel Costa<\/title>\n<meta name=\"description\" content=\"Situ\u00e9 \u00e0 Vale da Teja, vall\u00e9e qui doit son nom au ruisseau Teja qui la traverse, dans le canton de Vila Nova Foz C\u00f4a, dans le Haut-Douro, c\u2019est le domaine familial le plus ancien, avec une aire de plantation de 18 hectares de vigne classique.\" \/>\n<meta name=\"robots\" content=\"index, follow, max-snippet:-1, max-image-preview:large, max-video-preview:-1\" \/>\n<link rel=\"canonical\" href=\"https:\/\/amavelcosta.com\/fr\/fermes-viticole\/quinta-da-veiga-grande\/\" \/>\n<meta property=\"og:locale\" content=\"fr_FR\" \/>\n<meta property=\"og:type\" content=\"article\" \/>\n<meta property=\"og:title\" content=\"Quinta da Veiga Grande - Am\u00e1vel Costa\" \/>\n<meta property=\"og:description\" content=\"Situ\u00e9 \u00e0 Vale da Teja, vall\u00e9e qui doit son nom au ruisseau Teja qui la traverse, dans le canton de Vila Nova Foz C\u00f4a, dans le Haut-Douro, c\u2019est le domaine familial le plus ancien, avec une aire de plantation de 18 hectares de vigne classique.\" \/>\n<meta property=\"og:url\" content=\"https:\/\/amavelcosta.com\/fr\/fermes-viticole\/quinta-da-veiga-grande\/\" \/>\n<meta property=\"og:site_name\" content=\"Am\u00e1vel Costa\" \/>\n<meta property=\"article:modified_time\" content=\"2021-12-28T17:42:06+00:00\" \/>\n<meta property=\"og:image\" content=\"https:\/\/amavelcosta.com\/wp-content\/uploads\/2021\/09\/qta-veiga-grande.jpg\" \/>\n\t<meta property=\"og:image:width\" content=\"1600\" \/>\n\t<meta property=\"og:image:height\" content=\"750\" \/>\n\t<meta property=\"og:image:type\" content=\"image\/jpeg\" \/>\n<meta name=\"twitter:card\" content=\"summary_large_image\" \/>\n<meta name=\"twitter:label1\" content=\"Dur\u00e9e de lecture estim\u00e9e\" \/>\n\t<meta name=\"twitter:data1\" content=\"1 minute\" \/>\n<script type=\"application\/ld+json\" class=\"yoast-schema-graph\">{\"@context\":\"https:\/\/schema.org\",\"@graph\":[{\"@type\":\"WebPage\",\"@id\":\"https:\/\/amavelcosta.com\/fr\/fermes-viticole\/quinta-da-veiga-grande\/\",\"url\":\"https:\/\/amavelcosta.com\/fr\/fermes-viticole\/quinta-da-veiga-grande\/\",\"name\":\"Quinta da Veiga Grande - Am\u00e1vel Costa\",\"isPartOf\":{\"@id\":\"https:\/\/amavelcosta.com\/fr\/#website\"},\"primaryImageOfPage\":{\"@id\":\"https:\/\/amavelcosta.com\/fr\/fermes-viticole\/quinta-da-veiga-grande\/#primaryimage\"},\"image\":{\"@id\":\"https:\/\/amavelcosta.com\/fr\/fermes-viticole\/quinta-da-veiga-grande\/#primaryimage\"},\"thumbnailUrl\":\"https:\/\/amavelcosta.com\/wp-content\/uploads\/2021\/09\/qta-veiga-grande.jpg\",\"datePublished\":\"2021-04-28T16:49:24+00:00\",\"dateModified\":\"2021-12-28T17:42:06+00:00\",\"description\":\"Situ\u00e9 \u00e0 Vale da Teja, vall\u00e9e qui doit son nom au ruisseau Teja qui la traverse, dans le canton de Vila Nova Foz C\u00f4a, dans le Haut-Douro, c\u2019est le domaine familial le plus ancien, avec une aire de plantation de 18 hectares de vigne classique.\",\"breadcrumb\":{\"@id\":\"https:\/\/amavelcosta.com\/fr\/fermes-viticole\/quinta-da-veiga-grande\/#breadcrumb\"},\"inLanguage\":\"fr-FR\",\"potentialAction\":[{\"@type\":\"ReadAction\",\"target\":[\"https:\/\/amavelcosta.com\/fr\/fermes-viticole\/quinta-da-veiga-grande\/\"]}]},{\"@type\":\"ImageObject\",\"inLanguage\":\"fr-FR\",\"@id\":\"https:\/\/amavelcosta.com\/fr\/fermes-viticole\/quinta-da-veiga-grande\/#primaryimage\",\"url\":\"https:\/\/amavelcosta.com\/wp-content\/uploads\/2021\/09\/qta-veiga-grande.jpg\",\"contentUrl\":\"https:\/\/amavelcosta.com\/wp-content\/uploads\/2021\/09\/qta-veiga-grande.jpg\",\"width\":1600,\"height\":750},{\"@type\":\"BreadcrumbList\",\"@id\":\"https:\/\/amavelcosta.com\/fr\/fermes-viticole\/quinta-da-veiga-grande\/#breadcrumb\",\"itemListElement\":[{\"@type\":\"ListItem\",\"position\":1,\"name\":\"In\u00edcio\",\"item\":\"https:\/\/amavelcosta.com\/fr\/\"},{\"@type\":\"ListItem\",\"position\":2,\"name\":\"Fermes Viticole\",\"item\":\"https:\/\/amavelcosta.com\/fr\/fermes-viticole\/\"},{\"@type\":\"ListItem\",\"position\":3,\"name\":\"Quinta da Veiga Grande\"}]},{\"@type\":\"WebSite\",\"@id\":\"https:\/\/amavelcosta.com\/fr\/#website\",\"url\":\"https:\/\/amavelcosta.com\/fr\/\",\"name\":\"Am\u00e1vel Costa\",\"description\":\"Vinho do Porto\",\"publisher\":{\"@id\":\"https:\/\/amavelcosta.com\/fr\/#organization\"},\"potentialAction\":[{\"@type\":\"SearchAction\",\"target\":{\"@type\":\"EntryPoint\",\"urlTemplate\":\"https:\/\/amavelcosta.com\/fr\/?s={search_term_string}\"},\"query-input\":{\"@type\":\"PropertyValueSpecification\",\"valueRequired\":true,\"valueName\":\"search_term_string\"}}],\"inLanguage\":\"fr-FR\"},{\"@type\":\"Organization\",\"@id\":\"https:\/\/amavelcosta.com\/fr\/#organization\",\"name\":\"Am\u00e1vel Costa\",\"url\":\"https:\/\/amavelcosta.com\/fr\/\",\"logo\":{\"@type\":\"ImageObject\",\"inLanguage\":\"fr-FR\",\"@id\":\"https:\/\/amavelcosta.com\/fr\/#\/schema\/logo\/image\/\",\"url\":\"https:\/\/amavelcosta.com\/wp-content\/uploads\/2021\/05\/logo-amavel.png\",\"contentUrl\":\"https:\/\/amavelcosta.com\/wp-content\/uploads\/2021\/05\/logo-amavel.png\",\"width\":309,\"height\":132,\"caption\":\"Am\u00e1vel Costa\"},\"image\":{\"@id\":\"https:\/\/amavelcosta.com\/fr\/#\/schema\/logo\/image\/\"}}]}<\/script>\n<!-- \/ Yoast SEO plugin. -->","yoast_head_json":{"title":"Quinta da Veiga Grande - Am\u00e1vel Costa","description":"Situ\u00e9 \u00e0 Vale da Teja, vall\u00e9e qui doit son nom au ruisseau Teja qui la traverse, dans le canton de Vila Nova Foz C\u00f4a, dans le Haut-Douro, c\u2019est le domaine familial le plus ancien, avec une aire de plantation de 18 hectares de vigne classique.","robots":{"index":"index","follow":"follow","max-snippet":"max-snippet:-1","max-image-preview":"max-image-preview:large","max-video-preview":"max-video-preview:-1"},"canonical":"https:\/\/amavelcosta.com\/fr\/fermes-viticole\/quinta-da-veiga-grande\/","og_locale":"fr_FR","og_type":"article","og_title":"Quinta da Veiga Grande - Am\u00e1vel Costa","og_description":"Situ\u00e9 \u00e0 Vale da Teja, vall\u00e9e qui doit son nom au ruisseau Teja qui la traverse, dans le canton de Vila Nova Foz C\u00f4a, dans le Haut-Douro, c\u2019est le domaine familial le plus ancien, avec une aire de plantation de 18 hectares de vigne classique.","og_url":"https:\/\/amavelcosta.com\/fr\/fermes-viticole\/quinta-da-veiga-grande\/","og_site_name":"Am\u00e1vel Costa","article_modified_time":"2021-12-28T17:42:06+00:00","og_image":[{"width":1600,"height":750,"url":"https:\/\/amavelcosta.com\/wp-content\/uploads\/2021\/09\/qta-veiga-grande.jpg","type":"image\/jpeg"}],"twitter_card":"summary_large_image","twitter_misc":{"Dur\u00e9e de lecture estim\u00e9e":"1 minute"},"schema":{"@context":"https:\/\/schema.org","@graph":[{"@type":"WebPage","@id":"https:\/\/amavelcosta.com\/fr\/fermes-viticole\/quinta-da-veiga-grande\/","url":"https:\/\/amavelcosta.com\/fr\/fermes-viticole\/quinta-da-veiga-grande\/","name":"Quinta da Veiga Grande - Am\u00e1vel Costa","isPartOf":{"@id":"https:\/\/amavelcosta.com\/fr\/#website"},"primaryImageOfPage":{"@id":"https:\/\/amavelcosta.com\/fr\/fermes-viticole\/quinta-da-veiga-grande\/#primaryimage"},"image":{"@id":"https:\/\/amavelcosta.com\/fr\/fermes-viticole\/quinta-da-veiga-grande\/#primaryimage"},"thumbnailUrl":"https:\/\/amavelcosta.com\/wp-content\/uploads\/2021\/09\/qta-veiga-grande.jpg","datePublished":"2021-04-28T16:49:24+00:00","dateModified":"2021-12-28T17:42:06+00:00","description":"Situ\u00e9 \u00e0 Vale da Teja, vall\u00e9e qui doit son nom au ruisseau Teja qui la traverse, dans le canton de Vila Nova Foz C\u00f4a, dans le Haut-Douro, c\u2019est le domaine familial le plus ancien, avec une aire de plantation de 18 hectares de vigne classique.","breadcrumb":{"@id":"https:\/\/amavelcosta.com\/fr\/fermes-viticole\/quinta-da-veiga-grande\/#breadcrumb"},"inLanguage":"fr-FR","potentialAction":[{"@type":"ReadAction","target":["https:\/\/amavelcosta.com\/fr\/fermes-viticole\/quinta-da-veiga-grande\/"]}]},{"@type":"ImageObject","inLanguage":"fr-FR","@id":"https:\/\/amavelcosta.com\/fr\/fermes-viticole\/quinta-da-veiga-grande\/#primaryimage","url":"https:\/\/amavelcosta.com\/wp-content\/uploads\/2021\/09\/qta-veiga-grande.jpg","contentUrl":"https:\/\/amavelcosta.com\/wp-content\/uploads\/2021\/09\/qta-veiga-grande.jpg","width":1600,"height":750},{"@type":"BreadcrumbList","@id":"https:\/\/amavelcosta.com\/fr\/fermes-viticole\/quinta-da-veiga-grande\/#breadcrumb","itemListElement":[{"@type":"ListItem","position":1,"name":"In\u00edcio","item":"https:\/\/amavelcosta.com\/fr\/"},{"@type":"ListItem","position":2,"name":"Fermes Viticole","item":"https:\/\/amavelcosta.com\/fr\/fermes-viticole\/"},{"@type":"ListItem","position":3,"name":"Quinta da Veiga Grande"}]},{"@type":"WebSite","@id":"https:\/\/amavelcosta.com\/fr\/#website","url":"https:\/\/amavelcosta.com\/fr\/","name":"Am\u00e1vel Costa","description":"Vinho do Porto","publisher":{"@id":"https:\/\/amavelcosta.com\/fr\/#organization"},"potentialAction":[{"@type":"SearchAction","target":{"@type":"EntryPoint","urlTemplate":"https:\/\/amavelcosta.com\/fr\/?s={search_term_string}"},"query-input":{"@type":"PropertyValueSpecification","valueRequired":true,"valueName":"search_term_string"}}],"inLanguage":"fr-FR"},{"@type":"Organization","@id":"https:\/\/amavelcosta.com\/fr\/#organization","name":"Am\u00e1vel Costa","url":"https:\/\/amavelcosta.com\/fr\/","logo":{"@type":"ImageObject","inLanguage":"fr-FR","@id":"https:\/\/amavelcosta.com\/fr\/#\/schema\/logo\/image\/","url":"https:\/\/amavelcosta.com\/wp-content\/uploads\/2021\/05\/logo-amavel.png","contentUrl":"https:\/\/amavelcosta.com\/wp-content\/uploads\/2021\/05\/logo-amavel.png","width":309,"height":132,"caption":"Am\u00e1vel Costa"},"image":{"@id":"https:\/\/amavelcosta.com\/fr\/#\/schema\/logo\/image\/"}}]}},"_links":{"self":[{"href":"https:\/\/amavelcosta.com\/fr\/wp-json\/wp\/v2\/pages\/2328","targetHints":{"allow":["GET"]}}],"collection":[{"href":"https:\/\/amavelcosta.com\/fr\/wp-json\/wp\/v2\/pages"}],"about":[{"href":"https:\/\/amavelcosta.com\/fr\/wp-json\/wp\/v2\/types\/page"}],"author":[{"embeddable":true,"href":"https:\/\/amavelcosta.com\/fr\/wp-json\/wp\/v2\/users\/1"}],"replies":[{"embeddable":true,"href":"https:\/\/amavelcosta.com\/fr\/wp-json\/wp\/v2\/comments?post=2328"}],"version-history":[{"count":4,"href":"https:\/\/amavelcosta.com\/fr\/wp-json\/wp\/v2\/pages\/2328\/revisions"}],"predecessor-version":[{"id":3038,"href":"https:\/\/amavelcosta.com\/fr\/wp-json\/wp\/v2\/pages\/2328\/revisions\/3038"}],"up":[{"embeddable":true,"href":"https:\/\/amavelcosta.com\/fr\/wp-json\/wp\/v2\/pages\/2326"}],"wp:featuredmedia":[{"embeddable":true,"href":"https:\/\/amavelcosta.com\/fr\/wp-json\/wp\/v2\/media\/2269"}],"wp:attachment":[{"href":"https:\/\/amavelcosta.com\/fr\/wp-json\/wp\/v2\/media?parent=2328"}],"curies":[{"name":"wp","href":"https:\/\/api.w.org\/{rel}","templated":true}]}}