{"id":2326,"date":"2021-10-13T14:44:52","date_gmt":"2021-10-13T14:44:52","guid":{"rendered":"https:\/\/amavelcosta.com\/as-nossas-quintas\/"},"modified":"2021-12-28T17:39:09","modified_gmt":"2021-12-28T17:39:09","slug":"fermes-viticole","status":"publish","type":"page","link":"https:\/\/amavelcosta.com\/fr\/fermes-viticole\/","title":{"rendered":"Fermes Viticole"},"content":{"rendered":"<div class=\"wpb-content-wrapper\"><p>[vc_row full_width=\u00a0\u00bbstretch_row\u00a0\u00bb css=\u00a0\u00bb.vc_custom_1634136318101{padding-top: 150px !important;padding-bottom: 150px !important;background-image: url(https:\/\/amavelcosta.com\/wp-content\/uploads\/2021\/09\/qta-veiga-grande.jpg?id=1770) !important;background-position: center !important;background-repeat: no-repeat !important;background-size: cover !important;}\u00a0\u00bb][vc_column width=\u00a0\u00bb1\/2&Prime;]\n\t<div class=\"title-subtitle-box  \" style=\" text-align: left;\">\n\t\t<h2 style=\" color:#ffffff;  font-style: bold;\">Quinta da Veiga Grande<\/h2>\n\t<\/div> [vc_custom_heading text=\u00a0\u00bbSitu\u00e9 \u00e0 Vale da Teja, vall\u00e9e qui doit son nom au ruisseau Teja qui la traverse, dans le canton de Vila Nova Foz C\u00f4a, dans le Haut-Douro, c\u2019est le domaine familial le plus ancien, avec une aire de plantation de 18 hectares de vigne classique.\u00a0\u00bb font_container=\u00a0\u00bbtag:p|font_size:18px|text_align:left|color:%23ffffff\u00a0\u00bb use_theme_fonts=\u00a0\u00bbyes\u00a0\u00bb][vc_btn title=\u00a0\u00bbVOIR PLUS\u00a0\u00bb style=\u00a0\u00bboutline\u00a0\u00bb shape=\u00a0\u00bbsquare\u00a0\u00bb color=\u00a0\u00bbwhite\u00a0\u00bb size=\u00a0\u00bblg\u00a0\u00bb align=\u00a0\u00bbleft\u00a0\u00bb link=\u00a0\u00bburl:https%3A%2F%2Famavelcosta.com%2Ffr%2Ffermes-viticole%2Fquinta-da-veiga-grande%2F|title:Quinta%20da%20Veiga%20Grande\u00a0\u00bb][\/vc_column][vc_column width=\u00a0\u00bb1\/2&Prime;][\/vc_column][\/vc_row][vc_row full_width=\u00a0\u00bbstretch_row\u00a0\u00bb css=\u00a0\u00bb.vc_custom_1634136327293{padding-top: 150px !important;padding-bottom: 150px !important;background-image: url(https:\/\/amavelcosta.com\/wp-content\/uploads\/2021\/09\/qta-paraiso-1.jpg?id=1754) !important;background-position: center !important;background-repeat: no-repeat !important;background-size: cover !important;}\u00a0\u00bb][vc_column width=\u00a0\u00bb1\/2&Prime;]\n\t<div class=\"title-subtitle-box  \" style=\" text-align: left;\">\n\t\t<h2 style=\" color:#ffffff;  font-style: bold;\">Quinta do Para\u00edso<\/h2>\n\t<\/div> [vc_custom_heading text=\u00a0\u00bbIl doit son nom \u00e0 la beaut\u00e9 du paysage environnant (\u00ab para\u00edso \u00bb signifiant paradis). Situ\u00e9 \u00e9galement dans la r\u00e9gion du Haut-Douro (Douro sup\u00e9rieur), \u00e0 proximit\u00e9 de la commune de Cedovim, canton de Vila Nova de Foz C\u00f4a, il poss\u00e8de 11 hectares de surface de production.\u00a0\u00bb font_container=\u00a0\u00bbtag:p|font_size:18px|text_align:left|color:%23ffffff\u00a0\u00bb use_theme_fonts=\u00a0\u00bbyes\u00a0\u00bb][vc_btn title=\u00a0\u00bbVOIR PLUS\u00a0\u00bb style=\u00a0\u00bboutline\u00a0\u00bb shape=\u00a0\u00bbsquare\u00a0\u00bb color=\u00a0\u00bbwhite\u00a0\u00bb size=\u00a0\u00bblg\u00a0\u00bb align=\u00a0\u00bbleft\u00a0\u00bb link=\u00a0\u00bburl:https%3A%2F%2Famavelcosta.com%2Ffr%2Ffermes-viticole%2Fquinta-do-paraiso%2F|title:Quinta%20do%20Para%C3%ADso\u00a0\u00bb][\/vc_column][vc_column width=\u00a0\u00bb1\/2&Prime;][\/vc_column][\/vc_row]<\/p>\n<\/div>","protected":false},"excerpt":{"rendered":"<p>[vc_row full_width=\u00a0\u00bbstretch_row\u00a0\u00bb css=\u00a0\u00bb.vc_custom_1634136318101{padding-top: 150px !important;padding-bottom: 150px !important;background-image: url(https:\/\/amavelcosta.com\/wp-content\/uploads\/2021\/09\/qta-veiga-grande.jpg?id=1770) !important;background-position: center !important;background-repeat: no-repeat !important;background-size: cover !important;}\u00a0\u00bb][vc_column width=\u00a0\u00bb1\/2&Prime;][vc_custom_heading text=\u00a0\u00bbSitu\u00e9 \u00e0 Vale da Teja, vall\u00e9e qui doit son nom au ruisseau Teja qui la traverse, dans le canton de Vila Nova Foz C\u00f4a, dans le Haut-Douro, c\u2019est le domaine familial le plus ancien, avec une aire de plantation<br class=\"read-more-spacer\"> <a class=\"more-link\" href=\"https:\/\/amavelcosta.com\/fr\/fermes-viticole\/\">Read More<\/a><\/p>\n","protected":false},"author":1,"featured_media":2273,"parent":0,"menu_order":0,"comment_status":"closed","ping_status":"closed","template":"","meta":{"footnotes":""},"class_list":["post-2326","page","type-page","status-publish","has-post-thumbnail","hentry"],"yoast_head":"<!-- This site is optimized with the Yoast SEO plugin v25.8 - https:\/\/yoast.com\/wordpress\/plugins\/seo\/ -->\n<title>Fermes Viticole - Am\u00e1vel Costa<\/title>\n<meta name=\"description\" content=\"Am\u00e1vel Costa compte actuellement environ 41 hectares de vignes plant\u00e9es, 5ha d&#039;amandiers, 7ha d&#039;oliveraies et 7ha de ch\u00e2taigniers. La plantation de vignes se fait \u00e0 Quinta da Veiga et Quinta do Para\u00edso.\" \/>\n<meta name=\"robots\" content=\"index, follow, max-snippet:-1, max-image-preview:large, max-video-preview:-1\" \/>\n<link rel=\"canonical\" href=\"https:\/\/amavelcosta.com\/fr\/fermes-viticole\/\" \/>\n<meta property=\"og:locale\" content=\"fr_FR\" \/>\n<meta property=\"og:type\" content=\"article\" \/>\n<meta property=\"og:title\" content=\"Fermes Viticole - Am\u00e1vel Costa\" \/>\n<meta property=\"og:description\" content=\"Am\u00e1vel Costa compte actuellement environ 41 hectares de vignes plant\u00e9es, 5ha d&#039;amandiers, 7ha d&#039;oliveraies et 7ha de ch\u00e2taigniers. La plantation de vignes se fait \u00e0 Quinta da Veiga et Quinta do Para\u00edso.\" \/>\n<meta property=\"og:url\" content=\"https:\/\/amavelcosta.com\/fr\/fermes-viticole\/\" \/>\n<meta property=\"og:site_name\" content=\"Am\u00e1vel Costa\" \/>\n<meta property=\"article:modified_time\" content=\"2021-12-28T17:39:09+00:00\" \/>\n<meta property=\"og:image\" content=\"https:\/\/amavelcosta.com\/wp-content\/uploads\/2021\/09\/vinho-cedovim.jpg\" \/>\n\t<meta property=\"og:image:width\" content=\"1600\" \/>\n\t<meta property=\"og:image:height\" content=\"750\" \/>\n\t<meta property=\"og:image:type\" content=\"image\/jpeg\" \/>\n<meta name=\"twitter:card\" content=\"summary_large_image\" \/>\n<meta name=\"twitter:label1\" content=\"Dur\u00e9e de lecture estim\u00e9e\" \/>\n\t<meta name=\"twitter:data1\" content=\"2 minutes\" \/>\n<script type=\"application\/ld+json\" class=\"yoast-schema-graph\">{\"@context\":\"https:\/\/schema.org\",\"@graph\":[{\"@type\":\"WebPage\",\"@id\":\"https:\/\/amavelcosta.com\/fr\/fermes-viticole\/\",\"url\":\"https:\/\/amavelcosta.com\/fr\/fermes-viticole\/\",\"name\":\"Fermes Viticole - Am\u00e1vel Costa\",\"isPartOf\":{\"@id\":\"https:\/\/amavelcosta.com\/fr\/#website\"},\"primaryImageOfPage\":{\"@id\":\"https:\/\/amavelcosta.com\/fr\/fermes-viticole\/#primaryimage\"},\"image\":{\"@id\":\"https:\/\/amavelcosta.com\/fr\/fermes-viticole\/#primaryimage\"},\"thumbnailUrl\":\"https:\/\/amavelcosta.com\/wp-content\/uploads\/2021\/09\/vinho-cedovim.jpg\",\"datePublished\":\"2021-10-13T14:44:52+00:00\",\"dateModified\":\"2021-12-28T17:39:09+00:00\",\"description\":\"Am\u00e1vel Costa compte actuellement environ 41 hectares de vignes plant\u00e9es, 5ha d'amandiers, 7ha d'oliveraies et 7ha de ch\u00e2taigniers. La plantation de vignes se fait \u00e0 Quinta da Veiga et Quinta do Para\u00edso.\",\"breadcrumb\":{\"@id\":\"https:\/\/amavelcosta.com\/fr\/fermes-viticole\/#breadcrumb\"},\"inLanguage\":\"fr-FR\",\"potentialAction\":[{\"@type\":\"ReadAction\",\"target\":[\"https:\/\/amavelcosta.com\/fr\/fermes-viticole\/\"]}]},{\"@type\":\"ImageObject\",\"inLanguage\":\"fr-FR\",\"@id\":\"https:\/\/amavelcosta.com\/fr\/fermes-viticole\/#primaryimage\",\"url\":\"https:\/\/amavelcosta.com\/wp-content\/uploads\/2021\/09\/vinho-cedovim.jpg\",\"contentUrl\":\"https:\/\/amavelcosta.com\/wp-content\/uploads\/2021\/09\/vinho-cedovim.jpg\",\"width\":1600,\"height\":750},{\"@type\":\"BreadcrumbList\",\"@id\":\"https:\/\/amavelcosta.com\/fr\/fermes-viticole\/#breadcrumb\",\"itemListElement\":[{\"@type\":\"ListItem\",\"position\":1,\"name\":\"In\u00edcio\",\"item\":\"https:\/\/amavelcosta.com\/fr\/\"},{\"@type\":\"ListItem\",\"position\":2,\"name\":\"Fermes Viticole\"}]},{\"@type\":\"WebSite\",\"@id\":\"https:\/\/amavelcosta.com\/fr\/#website\",\"url\":\"https:\/\/amavelcosta.com\/fr\/\",\"name\":\"Am\u00e1vel Costa\",\"description\":\"Vinho do Porto\",\"publisher\":{\"@id\":\"https:\/\/amavelcosta.com\/fr\/#organization\"},\"potentialAction\":[{\"@type\":\"SearchAction\",\"target\":{\"@type\":\"EntryPoint\",\"urlTemplate\":\"https:\/\/amavelcosta.com\/fr\/?s={search_term_string}\"},\"query-input\":{\"@type\":\"PropertyValueSpecification\",\"valueRequired\":true,\"valueName\":\"search_term_string\"}}],\"inLanguage\":\"fr-FR\"},{\"@type\":\"Organization\",\"@id\":\"https:\/\/amavelcosta.com\/fr\/#organization\",\"name\":\"Am\u00e1vel Costa\",\"url\":\"https:\/\/amavelcosta.com\/fr\/\",\"logo\":{\"@type\":\"ImageObject\",\"inLanguage\":\"fr-FR\",\"@id\":\"https:\/\/amavelcosta.com\/fr\/#\/schema\/logo\/image\/\",\"url\":\"https:\/\/amavelcosta.com\/wp-content\/uploads\/2021\/05\/logo-amavel.png\",\"contentUrl\":\"https:\/\/amavelcosta.com\/wp-content\/uploads\/2021\/05\/logo-amavel.png\",\"width\":309,\"height\":132,\"caption\":\"Am\u00e1vel Costa\"},\"image\":{\"@id\":\"https:\/\/amavelcosta.com\/fr\/#\/schema\/logo\/image\/\"}}]}<\/script>\n<!-- \/ Yoast SEO plugin. -->","yoast_head_json":{"title":"Fermes Viticole - Am\u00e1vel Costa","description":"Am\u00e1vel Costa compte actuellement environ 41 hectares de vignes plant\u00e9es, 5ha d'amandiers, 7ha d'oliveraies et 7ha de ch\u00e2taigniers. La plantation de vignes se fait \u00e0 Quinta da Veiga et Quinta do Para\u00edso.","robots":{"index":"index","follow":"follow","max-snippet":"max-snippet:-1","max-image-preview":"max-image-preview:large","max-video-preview":"max-video-preview:-1"},"canonical":"https:\/\/amavelcosta.com\/fr\/fermes-viticole\/","og_locale":"fr_FR","og_type":"article","og_title":"Fermes Viticole - Am\u00e1vel Costa","og_description":"Am\u00e1vel Costa compte actuellement environ 41 hectares de vignes plant\u00e9es, 5ha d'amandiers, 7ha d'oliveraies et 7ha de ch\u00e2taigniers. La plantation de vignes se fait \u00e0 Quinta da Veiga et Quinta do Para\u00edso.","og_url":"https:\/\/amavelcosta.com\/fr\/fermes-viticole\/","og_site_name":"Am\u00e1vel Costa","article_modified_time":"2021-12-28T17:39:09+00:00","og_image":[{"width":1600,"height":750,"url":"https:\/\/amavelcosta.com\/wp-content\/uploads\/2021\/09\/vinho-cedovim.jpg","type":"image\/jpeg"}],"twitter_card":"summary_large_image","twitter_misc":{"Dur\u00e9e de lecture estim\u00e9e":"2 minutes"},"schema":{"@context":"https:\/\/schema.org","@graph":[{"@type":"WebPage","@id":"https:\/\/amavelcosta.com\/fr\/fermes-viticole\/","url":"https:\/\/amavelcosta.com\/fr\/fermes-viticole\/","name":"Fermes Viticole - Am\u00e1vel Costa","isPartOf":{"@id":"https:\/\/amavelcosta.com\/fr\/#website"},"primaryImageOfPage":{"@id":"https:\/\/amavelcosta.com\/fr\/fermes-viticole\/#primaryimage"},"image":{"@id":"https:\/\/amavelcosta.com\/fr\/fermes-viticole\/#primaryimage"},"thumbnailUrl":"https:\/\/amavelcosta.com\/wp-content\/uploads\/2021\/09\/vinho-cedovim.jpg","datePublished":"2021-10-13T14:44:52+00:00","dateModified":"2021-12-28T17:39:09+00:00","description":"Am\u00e1vel Costa compte actuellement environ 41 hectares de vignes plant\u00e9es, 5ha d'amandiers, 7ha d'oliveraies et 7ha de ch\u00e2taigniers. La plantation de vignes se fait \u00e0 Quinta da Veiga et Quinta do Para\u00edso.","breadcrumb":{"@id":"https:\/\/amavelcosta.com\/fr\/fermes-viticole\/#breadcrumb"},"inLanguage":"fr-FR","potentialAction":[{"@type":"ReadAction","target":["https:\/\/amavelcosta.com\/fr\/fermes-viticole\/"]}]},{"@type":"ImageObject","inLanguage":"fr-FR","@id":"https:\/\/amavelcosta.com\/fr\/fermes-viticole\/#primaryimage","url":"https:\/\/amavelcosta.com\/wp-content\/uploads\/2021\/09\/vinho-cedovim.jpg","contentUrl":"https:\/\/amavelcosta.com\/wp-content\/uploads\/2021\/09\/vinho-cedovim.jpg","width":1600,"height":750},{"@type":"BreadcrumbList","@id":"https:\/\/amavelcosta.com\/fr\/fermes-viticole\/#breadcrumb","itemListElement":[{"@type":"ListItem","position":1,"name":"In\u00edcio","item":"https:\/\/amavelcosta.com\/fr\/"},{"@type":"ListItem","position":2,"name":"Fermes Viticole"}]},{"@type":"WebSite","@id":"https:\/\/amavelcosta.com\/fr\/#website","url":"https:\/\/amavelcosta.com\/fr\/","name":"Am\u00e1vel Costa","description":"Vinho do Porto","publisher":{"@id":"https:\/\/amavelcosta.com\/fr\/#organization"},"potentialAction":[{"@type":"SearchAction","target":{"@type":"EntryPoint","urlTemplate":"https:\/\/amavelcosta.com\/fr\/?s={search_term_string}"},"query-input":{"@type":"PropertyValueSpecification","valueRequired":true,"valueName":"search_term_string"}}],"inLanguage":"fr-FR"},{"@type":"Organization","@id":"https:\/\/amavelcosta.com\/fr\/#organization","name":"Am\u00e1vel Costa","url":"https:\/\/amavelcosta.com\/fr\/","logo":{"@type":"ImageObject","inLanguage":"fr-FR","@id":"https:\/\/amavelcosta.com\/fr\/#\/schema\/logo\/image\/","url":"https:\/\/amavelcosta.com\/wp-content\/uploads\/2021\/05\/logo-amavel.png","contentUrl":"https:\/\/amavelcosta.com\/wp-content\/uploads\/2021\/05\/logo-amavel.png","width":309,"height":132,"caption":"Am\u00e1vel Costa"},"image":{"@id":"https:\/\/amavelcosta.com\/fr\/#\/schema\/logo\/image\/"}}]}},"_links":{"self":[{"href":"https:\/\/amavelcosta.com\/fr\/wp-json\/wp\/v2\/pages\/2326","targetHints":{"allow":["GET"]}}],"collection":[{"href":"https:\/\/amavelcosta.com\/fr\/wp-json\/wp\/v2\/pages"}],"about":[{"href":"https:\/\/amavelcosta.com\/fr\/wp-json\/wp\/v2\/types\/page"}],"author":[{"embeddable":true,"href":"https:\/\/amavelcosta.com\/fr\/wp-json\/wp\/v2\/users\/1"}],"replies":[{"embeddable":true,"href":"https:\/\/amavelcosta.com\/fr\/wp-json\/wp\/v2\/comments?post=2326"}],"version-history":[{"count":4,"href":"https:\/\/amavelcosta.com\/fr\/wp-json\/wp\/v2\/pages\/2326\/revisions"}],"predecessor-version":[{"id":3017,"href":"https:\/\/amavelcosta.com\/fr\/wp-json\/wp\/v2\/pages\/2326\/revisions\/3017"}],"wp:featuredmedia":[{"embeddable":true,"href":"https:\/\/amavelcosta.com\/fr\/wp-json\/wp\/v2\/media\/2273"}],"wp:attachment":[{"href":"https:\/\/amavelcosta.com\/fr\/wp-json\/wp\/v2\/media?parent=2326"}],"curies":[{"name":"wp","href":"https:\/\/api.w.org\/{rel}","templated":true}]}}