{"id":2324,"date":"2021-05-13T14:14:03","date_gmt":"2021-05-13T14:14:03","guid":{"rendered":"https:\/\/amavelcosta.com\/os-nossos-vinhos\/cedovim\/"},"modified":"2021-12-28T18:27:17","modified_gmt":"2021-12-28T18:27:17","slug":"cedovim","status":"publish","type":"page","link":"https:\/\/amavelcosta.com\/fr\/boutique-vin-de-porto\/cedovim\/","title":{"rendered":"Cedovim"},"content":{"rendered":"<div class=\"wpb-content-wrapper\"><p>[vc_row full_width=\u00a0\u00bbstretch_row\u00a0\u00bb el_class=\u00a0\u00bbrow-garrafas\u00a0\u00bb el_id=\u00a0\u00bbpag-cedovim\u00a0\u00bb][vc_column width=\u00a0\u00bb1\/2&Prime;][\/vc_column][vc_column width=\u00a0\u00bb1\/2&Prime; el_id=\u00a0\u00bbcedovim\u00a0\u00bb el_class=\u00a0\u00bbcoluna-garrafas\u00a0\u00bb][vc_single_image image=\u00a0\u00bb1508&Prime; img_size=\u00a0\u00bb450&#215;435&Prime; alignment=\u00a0\u00bbright\u00a0\u00bb el_id=\u00a0\u00bbgarrafas-cedovim\u00a0\u00bb el_class=\u00a0\u00bbimg-garrafas\u00a0\u00bb][\/vc_column][\/vc_row][vc_row][vc_column][vc_single_image image=\u00a0\u00bb1509&Prime; img_size=\u00a0\u00bbfull\u00a0\u00bb alignment=\u00a0\u00bbcenter\u00a0\u00bb css=\u00a0\u00bb.vc_custom_1633090588379{padding-bottom: 20px !important;}\u00a0\u00bb]\n\t<div class=\" woocommerce\">\n\t<div class=\"gg_products_grid \">\n\t\t\t\t<ul class=\"gg_filter \">\n\t\t\t\t\t<li class=\"active\"><a href=\"#\" data-filter=\"*\">Toute<\/a><\/li>\n\t\t\t\t\t<li><a data-filter=\".grid-cat-categorias-especiais\">Categorias Especiais <\/a><\/li>\n\t\t\t\t\t<li><a data-filter=\".grid-cat-entrada-de-gama\">Entrada de Gama <\/a><\/li>\n\t\t\t\t<\/ul>\n\t<div class=\"clearfix\"><\/div><ul  class=\"el-grid no_magnific products row  \" data-layout-mode=\"fitRows\" data-pagination=\"\">\n\t<li class=\"isotope-item product col-xs-12 col-sm-6 col-md-3 grid-cat-categories-speciales grid-cat-cedovim-fr \">\n\t\n\n<a href=\"https:\/\/amavelcosta.com\/fr\/produit\/cedovim-porto-tawny-20-ans-dage\/\" class=\"woocommerce-LoopProduct-link woocommerce-loop-product__link\"><div class=\"gg-product-image-wrapper\"><img loading=\"lazy\" decoding=\"async\" width=\"449\" height=\"1080\" src=\"https:\/\/amavelcosta.com\/wp-content\/uploads\/2021\/07\/AM-_0000s_0003_PORTO-TAWNY-20-ANOS-4-2.png\" class=\"attachment-woocommerce_thumbnail size-woocommerce_thumbnail\" alt=\"Porto Tawny 20 ans D&#039;\u00e2ge\" srcset=\"https:\/\/amavelcosta.com\/wp-content\/uploads\/2021\/07\/AM-_0000s_0003_PORTO-TAWNY-20-ANOS-4-2.png 449w, https:\/\/amavelcosta.com\/wp-content\/uploads\/2021\/07\/AM-_0000s_0003_PORTO-TAWNY-20-ANOS-4-2-125x300.png 125w, https:\/\/amavelcosta.com\/wp-content\/uploads\/2021\/07\/AM-_0000s_0003_PORTO-TAWNY-20-ANOS-4-2-426x1024.png 426w\" sizes=\"auto, (max-width: 449px) 100vw, 449px\" \/><\/div><div class=\"gg-product-meta-wrapper\"><h2 class=\"woocommerce-loop-product__title\">Porto Tawny 20 ans D&rsquo;\u00e2ge<\/h2><\/a>\n\n            \n        <span class=\"price\"><span class=\"woocommerce-Price-amount amount\"><bdi>38.00<span class=\"woocommerce-Price-currencySymbol\">&euro;<\/span><\/bdi><\/span><\/span>\n        <a href=\"\/fr\/wp-json\/wp\/v2\/pages\/2324?add-to-cart=2669\" aria-describedby=\"woocommerce_loop_add_to_cart_link_describedby_2669\" data-quantity=\"1\" class=\"button product_type_simple add_to_cart_button ajax_add_to_cart\" data-product_id=\"2669\" data-product_sku=\"\" aria-label=\"Ajouter au panier\u00a0: &ldquo;Porto Tawny 20 ans D&#039;\u00e2ge&rdquo;\" rel=\"nofollow\" data-success_message=\"\u00ab\u00a0Porto Tawny 20 ans D&#039;\u00e2ge\u00a0\u00bb a \u00e9t\u00e9 ajout\u00e9 \u00e0 votre panier\" role=\"button\">Ajouter au panier<\/a>\t<span id=\"woocommerce_loop_add_to_cart_link_describedby_2669\" class=\"screen-reader-text\">\n\t\t\t<\/span>\n<\/div>\n\t<\/li>\n\t<li class=\"isotope-item product col-xs-12 col-sm-6 col-md-3 grid-cat-categories-speciales grid-cat-cedovim-fr \">\n\t\n\n<a href=\"https:\/\/amavelcosta.com\/fr\/produit\/cedovim-porto-blanc-20-ans-dage\/\" class=\"woocommerce-LoopProduct-link woocommerce-loop-product__link\"><div class=\"gg-product-image-wrapper\"><img loading=\"lazy\" decoding=\"async\" width=\"466\" height=\"1080\" src=\"https:\/\/amavelcosta.com\/wp-content\/uploads\/2021\/05\/bottle-cedovim-2-1.png\" class=\"attachment-woocommerce_thumbnail size-woocommerce_thumbnail\" alt=\"Porto Blanc 20 ans D&#039;\u00e2ge\" srcset=\"https:\/\/amavelcosta.com\/wp-content\/uploads\/2021\/05\/bottle-cedovim-2-1.png 466w, https:\/\/amavelcosta.com\/wp-content\/uploads\/2021\/05\/bottle-cedovim-2-1-129x300.png 129w, https:\/\/amavelcosta.com\/wp-content\/uploads\/2021\/05\/bottle-cedovim-2-1-442x1024.png 442w\" sizes=\"auto, (max-width: 466px) 100vw, 466px\" \/><\/div><div class=\"gg-product-meta-wrapper\"><h2 class=\"woocommerce-loop-product__title\">Porto Blanc 20 ans D&rsquo;\u00e2ge<\/h2><\/a>\n\n            \n        <span class=\"price\"><span class=\"woocommerce-Price-amount amount\"><bdi>30.00<span class=\"woocommerce-Price-currencySymbol\">&euro;<\/span><\/bdi><\/span><\/span>\n        <a href=\"\/fr\/wp-json\/wp\/v2\/pages\/2324?add-to-cart=2663\" aria-describedby=\"woocommerce_loop_add_to_cart_link_describedby_2663\" data-quantity=\"1\" class=\"button product_type_simple add_to_cart_button ajax_add_to_cart\" data-product_id=\"2663\" data-product_sku=\"\" aria-label=\"Ajouter au panier\u00a0: &ldquo;Porto Blanc 20 ans D&#039;\u00e2ge&rdquo;\" rel=\"nofollow\" data-success_message=\"\u00ab\u00a0Porto Blanc 20 ans D&#039;\u00e2ge\u00a0\u00bb a \u00e9t\u00e9 ajout\u00e9 \u00e0 votre panier\" role=\"button\">Ajouter au panier<\/a>\t<span id=\"woocommerce_loop_add_to_cart_link_describedby_2663\" class=\"screen-reader-text\">\n\t\t\t<\/span>\n<\/div>\n\t<\/li>\n\t<li class=\"isotope-item product col-xs-12 col-sm-6 col-md-3 grid-cat-cedovim-fr grid-cat-standard-fr \">\n\t\n\n<a href=\"https:\/\/amavelcosta.com\/fr\/produit\/cedovim-porto-tawny\/\" class=\"woocommerce-LoopProduct-link woocommerce-loop-product__link\"><div class=\"gg-product-image-wrapper\"><img loading=\"lazy\" decoding=\"async\" width=\"449\" height=\"1080\" src=\"https:\/\/amavelcosta.com\/wp-content\/uploads\/2021\/07\/AM-_0000s_0002_PORTO-TAWNY-2.png\" class=\"attachment-woocommerce_thumbnail size-woocommerce_thumbnail\" alt=\"Porto Tawny\" srcset=\"https:\/\/amavelcosta.com\/wp-content\/uploads\/2021\/07\/AM-_0000s_0002_PORTO-TAWNY-2.png 449w, https:\/\/amavelcosta.com\/wp-content\/uploads\/2021\/07\/AM-_0000s_0002_PORTO-TAWNY-2-125x300.png 125w, https:\/\/amavelcosta.com\/wp-content\/uploads\/2021\/07\/AM-_0000s_0002_PORTO-TAWNY-2-426x1024.png 426w\" sizes=\"auto, (max-width: 449px) 100vw, 449px\" \/><\/div><div class=\"gg-product-meta-wrapper\"><h2 class=\"woocommerce-loop-product__title\">Porto Tawny<\/h2><\/a>\n\n            \n        <span class=\"price\"><span class=\"woocommerce-Price-amount amount\"><bdi>7.50<span class=\"woocommerce-Price-currencySymbol\">&euro;<\/span><\/bdi><\/span><\/span>\n        <a href=\"\/fr\/wp-json\/wp\/v2\/pages\/2324?add-to-cart=2674\" aria-describedby=\"woocommerce_loop_add_to_cart_link_describedby_2674\" data-quantity=\"1\" class=\"button product_type_simple add_to_cart_button ajax_add_to_cart\" data-product_id=\"2674\" data-product_sku=\"\" aria-label=\"Ajouter au panier\u00a0: &ldquo;Porto Tawny&rdquo;\" rel=\"nofollow\" data-success_message=\"\u00ab\u00a0Porto Tawny\u00a0\u00bb a \u00e9t\u00e9 ajout\u00e9 \u00e0 votre panier\" role=\"button\">Ajouter au panier<\/a>\t<span id=\"woocommerce_loop_add_to_cart_link_describedby_2674\" class=\"screen-reader-text\">\n\t\t\t<\/span>\n<\/div>\n\t<\/li>\n\t<li class=\"isotope-item product col-xs-12 col-sm-6 col-md-3 grid-cat-categories-speciales grid-cat-cedovim-fr \">\n\t\n\n<a href=\"https:\/\/amavelcosta.com\/fr\/produit\/cedovim-porto-tawny-10-ans-dage\/\" class=\"woocommerce-LoopProduct-link woocommerce-loop-product__link\"><div class=\"gg-product-image-wrapper\"><img loading=\"lazy\" decoding=\"async\" width=\"449\" height=\"1080\" src=\"https:\/\/amavelcosta.com\/wp-content\/uploads\/2021\/07\/AM-_0000s_0001_PORTO-TAWNY-10-ANOS-3.png\" class=\"attachment-woocommerce_thumbnail size-woocommerce_thumbnail\" alt=\"Porto Tawny 10 ans D&#039;\u00e2ge\" srcset=\"https:\/\/amavelcosta.com\/wp-content\/uploads\/2021\/07\/AM-_0000s_0001_PORTO-TAWNY-10-ANOS-3.png 449w, https:\/\/amavelcosta.com\/wp-content\/uploads\/2021\/07\/AM-_0000s_0001_PORTO-TAWNY-10-ANOS-3-125x300.png 125w, https:\/\/amavelcosta.com\/wp-content\/uploads\/2021\/07\/AM-_0000s_0001_PORTO-TAWNY-10-ANOS-3-426x1024.png 426w\" sizes=\"auto, (max-width: 449px) 100vw, 449px\" \/><\/div><div class=\"gg-product-meta-wrapper\"><h2 class=\"woocommerce-loop-product__title\">Porto Tawny 10 ans D&rsquo;\u00e2ge<\/h2><\/a>\n\n            \n        <span class=\"price\"><span class=\"woocommerce-Price-amount amount\"><bdi>16.00<span class=\"woocommerce-Price-currencySymbol\">&euro;<\/span><\/bdi><\/span><\/span>\n        <a href=\"\/fr\/wp-json\/wp\/v2\/pages\/2324?add-to-cart=2679\" aria-describedby=\"woocommerce_loop_add_to_cart_link_describedby_2679\" data-quantity=\"1\" class=\"button product_type_simple add_to_cart_button ajax_add_to_cart\" data-product_id=\"2679\" data-product_sku=\"\" aria-label=\"Ajouter au panier\u00a0: &ldquo;Porto Tawny 10 ans D&#039;\u00e2ge&rdquo;\" rel=\"nofollow\" data-success_message=\"\u00ab\u00a0Porto Tawny 10 ans D&#039;\u00e2ge\u00a0\u00bb a \u00e9t\u00e9 ajout\u00e9 \u00e0 votre panier\" role=\"button\">Ajouter au panier<\/a>\t<span id=\"woocommerce_loop_add_to_cart_link_describedby_2679\" class=\"screen-reader-text\">\n\t\t\t<\/span>\n<\/div>\n\t<\/li>\n\t<li class=\"isotope-item product col-xs-12 col-sm-6 col-md-3 grid-cat-cedovim-fr grid-cat-standard-fr \">\n\t\n\n<a href=\"https:\/\/amavelcosta.com\/fr\/produit\/cedovim-porto-white\/\" class=\"woocommerce-LoopProduct-link woocommerce-loop-product__link\"><div class=\"gg-product-image-wrapper\"><img loading=\"lazy\" decoding=\"async\" width=\"449\" height=\"1080\" src=\"https:\/\/amavelcosta.com\/wp-content\/uploads\/2021\/07\/AM-_0000s_0000_PORTO-WHITE-2.png\" class=\"attachment-woocommerce_thumbnail size-woocommerce_thumbnail\" alt=\"Porto White\" srcset=\"https:\/\/amavelcosta.com\/wp-content\/uploads\/2021\/07\/AM-_0000s_0000_PORTO-WHITE-2.png 449w, https:\/\/amavelcosta.com\/wp-content\/uploads\/2021\/07\/AM-_0000s_0000_PORTO-WHITE-2-125x300.png 125w, https:\/\/amavelcosta.com\/wp-content\/uploads\/2021\/07\/AM-_0000s_0000_PORTO-WHITE-2-426x1024.png 426w\" sizes=\"auto, (max-width: 449px) 100vw, 449px\" \/><\/div><div class=\"gg-product-meta-wrapper\"><h2 class=\"woocommerce-loop-product__title\">Porto White<\/h2><\/a>\n\n            \n        <span class=\"price\"><span class=\"woocommerce-Price-amount amount\"><bdi>8.00<span class=\"woocommerce-Price-currencySymbol\">&euro;<\/span><\/bdi><\/span><\/span>\n        <a href=\"\/fr\/wp-json\/wp\/v2\/pages\/2324?add-to-cart=2684\" aria-describedby=\"woocommerce_loop_add_to_cart_link_describedby_2684\" data-quantity=\"1\" class=\"button product_type_simple add_to_cart_button ajax_add_to_cart\" data-product_id=\"2684\" data-product_sku=\"\" aria-label=\"Ajouter au panier\u00a0: &ldquo;Porto White&rdquo;\" rel=\"nofollow\" data-success_message=\"\u00ab\u00a0Porto White\u00a0\u00bb a \u00e9t\u00e9 ajout\u00e9 \u00e0 votre panier\" role=\"button\">Ajouter au panier<\/a>\t<span id=\"woocommerce_loop_add_to_cart_link_describedby_2684\" class=\"screen-reader-text\">\n\t\t\t<\/span>\n<\/div>\n\t<\/li>\n\t<\/ul>\n\t<\/div>\n\t<\/div>[\/vc_column][\/vc_row]<\/p>\n<\/div>","protected":false},"excerpt":{"rendered":"<p>[vc_row full_width=\u00a0\u00bbstretch_row\u00a0\u00bb el_class=\u00a0\u00bbrow-garrafas\u00a0\u00bb el_id=\u00a0\u00bbpag-cedovim\u00a0\u00bb][vc_column width=\u00a0\u00bb1\/2&Prime;][\/vc_column][vc_column width=\u00a0\u00bb1\/2&Prime; el_id=\u00a0\u00bbcedovim\u00a0\u00bb el_class=\u00a0\u00bbcoluna-garrafas\u00a0\u00bb][vc_single_image image=\u00a0\u00bb1508&Prime; img_size=\u00a0\u00bb450&#215;435&Prime; alignment=\u00a0\u00bbright\u00a0\u00bb el_id=\u00a0\u00bbgarrafas-cedovim\u00a0\u00bb el_class=\u00a0\u00bbimg-garrafas\u00a0\u00bb][\/vc_column][\/vc_row][vc_row][vc_column][vc_single_image image=\u00a0\u00bb1509&Prime; img_size=\u00a0\u00bbfull\u00a0\u00bb alignment=\u00a0\u00bbcenter\u00a0\u00bb css=\u00a0\u00bb.vc_custom_1633090588379{padding-bottom: 20px !important;}\u00a0\u00bb][\/vc_column][\/vc_row]<\/p>\n","protected":false},"author":1,"featured_media":2279,"parent":2320,"menu_order":0,"comment_status":"closed","ping_status":"closed","template":"","meta":{"footnotes":""},"class_list":["post-2324","page","type-page","status-publish","has-post-thumbnail","hentry"],"yoast_head":"<!-- This site is optimized with the Yoast SEO plugin v25.8 - https:\/\/yoast.com\/wordpress\/plugins\/seo\/ -->\n<title>Cedovim - Am\u00e1vel Costa<\/title>\n<meta name=\"description\" content=\"Des vins de Porto de qualit\u00e9 o\u00f9 l&#039;alliance entre tradition et modernit\u00e9 est si pr\u00e9sente dans l&#039;histoire de la marque Porto Cedovim.\" \/>\n<meta name=\"robots\" content=\"index, follow, max-snippet:-1, max-image-preview:large, max-video-preview:-1\" \/>\n<link rel=\"canonical\" href=\"https:\/\/amavelcosta.com\/fr\/boutique-vin-de-porto\/cedovim\/\" \/>\n<meta property=\"og:locale\" content=\"fr_FR\" \/>\n<meta property=\"og:type\" content=\"article\" \/>\n<meta property=\"og:title\" content=\"Cedovim - Am\u00e1vel Costa\" \/>\n<meta property=\"og:description\" content=\"Des vins de Porto de qualit\u00e9 o\u00f9 l&#039;alliance entre tradition et modernit\u00e9 est si pr\u00e9sente dans l&#039;histoire de la marque Porto Cedovim.\" \/>\n<meta property=\"og:url\" content=\"https:\/\/amavelcosta.com\/fr\/boutique-vin-de-porto\/cedovim\/\" \/>\n<meta property=\"og:site_name\" content=\"Am\u00e1vel Costa\" \/>\n<meta property=\"article:modified_time\" content=\"2021-12-28T18:27:17+00:00\" \/>\n<meta property=\"og:image\" content=\"https:\/\/amavelcosta.com\/wp-content\/uploads\/2021\/09\/vinho-porto-3.jpg\" \/>\n\t<meta property=\"og:image:width\" content=\"1600\" \/>\n\t<meta property=\"og:image:height\" content=\"750\" \/>\n\t<meta property=\"og:image:type\" content=\"image\/jpeg\" \/>\n<meta name=\"twitter:card\" content=\"summary_large_image\" \/>\n<script type=\"application\/ld+json\" class=\"yoast-schema-graph\">{\"@context\":\"https:\/\/schema.org\",\"@graph\":[{\"@type\":\"WebPage\",\"@id\":\"https:\/\/amavelcosta.com\/fr\/boutique-vin-de-porto\/cedovim\/\",\"url\":\"https:\/\/amavelcosta.com\/fr\/boutique-vin-de-porto\/cedovim\/\",\"name\":\"Cedovim - Am\u00e1vel Costa\",\"isPartOf\":{\"@id\":\"https:\/\/amavelcosta.com\/fr\/#website\"},\"primaryImageOfPage\":{\"@id\":\"https:\/\/amavelcosta.com\/fr\/boutique-vin-de-porto\/cedovim\/#primaryimage\"},\"image\":{\"@id\":\"https:\/\/amavelcosta.com\/fr\/boutique-vin-de-porto\/cedovim\/#primaryimage\"},\"thumbnailUrl\":\"https:\/\/amavelcosta.com\/wp-content\/uploads\/2021\/09\/vinho-porto-3.jpg\",\"datePublished\":\"2021-05-13T14:14:03+00:00\",\"dateModified\":\"2021-12-28T18:27:17+00:00\",\"description\":\"Des vins de Porto de qualit\u00e9 o\u00f9 l'alliance entre tradition et modernit\u00e9 est si pr\u00e9sente dans l'histoire de la marque Porto Cedovim.\",\"breadcrumb\":{\"@id\":\"https:\/\/amavelcosta.com\/fr\/boutique-vin-de-porto\/cedovim\/#breadcrumb\"},\"inLanguage\":\"fr-FR\",\"potentialAction\":[{\"@type\":\"ReadAction\",\"target\":[\"https:\/\/amavelcosta.com\/fr\/boutique-vin-de-porto\/cedovim\/\"]}]},{\"@type\":\"ImageObject\",\"inLanguage\":\"fr-FR\",\"@id\":\"https:\/\/amavelcosta.com\/fr\/boutique-vin-de-porto\/cedovim\/#primaryimage\",\"url\":\"https:\/\/amavelcosta.com\/wp-content\/uploads\/2021\/09\/vinho-porto-3.jpg\",\"contentUrl\":\"https:\/\/amavelcosta.com\/wp-content\/uploads\/2021\/09\/vinho-porto-3.jpg\",\"width\":1600,\"height\":750},{\"@type\":\"BreadcrumbList\",\"@id\":\"https:\/\/amavelcosta.com\/fr\/boutique-vin-de-porto\/cedovim\/#breadcrumb\",\"itemListElement\":[{\"@type\":\"ListItem\",\"position\":1,\"name\":\"In\u00edcio\",\"item\":\"https:\/\/amavelcosta.com\/fr\/\"},{\"@type\":\"ListItem\",\"position\":2,\"name\":\"Vin de Porto\",\"item\":\"https:\/\/amavelcosta.com\/fr\/boutique-vin-de-porto\/\"},{\"@type\":\"ListItem\",\"position\":3,\"name\":\"Cedovim\"}]},{\"@type\":\"WebSite\",\"@id\":\"https:\/\/amavelcosta.com\/fr\/#website\",\"url\":\"https:\/\/amavelcosta.com\/fr\/\",\"name\":\"Am\u00e1vel Costa\",\"description\":\"Vinho do Porto\",\"publisher\":{\"@id\":\"https:\/\/amavelcosta.com\/fr\/#organization\"},\"potentialAction\":[{\"@type\":\"SearchAction\",\"target\":{\"@type\":\"EntryPoint\",\"urlTemplate\":\"https:\/\/amavelcosta.com\/fr\/?s={search_term_string}\"},\"query-input\":{\"@type\":\"PropertyValueSpecification\",\"valueRequired\":true,\"valueName\":\"search_term_string\"}}],\"inLanguage\":\"fr-FR\"},{\"@type\":\"Organization\",\"@id\":\"https:\/\/amavelcosta.com\/fr\/#organization\",\"name\":\"Am\u00e1vel Costa\",\"url\":\"https:\/\/amavelcosta.com\/fr\/\",\"logo\":{\"@type\":\"ImageObject\",\"inLanguage\":\"fr-FR\",\"@id\":\"https:\/\/amavelcosta.com\/fr\/#\/schema\/logo\/image\/\",\"url\":\"https:\/\/amavelcosta.com\/wp-content\/uploads\/2021\/05\/logo-amavel.png\",\"contentUrl\":\"https:\/\/amavelcosta.com\/wp-content\/uploads\/2021\/05\/logo-amavel.png\",\"width\":309,\"height\":132,\"caption\":\"Am\u00e1vel Costa\"},\"image\":{\"@id\":\"https:\/\/amavelcosta.com\/fr\/#\/schema\/logo\/image\/\"}}]}<\/script>\n<!-- \/ Yoast SEO plugin. -->","yoast_head_json":{"title":"Cedovim - Am\u00e1vel Costa","description":"Des vins de Porto de qualit\u00e9 o\u00f9 l'alliance entre tradition et modernit\u00e9 est si pr\u00e9sente dans l'histoire de la marque Porto Cedovim.","robots":{"index":"index","follow":"follow","max-snippet":"max-snippet:-1","max-image-preview":"max-image-preview:large","max-video-preview":"max-video-preview:-1"},"canonical":"https:\/\/amavelcosta.com\/fr\/boutique-vin-de-porto\/cedovim\/","og_locale":"fr_FR","og_type":"article","og_title":"Cedovim - Am\u00e1vel Costa","og_description":"Des vins de Porto de qualit\u00e9 o\u00f9 l'alliance entre tradition et modernit\u00e9 est si pr\u00e9sente dans l'histoire de la marque Porto Cedovim.","og_url":"https:\/\/amavelcosta.com\/fr\/boutique-vin-de-porto\/cedovim\/","og_site_name":"Am\u00e1vel Costa","article_modified_time":"2021-12-28T18:27:17+00:00","og_image":[{"width":1600,"height":750,"url":"https:\/\/amavelcosta.com\/wp-content\/uploads\/2021\/09\/vinho-porto-3.jpg","type":"image\/jpeg"}],"twitter_card":"summary_large_image","schema":{"@context":"https:\/\/schema.org","@graph":[{"@type":"WebPage","@id":"https:\/\/amavelcosta.com\/fr\/boutique-vin-de-porto\/cedovim\/","url":"https:\/\/amavelcosta.com\/fr\/boutique-vin-de-porto\/cedovim\/","name":"Cedovim - Am\u00e1vel Costa","isPartOf":{"@id":"https:\/\/amavelcosta.com\/fr\/#website"},"primaryImageOfPage":{"@id":"https:\/\/amavelcosta.com\/fr\/boutique-vin-de-porto\/cedovim\/#primaryimage"},"image":{"@id":"https:\/\/amavelcosta.com\/fr\/boutique-vin-de-porto\/cedovim\/#primaryimage"},"thumbnailUrl":"https:\/\/amavelcosta.com\/wp-content\/uploads\/2021\/09\/vinho-porto-3.jpg","datePublished":"2021-05-13T14:14:03+00:00","dateModified":"2021-12-28T18:27:17+00:00","description":"Des vins de Porto de qualit\u00e9 o\u00f9 l'alliance entre tradition et modernit\u00e9 est si pr\u00e9sente dans l'histoire de la marque Porto Cedovim.","breadcrumb":{"@id":"https:\/\/amavelcosta.com\/fr\/boutique-vin-de-porto\/cedovim\/#breadcrumb"},"inLanguage":"fr-FR","potentialAction":[{"@type":"ReadAction","target":["https:\/\/amavelcosta.com\/fr\/boutique-vin-de-porto\/cedovim\/"]}]},{"@type":"ImageObject","inLanguage":"fr-FR","@id":"https:\/\/amavelcosta.com\/fr\/boutique-vin-de-porto\/cedovim\/#primaryimage","url":"https:\/\/amavelcosta.com\/wp-content\/uploads\/2021\/09\/vinho-porto-3.jpg","contentUrl":"https:\/\/amavelcosta.com\/wp-content\/uploads\/2021\/09\/vinho-porto-3.jpg","width":1600,"height":750},{"@type":"BreadcrumbList","@id":"https:\/\/amavelcosta.com\/fr\/boutique-vin-de-porto\/cedovim\/#breadcrumb","itemListElement":[{"@type":"ListItem","position":1,"name":"In\u00edcio","item":"https:\/\/amavelcosta.com\/fr\/"},{"@type":"ListItem","position":2,"name":"Vin de Porto","item":"https:\/\/amavelcosta.com\/fr\/boutique-vin-de-porto\/"},{"@type":"ListItem","position":3,"name":"Cedovim"}]},{"@type":"WebSite","@id":"https:\/\/amavelcosta.com\/fr\/#website","url":"https:\/\/amavelcosta.com\/fr\/","name":"Am\u00e1vel Costa","description":"Vinho do Porto","publisher":{"@id":"https:\/\/amavelcosta.com\/fr\/#organization"},"potentialAction":[{"@type":"SearchAction","target":{"@type":"EntryPoint","urlTemplate":"https:\/\/amavelcosta.com\/fr\/?s={search_term_string}"},"query-input":{"@type":"PropertyValueSpecification","valueRequired":true,"valueName":"search_term_string"}}],"inLanguage":"fr-FR"},{"@type":"Organization","@id":"https:\/\/amavelcosta.com\/fr\/#organization","name":"Am\u00e1vel Costa","url":"https:\/\/amavelcosta.com\/fr\/","logo":{"@type":"ImageObject","inLanguage":"fr-FR","@id":"https:\/\/amavelcosta.com\/fr\/#\/schema\/logo\/image\/","url":"https:\/\/amavelcosta.com\/wp-content\/uploads\/2021\/05\/logo-amavel.png","contentUrl":"https:\/\/amavelcosta.com\/wp-content\/uploads\/2021\/05\/logo-amavel.png","width":309,"height":132,"caption":"Am\u00e1vel Costa"},"image":{"@id":"https:\/\/amavelcosta.com\/fr\/#\/schema\/logo\/image\/"}}]}},"_links":{"self":[{"href":"https:\/\/amavelcosta.com\/fr\/wp-json\/wp\/v2\/pages\/2324","targetHints":{"allow":["GET"]}}],"collection":[{"href":"https:\/\/amavelcosta.com\/fr\/wp-json\/wp\/v2\/pages"}],"about":[{"href":"https:\/\/amavelcosta.com\/fr\/wp-json\/wp\/v2\/types\/page"}],"author":[{"embeddable":true,"href":"https:\/\/amavelcosta.com\/fr\/wp-json\/wp\/v2\/users\/1"}],"replies":[{"embeddable":true,"href":"https:\/\/amavelcosta.com\/fr\/wp-json\/wp\/v2\/comments?post=2324"}],"version-history":[{"count":3,"href":"https:\/\/amavelcosta.com\/fr\/wp-json\/wp\/v2\/pages\/2324\/revisions"}],"predecessor-version":[{"id":3055,"href":"https:\/\/amavelcosta.com\/fr\/wp-json\/wp\/v2\/pages\/2324\/revisions\/3055"}],"up":[{"embeddable":true,"href":"https:\/\/amavelcosta.com\/fr\/wp-json\/wp\/v2\/pages\/2320"}],"wp:featuredmedia":[{"embeddable":true,"href":"https:\/\/amavelcosta.com\/fr\/wp-json\/wp\/v2\/media\/2279"}],"wp:attachment":[{"href":"https:\/\/amavelcosta.com\/fr\/wp-json\/wp\/v2\/media?parent=2324"}],"curies":[{"name":"wp","href":"https:\/\/api.w.org\/{rel}","templated":true}]}}