{"id":2314,"date":"2016-03-10T10:44:30","date_gmt":"2016-03-10T10:44:30","guid":{"rendered":"https:\/\/amavelcosta.com\/homepage\/"},"modified":"2022-01-07T17:25:13","modified_gmt":"2022-01-07T17:25:13","slug":"homepage","status":"publish","type":"page","link":"https:\/\/amavelcosta.com\/fr\/","title":{"rendered":"Homepage"},"content":{"rendered":"<div class=\"wpb-content-wrapper\"><p>[vc_row full_width=\u00a0\u00bbstretch_row\u00a0\u00bb full_height=\u00a0\u00bbyes\u00a0\u00bb columns_placement=\u00a0\u00bbstretch\u00a0\u00bb equal_height=\u00a0\u00bbyes\u00a0\u00bb content_placement=\u00a0\u00bbbottom\u00a0\u00bb parallax=\u00a0\u00bbcontent-moving\u00a0\u00bb parallax_image=\u00a0\u00bb3111&Prime; css=\u00a0\u00bb.vc_custom_1641576303515{padding-top: 0px !important;padding-bottom: 0px !important;background-position: center;background-repeat: no-repeat !important;background-size: contain !important;}\u00a0\u00bb el_id=\u00a0\u00bbvinho\u00a0\u00bb el_class=\u00a0\u00bbsnap-child\u00a0\u00bb][vc_column offset=\u00a0\u00bbvc_col-lg-6 vc_col-md-6&Prime; el_class=\u00a0\u00bbmobile-text-center\u00a0\u00bb][vc_empty_space height=\u00a0\u00bb50px\u00a0\u00bb]\n\t<div class=\"title-subtitle-box  \" style=\" text-align: left;\">\n\t\t<h1 style=\" color:#ffffff;  font-style: bold;\">Am\u00e1vel Costa<\/h1>\n\t<\/div> [vc_custom_heading text=\u00a0\u00bb\u00c9quilibre, \u00e9l\u00e9gance et ar\u00f4mes uniques\u00a0\u00bb font_container=\u00a0\u00bbtag:p|font_size:18px|text_align:left|color:%23ffffff\u00a0\u00bb use_theme_fonts=\u00a0\u00bbyes\u00a0\u00bb][vc_btn title=\u00a0\u00bbAcheter\u00a0\u00bb style=\u00a0\u00bboutline\u00a0\u00bb shape=\u00a0\u00bbsquare\u00a0\u00bb color=\u00a0\u00bbwhite\u00a0\u00bb size=\u00a0\u00bblg\u00a0\u00bb align=\u00a0\u00bbleft\u00a0\u00bb link=\u00a0\u00bburl:https%3A%2F%2Famavelcosta.com%2Ffr%2Fboutique-vin-de-porto%2Famavel-costa%2F|title:Am%C3%A1vel%20Costa\u00a0\u00bb][vc_empty_space height=\u00a0\u00bb50px\u00a0\u00bb]\n\t<div class=\"title-subtitle-box  \" style=\" text-align: left;\">\n\t\t<h1 style=\" color:#ffffff;  font-style: bold;\">Cedovim<\/h1>\n\t<\/div> [vc_custom_heading text=\u00a0\u00bbAlliance entre tradition et modernit\u00e9\u00a0\u00bb font_container=\u00a0\u00bbtag:p|font_size:18px|text_align:left|color:%23ffffff\u00a0\u00bb use_theme_fonts=\u00a0\u00bbyes\u00a0\u00bb][vc_btn title=\u00a0\u00bbAcheter\u00a0\u00bb style=\u00a0\u00bboutline\u00a0\u00bb shape=\u00a0\u00bbsquare\u00a0\u00bb color=\u00a0\u00bbwhite\u00a0\u00bb size=\u00a0\u00bblg\u00a0\u00bb align=\u00a0\u00bbleft\u00a0\u00bb link=\u00a0\u00bburl:https%3A%2F%2Famavelcosta.com%2Ffr%2Fboutique-vin-de-porto%2Fcedovim%2F|title:Cedovim\u00a0\u00bb][vc_empty_space height=\u00a0\u00bb100px\u00a0\u00bb][\/vc_column][vc_column offset=\u00a0\u00bbvc_col-lg-6 vc_col-md-6&Prime;][vc_single_image image=\u00a0\u00bb1283&Prime; img_size=\u00a0\u00bbfull\u00a0\u00bb alignment=\u00a0\u00bbright\u00a0\u00bb css_animation=\u00a0\u00bbnone\u00a0\u00bb el_id=\u00a0\u00bbbottles-top\u00a0\u00bb css=\u00a0\u00bb.vc_custom_1632301696384{margin-bottom: 0px !important;border-bottom-width: 0px !important;padding-bottom: 0px !important;}\u00a0\u00bb][\/vc_column][\/vc_row][vc_row full_width=\u00a0\u00bbstretch_row\u00a0\u00bb full_height=\u00a0\u00bbyes\u00a0\u00bb equal_height=\u00a0\u00bbyes\u00a0\u00bb content_placement=\u00a0\u00bbmiddle\u00a0\u00bb parallax=\u00a0\u00bbcontent-moving\u00a0\u00bb parallax_image=\u00a0\u00bb1660&Prime; el_id=\u00a0\u00bbquintas\u00a0\u00bb el_class=\u00a0\u00bbsnap-child\u00a0\u00bb][vc_column]\n\t<div class=\"title-subtitle-box  \" style=\" text-align: center;\">\n\t\t<p  style=\" color:#ffffff; \">Fermes Viticole Am\u00e1vel Costa<\/p>\n\t\t<h1 style=\" color:#ffffff;  font-style: bold;\">Au coeur du Haut Douro<\/h1>\n\t<\/div> [vc_row_inner][vc_column_inner width=\u00a0\u00bb1\/4&Prime;][\/vc_column_inner][vc_column_inner el_class=\u00a0\u00bbtext-center\u00a0\u00bb width=\u00a0\u00bb1\/2&Prime;][vc_custom_heading text=\u00a0\u00bbDes lieux privil\u00e9gi\u00e9s o\u00f9 l&rsquo;on reconna\u00eet le savoir-faire investi par la famille dans la gestion de son vignoble.\u00a0\u00bb font_container=\u00a0\u00bbtag:p|font_size:18px|text_align:center|color:%23ffffff\u00a0\u00bb use_theme_fonts=\u00a0\u00bbyes\u00a0\u00bb][vc_btn title=\u00a0\u00bbQUINTA DA VEIGA GRANDE\u00a0\u00bb style=\u00a0\u00bboutline\u00a0\u00bb shape=\u00a0\u00bbsquare\u00a0\u00bb color=\u00a0\u00bbwhite\u00a0\u00bb size=\u00a0\u00bblg\u00a0\u00bb css=\u00a0\u00bb.vc_custom_1635500790809{margin-right: 5px !important;margin-left: 5px !important;}\u00a0\u00bb link=\u00a0\u00bburl:https%3A%2F%2Famavelcosta.com%2Ffr%2Ffermes-viticole%2Fquinta-da-veiga-grande%2F|title:Quinta%20da%20Veiga%20Grande\u00a0\u00bb][vc_btn title=\u00a0\u00bbQUINTA DO PARA\u00cdSO\u00a0\u00bb style=\u00a0\u00bboutline\u00a0\u00bb shape=\u00a0\u00bbsquare\u00a0\u00bb color=\u00a0\u00bbwhite\u00a0\u00bb size=\u00a0\u00bblg\u00a0\u00bb css=\u00a0\u00bb.vc_custom_1635500799422{margin-right: 5px !important;margin-left: 5px !important;}\u00a0\u00bb link=\u00a0\u00bburl:https%3A%2F%2Famavelcosta.com%2Ffr%2Ffermes-viticole%2Fquinta-do-paraiso%2F|title:Quinta%20do%20Para%C3%ADso\u00a0\u00bb][\/vc_column_inner][vc_column_inner width=\u00a0\u00bb1\/4&Prime;][\/vc_column_inner][\/vc_row_inner][\/vc_column][\/vc_row][vc_row full_width=\u00a0\u00bbstretch_row\u00a0\u00bb full_height=\u00a0\u00bbyes\u00a0\u00bb equal_height=\u00a0\u00bbyes\u00a0\u00bb content_placement=\u00a0\u00bbmiddle\u00a0\u00bb parallax=\u00a0\u00bbcontent-moving\u00a0\u00bb parallax_image=\u00a0\u00bb1662&Prime; el_id=\u00a0\u00bbadega\u00a0\u00bb el_class=\u00a0\u00bbsnap-child\u00a0\u00bb][vc_column][vc_row_inner][vc_column_inner width=\u00a0\u00bb1\/6&Prime;][\/vc_column_inner][vc_column_inner el_class=\u00a0\u00bbtext-center\u00a0\u00bb width=\u00a0\u00bb2\/3&Prime;]\n\t<div class=\"title-subtitle-box  \" style=\" text-align: center;\">\n\t\t<p  style=\" color:#ffffff; \">Visitez notre cave<\/p>\n\t\t<h1 style=\" color:#ffffff;  font-style: bold;\">Voyage entre m\u00e9moire et excellence du vin<\/h1>\n\t<\/div> [vc_custom_heading text=\u00a0\u00bbDe la fabrication au stockage dans des f\u00fbts de bois centenaires, on peut voir le temps qui s&rsquo;est \u00e9coul\u00e9, mais qui reste dans l&rsquo;ar\u00f4me et la saveur des Vins de Vieux Port.\u00a0\u00bb font_container=\u00a0\u00bbtag:p|font_size:18px|text_align:center|color:%23ffffff\u00a0\u00bb use_theme_fonts=\u00a0\u00bbyes\u00a0\u00bb][vc_btn title=\u00a0\u00bbVOIR PLUS\u00a0\u00bb style=\u00a0\u00bboutline\u00a0\u00bb shape=\u00a0\u00bbsquare\u00a0\u00bb color=\u00a0\u00bbwhite\u00a0\u00bb size=\u00a0\u00bblg\u00a0\u00bb css=\u00a0\u00bb.vc_custom_1635500807945{margin-right: 5px !important;margin-left: 5px !important;}\u00a0\u00bb link=\u00a0\u00bburl:https%3A%2F%2Famavelcosta.com%2Ffr%2Fcave%2F|title:Cave\u00a0\u00bb][\/vc_column_inner][vc_column_inner width=\u00a0\u00bb1\/6&Prime;][\/vc_column_inner][\/vc_row_inner][\/vc_column][\/vc_row][vc_row full_width=\u00a0\u00bbstretch_row\u00a0\u00bb css=\u00a0\u00bb.vc_custom_1592420504952{padding-top: 50px !important;padding-bottom: 30px !important;background-color: #000000 !important;}\u00a0\u00bb el_id=\u00a0\u00bbnoticias\u00a0\u00bb el_class=\u00a0\u00bbsnap-child\u00a0\u00bb][vc_column]\n\t<div class=\"title-subtitle-box  vc_custom_1635500839642\" style=\" margin-bottom:30px; text-align: center;\">\n\t\t<h1 style=\" color:#ffffff;  font-style: bold;\">Actualit\u00e9s<\/h1>\n\t<\/div> [vc_basic_grid post_type=\u00a0\u00bbpost\u00a0\u00bb max_items=\u00a0\u00bb3&Prime; gap=\u00a0\u00bb0&Prime; item=\u00a0\u00bb1517&Prime; grid_id=\u00a0\u00bbvc_gid:1641576264236-73e1b5ab-d00e-9&Prime; taxonomies=\u00a0\u00bb1&Prime;][vc_btn title=\u00a0\u00bbVOIR TOUT\u00a0\u00bb style=\u00a0\u00bboutline\u00a0\u00bb shape=\u00a0\u00bbsquare\u00a0\u00bb color=\u00a0\u00bbwhite\u00a0\u00bb size=\u00a0\u00bblg\u00a0\u00bb align=\u00a0\u00bbcenter\u00a0\u00bb css=\u00a0\u00bb.vc_custom_1635500867466{margin-top: 0px !important;margin-right: 5px !important;margin-left: 5px !important;}\u00a0\u00bb link=\u00a0\u00bburl:https%3A%2F%2Famavelcosta.com%2Ffr%2Factualites%2F|title:Actualit%C3%A9s\u00a0\u00bb][\/vc_column][\/vc_row][vc_row full_width=\u00a0\u00bbstretch_row_content_no_spaces\u00a0\u00bb disable_element=\u00a0\u00bbyes\u00a0\u00bb css=\u00a0\u00bb.vc_custom_1640786151802{margin-top: 0px !important;margin-bottom: 0px !important;padding-top: 0px !important;padding-bottom: 0px !important;}\u00a0\u00bb][vc_column css=\u00a0\u00bb.vc_custom_1620140906601{margin-top: 0px !important;margin-bottom: 0px !important;padding-top: 0px !important;padding-bottom: 0px !important;}\u00a0\u00bb][vc_basic_grid post_type=\u00a0\u00bbpost\u00a0\u00bb max_items=\u00a0\u00bb3&Prime; gap=\u00a0\u00bb0&Prime; item=\u00a0\u00bb1447&Prime; grid_id=\u00a0\u00bbvc_gid:1641576264238-4dfdedc9-56fa-4&Prime; css=\u00a0\u00bb.vc_custom_1620147839590{margin-top: 0px !important;margin-bottom: 0px !important;padding-top: 0px !important;padding-bottom: 0px !important;}\u00a0\u00bb taxonomies=\u00a0\u00bb16&Prime; el_class=\u00a0\u00bbmagazine-post\u00a0\u00bb][\/vc_column][\/vc_row]<\/p>\n<\/div>","protected":false},"excerpt":{"rendered":"<p>[vc_row full_width=\u00a0\u00bbstretch_row\u00a0\u00bb full_height=\u00a0\u00bbyes\u00a0\u00bb columns_placement=\u00a0\u00bbstretch\u00a0\u00bb equal_height=\u00a0\u00bbyes\u00a0\u00bb content_placement=\u00a0\u00bbbottom\u00a0\u00bb parallax=\u00a0\u00bbcontent-moving\u00a0\u00bb parallax_image=\u00a0\u00bb3111&Prime; css=\u00a0\u00bb.vc_custom_1641576303515{padding-top: 0px !important;padding-bottom: 0px !important;background-position: center;background-repeat: no-repeat !important;background-size: contain !important;}\u00a0\u00bb el_id=\u00a0\u00bbvinho\u00a0\u00bb el_class=\u00a0\u00bbsnap-child\u00a0\u00bb][vc_column offset=\u00a0\u00bbvc_col-lg-6 vc_col-md-6&Prime; el_class=\u00a0\u00bbmobile-text-center\u00a0\u00bb][vc_empty_space height=\u00a0\u00bb50px\u00a0\u00bb][vc_custom_heading text=\u00a0\u00bb\u00c9quilibre, \u00e9l\u00e9gance et ar\u00f4mes uniques\u00a0\u00bb font_container=\u00a0\u00bbtag:p|font_size:18px|text_align:left|color:%23ffffff\u00a0\u00bb use_theme_fonts=\u00a0\u00bbyes\u00a0\u00bb][vc_btn title=\u00a0\u00bbAcheter\u00a0\u00bb style=\u00a0\u00bboutline\u00a0\u00bb shape=\u00a0\u00bbsquare\u00a0\u00bb color=\u00a0\u00bbwhite\u00a0\u00bb size=\u00a0\u00bblg\u00a0\u00bb align=\u00a0\u00bbleft\u00a0\u00bb link=\u00a0\u00bburl:https%3A%2F%2Famavelcosta.com%2Ffr%2Fboutique-vin-de-porto%2Famavel-costa%2F|title:Am%C3%A1vel%20Costa\u00a0\u00bb][vc_empty_space height=\u00a0\u00bb50px\u00a0\u00bb][vc_custom_heading text=\u00a0\u00bbAlliance entre tradition et modernit\u00e9\u00a0\u00bb font_container=\u00a0\u00bbtag:p|font_size:18px|text_align:left|color:%23ffffff\u00a0\u00bb use_theme_fonts=\u00a0\u00bbyes\u00a0\u00bb][vc_btn title=\u00a0\u00bbAcheter\u00a0\u00bb style=\u00a0\u00bboutline\u00a0\u00bb shape=\u00a0\u00bbsquare\u00a0\u00bb color=\u00a0\u00bbwhite\u00a0\u00bb size=\u00a0\u00bblg\u00a0\u00bb align=\u00a0\u00bbleft\u00a0\u00bb link=\u00a0\u00bburl:https%3A%2F%2Famavelcosta.com%2Ffr%2Fboutique-vin-de-porto%2Fcedovim%2F|title:Cedovim\u00a0\u00bb][vc_empty_space height=\u00a0\u00bb100px\u00a0\u00bb][\/vc_column][vc_column offset=\u00a0\u00bbvc_col-lg-6<br class=\"read-more-spacer\"> <a class=\"more-link\" href=\"https:\/\/amavelcosta.com\/fr\/\">Read More<\/a><\/p>\n","protected":false},"author":1,"featured_media":0,"parent":0,"menu_order":0,"comment_status":"closed","ping_status":"closed","template":"","meta":{"footnotes":""},"class_list":["post-2314","page","type-page","status-publish","hentry"],"yoast_head":"<!-- This site is optimized with the Yoast SEO plugin v25.8 - https:\/\/yoast.com\/wordpress\/plugins\/seo\/ -->\n<title>Am\u00e1vel Costa - Vinho do Porto<\/title>\n<meta name=\"description\" content=\"Les Vins de Porto, stock\u00e9s dans des f\u00fbts de ch\u00eane et d\u2019acajou, offrent, \u00e0 chacune des g\u00e9n\u00e9rations, de l\u2019\u00e9quilibre, de l\u2019\u00e9l\u00e9gance et des ar\u00f4mes exceptionnels.\" \/>\n<meta name=\"robots\" content=\"index, follow, max-snippet:-1, max-image-preview:large, max-video-preview:-1\" \/>\n<link rel=\"canonical\" href=\"https:\/\/amavelcosta.com\/fr\/\" \/>\n<meta property=\"og:locale\" content=\"fr_FR\" \/>\n<meta property=\"og:type\" content=\"article\" \/>\n<meta property=\"og:title\" content=\"Am\u00e1vel Costa - Vinho do Porto\" \/>\n<meta property=\"og:description\" content=\"Les Vins de Porto, stock\u00e9s dans des f\u00fbts de ch\u00eane et d\u2019acajou, offrent, \u00e0 chacune des g\u00e9n\u00e9rations, de l\u2019\u00e9quilibre, de l\u2019\u00e9l\u00e9gance et des ar\u00f4mes exceptionnels.\" \/>\n<meta property=\"og:url\" content=\"https:\/\/amavelcosta.com\/fr\/\" \/>\n<meta property=\"og:site_name\" content=\"Am\u00e1vel Costa\" \/>\n<meta property=\"article:modified_time\" content=\"2022-01-07T17:25:13+00:00\" \/>\n<meta name=\"twitter:card\" content=\"summary_large_image\" \/>\n<meta name=\"twitter:label1\" content=\"Dur\u00e9e de lecture estim\u00e9e\" \/>\n\t<meta name=\"twitter:data1\" content=\"4 minutes\" \/>\n<script type=\"application\/ld+json\" class=\"yoast-schema-graph\">{\"@context\":\"https:\/\/schema.org\",\"@graph\":[{\"@type\":\"WebPage\",\"@id\":\"https:\/\/amavelcosta.com\/fr\/\",\"url\":\"https:\/\/amavelcosta.com\/fr\/\",\"name\":\"Am\u00e1vel Costa - Vinho do Porto\",\"isPartOf\":{\"@id\":\"https:\/\/amavelcosta.com\/fr\/#website\"},\"datePublished\":\"2016-03-10T10:44:30+00:00\",\"dateModified\":\"2022-01-07T17:25:13+00:00\",\"description\":\"Les Vins de Porto, stock\u00e9s dans des f\u00fbts de ch\u00eane et d\u2019acajou, offrent, \u00e0 chacune des g\u00e9n\u00e9rations, de l\u2019\u00e9quilibre, de l\u2019\u00e9l\u00e9gance et des ar\u00f4mes exceptionnels.\",\"breadcrumb\":{\"@id\":\"https:\/\/amavelcosta.com\/fr\/#breadcrumb\"},\"inLanguage\":\"fr-FR\",\"potentialAction\":[{\"@type\":\"ReadAction\",\"target\":[\"https:\/\/amavelcosta.com\/fr\/\"]}]},{\"@type\":\"BreadcrumbList\",\"@id\":\"https:\/\/amavelcosta.com\/fr\/#breadcrumb\",\"itemListElement\":[{\"@type\":\"ListItem\",\"position\":1,\"name\":\"In\u00edcio\",\"item\":\"https:\/\/amavelcosta.com\/fr\/\"},{\"@type\":\"ListItem\",\"position\":2,\"name\":\"Homepage\"}]},{\"@type\":\"WebSite\",\"@id\":\"https:\/\/amavelcosta.com\/fr\/#website\",\"url\":\"https:\/\/amavelcosta.com\/fr\/\",\"name\":\"Am\u00e1vel Costa\",\"description\":\"Vinho do Porto\",\"publisher\":{\"@id\":\"https:\/\/amavelcosta.com\/fr\/#organization\"},\"potentialAction\":[{\"@type\":\"SearchAction\",\"target\":{\"@type\":\"EntryPoint\",\"urlTemplate\":\"https:\/\/amavelcosta.com\/fr\/?s={search_term_string}\"},\"query-input\":{\"@type\":\"PropertyValueSpecification\",\"valueRequired\":true,\"valueName\":\"search_term_string\"}}],\"inLanguage\":\"fr-FR\"},{\"@type\":\"Organization\",\"@id\":\"https:\/\/amavelcosta.com\/fr\/#organization\",\"name\":\"Am\u00e1vel Costa\",\"url\":\"https:\/\/amavelcosta.com\/fr\/\",\"logo\":{\"@type\":\"ImageObject\",\"inLanguage\":\"fr-FR\",\"@id\":\"https:\/\/amavelcosta.com\/fr\/#\/schema\/logo\/image\/\",\"url\":\"https:\/\/amavelcosta.com\/wp-content\/uploads\/2021\/05\/logo-amavel.png\",\"contentUrl\":\"https:\/\/amavelcosta.com\/wp-content\/uploads\/2021\/05\/logo-amavel.png\",\"width\":309,\"height\":132,\"caption\":\"Am\u00e1vel Costa\"},\"image\":{\"@id\":\"https:\/\/amavelcosta.com\/fr\/#\/schema\/logo\/image\/\"}}]}<\/script>\n<!-- \/ Yoast SEO plugin. -->","yoast_head_json":{"title":"Am\u00e1vel Costa - Vinho do Porto","description":"Les Vins de Porto, stock\u00e9s dans des f\u00fbts de ch\u00eane et d\u2019acajou, offrent, \u00e0 chacune des g\u00e9n\u00e9rations, de l\u2019\u00e9quilibre, de l\u2019\u00e9l\u00e9gance et des ar\u00f4mes exceptionnels.","robots":{"index":"index","follow":"follow","max-snippet":"max-snippet:-1","max-image-preview":"max-image-preview:large","max-video-preview":"max-video-preview:-1"},"canonical":"https:\/\/amavelcosta.com\/fr\/","og_locale":"fr_FR","og_type":"article","og_title":"Am\u00e1vel Costa - Vinho do Porto","og_description":"Les Vins de Porto, stock\u00e9s dans des f\u00fbts de ch\u00eane et d\u2019acajou, offrent, \u00e0 chacune des g\u00e9n\u00e9rations, de l\u2019\u00e9quilibre, de l\u2019\u00e9l\u00e9gance et des ar\u00f4mes exceptionnels.","og_url":"https:\/\/amavelcosta.com\/fr\/","og_site_name":"Am\u00e1vel Costa","article_modified_time":"2022-01-07T17:25:13+00:00","twitter_card":"summary_large_image","twitter_misc":{"Dur\u00e9e de lecture estim\u00e9e":"4 minutes"},"schema":{"@context":"https:\/\/schema.org","@graph":[{"@type":"WebPage","@id":"https:\/\/amavelcosta.com\/fr\/","url":"https:\/\/amavelcosta.com\/fr\/","name":"Am\u00e1vel Costa - Vinho do Porto","isPartOf":{"@id":"https:\/\/amavelcosta.com\/fr\/#website"},"datePublished":"2016-03-10T10:44:30+00:00","dateModified":"2022-01-07T17:25:13+00:00","description":"Les Vins de Porto, stock\u00e9s dans des f\u00fbts de ch\u00eane et d\u2019acajou, offrent, \u00e0 chacune des g\u00e9n\u00e9rations, de l\u2019\u00e9quilibre, de l\u2019\u00e9l\u00e9gance et des ar\u00f4mes exceptionnels.","breadcrumb":{"@id":"https:\/\/amavelcosta.com\/fr\/#breadcrumb"},"inLanguage":"fr-FR","potentialAction":[{"@type":"ReadAction","target":["https:\/\/amavelcosta.com\/fr\/"]}]},{"@type":"BreadcrumbList","@id":"https:\/\/amavelcosta.com\/fr\/#breadcrumb","itemListElement":[{"@type":"ListItem","position":1,"name":"In\u00edcio","item":"https:\/\/amavelcosta.com\/fr\/"},{"@type":"ListItem","position":2,"name":"Homepage"}]},{"@type":"WebSite","@id":"https:\/\/amavelcosta.com\/fr\/#website","url":"https:\/\/amavelcosta.com\/fr\/","name":"Am\u00e1vel Costa","description":"Vinho do Porto","publisher":{"@id":"https:\/\/amavelcosta.com\/fr\/#organization"},"potentialAction":[{"@type":"SearchAction","target":{"@type":"EntryPoint","urlTemplate":"https:\/\/amavelcosta.com\/fr\/?s={search_term_string}"},"query-input":{"@type":"PropertyValueSpecification","valueRequired":true,"valueName":"search_term_string"}}],"inLanguage":"fr-FR"},{"@type":"Organization","@id":"https:\/\/amavelcosta.com\/fr\/#organization","name":"Am\u00e1vel Costa","url":"https:\/\/amavelcosta.com\/fr\/","logo":{"@type":"ImageObject","inLanguage":"fr-FR","@id":"https:\/\/amavelcosta.com\/fr\/#\/schema\/logo\/image\/","url":"https:\/\/amavelcosta.com\/wp-content\/uploads\/2021\/05\/logo-amavel.png","contentUrl":"https:\/\/amavelcosta.com\/wp-content\/uploads\/2021\/05\/logo-amavel.png","width":309,"height":132,"caption":"Am\u00e1vel Costa"},"image":{"@id":"https:\/\/amavelcosta.com\/fr\/#\/schema\/logo\/image\/"}}]}},"_links":{"self":[{"href":"https:\/\/amavelcosta.com\/fr\/wp-json\/wp\/v2\/pages\/2314","targetHints":{"allow":["GET"]}}],"collection":[{"href":"https:\/\/amavelcosta.com\/fr\/wp-json\/wp\/v2\/pages"}],"about":[{"href":"https:\/\/amavelcosta.com\/fr\/wp-json\/wp\/v2\/types\/page"}],"author":[{"embeddable":true,"href":"https:\/\/amavelcosta.com\/fr\/wp-json\/wp\/v2\/users\/1"}],"replies":[{"embeddable":true,"href":"https:\/\/amavelcosta.com\/fr\/wp-json\/wp\/v2\/comments?post=2314"}],"version-history":[{"count":8,"href":"https:\/\/amavelcosta.com\/fr\/wp-json\/wp\/v2\/pages\/2314\/revisions"}],"predecessor-version":[{"id":3116,"href":"https:\/\/amavelcosta.com\/fr\/wp-json\/wp\/v2\/pages\/2314\/revisions\/3116"}],"wp:attachment":[{"href":"https:\/\/amavelcosta.com\/fr\/wp-json\/wp\/v2\/media?parent=2314"}],"curies":[{"name":"wp","href":"https:\/\/api.w.org\/{rel}","templated":true}]}}