{"id":2312,"date":"2021-04-27T15:03:07","date_gmt":"2021-04-27T15:03:07","guid":{"rendered":"https:\/\/amavelcosta.com\/historia\/"},"modified":"2021-12-28T17:31:09","modified_gmt":"2021-12-28T17:31:09","slug":"histoire","status":"publish","type":"page","link":"https:\/\/amavelcosta.com\/fr\/histoire\/","title":{"rendered":"Histoire"},"content":{"rendered":"<div class=\"wpb-content-wrapper\"><p>[vc_row el_id=\u00a0\u00bbfirst-row\u00a0\u00bb][vc_column width=\u00a0\u00bb5\/12&Prime; css=\u00a0\u00bb.vc_custom_1619781741177{margin-top: -50px !important;}\u00a0\u00bb el_class=\u00a0\u00bbimg-column\u00a0\u00bb][vc_single_image image=\u00a0\u00bb1373&Prime; img_size=\u00a0\u00bbfull\u00a0\u00bb alignment=\u00a0\u00bbcenter\u00a0\u00bb style=\u00a0\u00bbvc_box_border\u00a0\u00bb border_color=\u00a0\u00bbwhite\u00a0\u00bb][vc_custom_heading text=\u00a0\u00bbMiguel Costa et sa famille\u00a0\u00bb font_container=\u00a0\u00bbtag:p|font_size:12px|text_align:center\u00a0\u00bb use_theme_fonts=\u00a0\u00bbyes\u00a0\u00bb el_class=\u00a0\u00bbtext-uppercase\u00a0\u00bb css=\u00a0\u00bb.vc_custom_1635429992156{margin-top: -30px !important;}\u00a0\u00bb][\/vc_column][vc_column width=\u00a0\u00bb7\/12&Prime; css=\u00a0\u00bb.vc_custom_1619797171163{margin-top: 100px !important;}\u00a0\u00bb el_class=\u00a0\u00bbtxt-column\u00a0\u00bb][vc_single_image image=\u00a0\u00bb1375&Prime; alignment=\u00a0\u00bbcenter\u00a0\u00bb][vc_column_text]Au milieu du 19\u00e8me si\u00e8cle, <strong>Miguel Ant\u00f3nio Costa<\/strong>, arri\u00e8re-grand-p\u00e8re de la propri\u00e9taire actuelle, produisait et vendait du Vin de Porto en vrac. \u00c0 cette \u00e9poque, le transport se faisait dans des barriques, solidement attach\u00e9es, dans des embarcations typiques (\u00ab rebelo \u00bb) qui naviguaient sur le fleuve Douro jusqu\u2019aux entrep\u00f4ts de Gaia.<\/p>\n<p>Le d\u00e9vouement de Miguel Ant\u00f3nio Costa au Vin de Porto et la conviction que le stockage \/ la maturation serait une bonne initiative, l\u2019am\u00e8nent \u00e0 entreposer dans sa cave du Vin de Porto dans des cuves en bois. Un petit tonneau y demeure aujourd\u2019hui encore, pr\u00e9servant un lot de vieux Vin de Porto qui t\u00e9moigne de cette \u00e9poque.[\/vc_column_text][\/vc_column][\/vc_row][vc_row el_id=\u00a0\u00bbsecond-row\u00a0\u00bb][vc_column width=\u00a0\u00bb5\/12&Prime; css=\u00a0\u00bb.vc_custom_1634135101116{margin-top: 70px !important;padding-right: 30px !important;padding-left: 30px !important;}\u00a0\u00bb el_class=\u00a0\u00bbtext-column\u00a0\u00bb][vc_column_text]<strong>Agostinho Am\u00e1vel Costa<\/strong>, suivant les traces de son p\u00e8re Jos\u00e9 Augusto Costa et de son grand-p\u00e8re Miguel Ant\u00f3nio Costa, a continu\u00e9 \u00e0 veiller aux Vins de Porto, pour la vente en vrac mais aussi pour leur stockage, pendant des d\u00e9cennies, constituant ainsi un stock impressionnant de Vins de Porto tr\u00e8s vieux.[\/vc_column_text][\/vc_column][vc_column width=\u00a0\u00bb7\/12&Prime; css=\u00a0\u00bb.vc_custom_1619797485763{margin-top: -100px !important;}\u00a0\u00bb el_class=\u00a0\u00bbimg-column\u00a0\u00bb][vc_single_image image=\u00a0\u00bb1376&Prime; img_size=\u00a0\u00bbfull\u00a0\u00bb alignment=\u00a0\u00bbcenter\u00a0\u00bb style=\u00a0\u00bbvc_box_border\u00a0\u00bb border_color=\u00a0\u00bbblack\u00a0\u00bb][vc_custom_heading text=\u00a0\u00bbFamille Am\u00e1vel Costa\u00a0\u00bb font_container=\u00a0\u00bbtag:p|font_size:12px|text_align:center\u00a0\u00bb use_theme_fonts=\u00a0\u00bbyes\u00a0\u00bb el_class=\u00a0\u00bbtext-uppercase\u00a0\u00bb css=\u00a0\u00bb.vc_custom_1635430352995{margin-top: -30px !important;}\u00a0\u00bb][\/vc_column][\/vc_row][vc_row full_width=\u00a0\u00bbstretch_row\u00a0\u00bb css=\u00a0\u00bb.vc_custom_1619722465331{margin-top: 50px !important;margin-bottom: 0px !important;padding-top: 0px !important;padding-right: 0px !important;padding-bottom: 0px !important;padding-left: 0px !important;background-image: url(https:\/\/amavelcosta.com\/wp-content\/uploads\/2021\/04\/bg-blur.jpg?id=1382) !important;background-position: center !important;background-repeat: no-repeat !important;background-size: cover !important;}\u00a0\u00bb][vc_column][vc_single_image image=\u00a0\u00bb1381&Prime; img_size=\u00a0\u00bbfull\u00a0\u00bb alignment=\u00a0\u00bbcenter\u00a0\u00bb css=\u00a0\u00bb.vc_custom_1619778844388{margin-top: 0px !important;margin-right: 0px !important;margin-bottom: 0px !important;margin-left: 0px !important;border-top-width: 0px !important;border-right-width: 0px !important;border-bottom-width: 0px !important;border-left-width: 0px !important;padding-top: 0px !important;padding-right: 0px !important;padding-bottom: 0px !important;padding-left: 0px !important;border-left-color: #ffffff !important;border-left-style: solid !important;border-right-color: #ffffff !important;border-right-style: solid !important;border-top-color: #ffffff !important;border-top-style: solid !important;border-bottom-color: #ffffff !important;border-bottom-style: solid !important;}\u00a0\u00bb el_class=\u00a0\u00bbdouble-border\u00a0\u00bb][\/vc_column][\/vc_row][vc_row css=\u00a0\u00bb.vc_custom_1619782289184{margin-top: 10px !important;}\u00a0\u00bb][vc_column][vc_custom_heading text=\u00a0\u00bbLa famille Am\u00e1vel Costa lors de la r\u00e9colte de 1933, (En vedette : Agostinho Am\u00e1vel Costa)\u00a0\u00bb font_container=\u00a0\u00bbtag:p|font_size:12px|text_align:center\u00a0\u00bb use_theme_fonts=\u00a0\u00bbyes\u00a0\u00bb el_class=\u00a0\u00bbtext-uppercase\u00a0\u00bb][\/vc_column][\/vc_row][vc_row css=\u00a0\u00bb.vc_custom_1619782305604{margin-top: 50px !important;}\u00a0\u00bb][vc_column width=\u00a0\u00bb1\/4&Prime;][\/vc_column][vc_column width=\u00a0\u00bb1\/2&Prime;][vc_single_image image=\u00a0\u00bb1375&Prime; alignment=\u00a0\u00bbcenter\u00a0\u00bb][vc_column_text css=\u00a0\u00bb.vc_custom_1635501776703{margin-bottom: 100px !important;}\u00a0\u00bb]<strong>Isabel Costa<\/strong>, comme son p\u00e8re, modernise et se consacre avec passion aux vignes et au Vin de Porto, \u00e9largit le stock, innove les installations, les proc\u00e9d\u00e9s, rafra\u00eechit et r\u00e9nove l\u2019image des marques Am\u00e1vel Costa et Cedovim, mise sur le march\u00e9 nationale et sur l\u2019internationalisation des vins de Porto Am\u00e1vel Costa.<\/p>\n<p>Les vins Am\u00e1vel Costa et leur image r\u00e9nov\u00e9e ont r\u00e9cemment fait l\u2019objet de distinction \u00e0 des concours internationaux, notamment les fameux vieux tawnies Am\u00e1vel Costa. Ils sont actuellement en vente sur le march\u00e9 national et international.[\/vc_column_text][\/vc_column][vc_column width=\u00a0\u00bb1\/4&Prime;][\/vc_column][\/vc_row][vc_row full_width=\u00a0\u00bbstretch_row_content_no_spaces\u00a0\u00bb css=\u00a0\u00bb.vc_custom_1619779988519{margin-top: 0px !important;margin-right: 0px !important;margin-bottom: 0px !important;margin-left: 0px !important;border-top-width: 0px !important;border-right-width: 0px !important;border-bottom-width: 0px !important;border-left-width: 0px !important;padding-top: 0px !important;padding-right: 0px !important;padding-bottom: 0px !important;padding-left: 0px !important;background-image: url(https:\/\/amavelcosta.com\/wp-content\/uploads\/2021\/04\/bg-amavel.jpg?id=1391) !important;background-position: center !important;background-repeat: no-repeat !important;background-size: cover !important;}\u00a0\u00bb][vc_column][vc_single_image image=\u00a0\u00bb1386&Prime; img_size=\u00a0\u00bbfull\u00a0\u00bb alignment=\u00a0\u00bbcenter\u00a0\u00bb css=\u00a0\u00bb.vc_custom_1619779999251{margin-top: 0px !important;margin-right: 0px !important;margin-bottom: 0px !important;margin-left: 0px !important;border-top-width: 0px !important;border-right-width: 0px !important;border-bottom-width: 0px !important;border-left-width: 0px !important;padding-top: 0px !important;padding-right: 0px !important;padding-bottom: 0px !important;padding-left: 0px !important;}\u00a0\u00bb el_class=\u00a0\u00bbdouble-border\u00a0\u00bb][\/vc_column][\/vc_row][vc_row css=\u00a0\u00bb.vc_custom_1619724113272{margin-top: 0px !important;margin-right: 0px !important;margin-bottom: 0px !important;margin-left: 0px !important;border-top-width: 0px !important;border-right-width: 0px !important;border-bottom-width: 0px !important;border-left-width: 0px !important;padding-top: 0px !important;padding-right: 0px !important;padding-bottom: 0px !important;padding-left: 0px !important;}\u00a0\u00bb][vc_column width=\u00a0\u00bb1\/2&Prime;][\/vc_column][vc_column width=\u00a0\u00bb1\/2&Prime;][vc_custom_heading text=\u00a0\u00bbAgostinho Am\u00e1vel Costa\u00a0\u00bb font_container=\u00a0\u00bbtag:p|font_size:12px|text_align:center\u00a0\u00bb use_theme_fonts=\u00a0\u00bbyes\u00a0\u00bb el_class=\u00a0\u00bbtext-uppercase\u00a0\u00bb css=\u00a0\u00bb.vc_custom_1635430686513{margin-top: 10px !important;}\u00a0\u00bb][\/vc_column][\/vc_row][vc_row css=\u00a0\u00bb.vc_custom_1619798980138{margin-bottom: 100px !important;}\u00a0\u00bb el_id=\u00a0\u00bblast-row\u00a0\u00bb][vc_column width=\u00a0\u00bb1\/2&Prime; css=\u00a0\u00bb.vc_custom_1619782070840{margin-top: -100px !important;}\u00a0\u00bb][vc_single_image image=\u00a0\u00bb1669&Prime; img_size=\u00a0\u00bbfull\u00a0\u00bb alignment=\u00a0\u00bbcenter\u00a0\u00bb style=\u00a0\u00bbvc_box_border\u00a0\u00bb border_color=\u00a0\u00bbwhite\u00a0\u00bb][vc_custom_heading text=\u00a0\u00bbIsabel Costa e David Costa Branco\u00a0\u00bb font_container=\u00a0\u00bbtag:p|font_size:12px|text_align:center\u00a0\u00bb use_theme_fonts=\u00a0\u00bbyes\u00a0\u00bb el_class=\u00a0\u00bbtext-uppercase\u00a0\u00bb css=\u00a0\u00bb.vc_custom_1627659167535{margin-top: -30px !important;}\u00a0\u00bb][\/vc_column][vc_column width=\u00a0\u00bb1\/2&Prime; css=\u00a0\u00bb.vc_custom_1619782121606{margin-top: 100px !important;}\u00a0\u00bb][vc_single_image image=\u00a0\u00bb1375&Prime; alignment=\u00a0\u00bbcenter\u00a0\u00bb][vc_column_text css=\u00a0\u00bb.vc_custom_1640698861749{margin-bottom: 100px !important;}\u00a0\u00bb]Am\u00e1vel Costa, qui b\u00e9n\u00e9ficie actuellement \u00e9galement du dynamisme de la 5\u00e8me g\u00e9n\u00e9ration de la famille, entend donc allier la connaissance de son pass\u00e9 \u00e0 une philosophie d&rsquo;entreprise adapt\u00e9e \u00e0 l&rsquo;\u00e9poque actuelle. Un pari sur l&rsquo;innovation constante, en tenant toujours compte de l&rsquo;\u00e9norme tradition dans la production de vins de Porto que la maison a. La reconnaissance internationale, d\u00e9montr\u00e9e par des m\u00e9dailles remport\u00e9es dans des comp\u00e9titions importantes telles que les Decanter Wine Awards ou l&rsquo;International Wine Competition, nous motivent \u00e0 continuer \u00e0 travailler et \u00e0 am\u00e9liorer nos produits.[\/vc_column_text][\/vc_column][\/vc_row]<\/p>\n<\/div>","protected":false},"excerpt":{"rendered":"<p>[vc_row el_id=\u00a0\u00bbfirst-row\u00a0\u00bb][vc_column width=\u00a0\u00bb5\/12&Prime; css=\u00a0\u00bb.vc_custom_1619781741177{margin-top: -50px !important;}\u00a0\u00bb el_class=\u00a0\u00bbimg-column\u00a0\u00bb][vc_single_image image=\u00a0\u00bb1373&Prime; img_size=\u00a0\u00bbfull\u00a0\u00bb alignment=\u00a0\u00bbcenter\u00a0\u00bb style=\u00a0\u00bbvc_box_border\u00a0\u00bb border_color=\u00a0\u00bbwhite\u00a0\u00bb][vc_custom_heading text=\u00a0\u00bbMiguel Costa et sa famille\u00a0\u00bb font_container=\u00a0\u00bbtag:p|font_size:12px|text_align:center\u00a0\u00bb use_theme_fonts=\u00a0\u00bbyes\u00a0\u00bb el_class=\u00a0\u00bbtext-uppercase\u00a0\u00bb css=\u00a0\u00bb.vc_custom_1635429992156{margin-top: -30px !important;}\u00a0\u00bb][\/vc_column][vc_column width=\u00a0\u00bb7\/12&Prime; css=\u00a0\u00bb.vc_custom_1619797171163{margin-top: 100px !important;}\u00a0\u00bb el_class=\u00a0\u00bbtxt-column\u00a0\u00bb][vc_single_image image=\u00a0\u00bb1375&Prime; alignment=\u00a0\u00bbcenter\u00a0\u00bb][vc_column_text]Au milieu du 19\u00e8me si\u00e8cle, Miguel Ant\u00f3nio Costa, arri\u00e8re-grand-p\u00e8re de la propri\u00e9taire actuelle, produisait et vendait du Vin de Porto en vrac. \u00c0 cette \u00e9poque, le<br class=\"read-more-spacer\"> <a class=\"more-link\" href=\"https:\/\/amavelcosta.com\/fr\/histoire\/\">Read More<\/a><\/p>\n","protected":false},"author":1,"featured_media":2976,"parent":0,"menu_order":0,"comment_status":"closed","ping_status":"closed","template":"","meta":{"footnotes":""},"class_list":["post-2312","page","type-page","status-publish","has-post-thumbnail","hentry"],"yoast_head":"<!-- This site is optimized with the Yoast SEO plugin v25.8 - https:\/\/yoast.com\/wordpress\/plugins\/seo\/ -->\n<title>Histoire - Am\u00e1vel Costa<\/title>\n<meta name=\"description\" content=\"L\u2019histoire d\u2019Am\u00e1vel Costa a commenc\u00e9 au milieu du 19\u00e8me si\u00e8cle par la production et le stockage de Vin de Porto, \u00e0 Cedovim, canton de Vila Nova de Foz C\u00f4a, r\u00e9gion viticole d\u00e9limit\u00e9e de Douro et class\u00e9e au patrimoine mondial de l\u2019Unesco.\" \/>\n<meta name=\"robots\" content=\"index, follow, max-snippet:-1, max-image-preview:large, max-video-preview:-1\" \/>\n<link rel=\"canonical\" href=\"https:\/\/amavelcosta.com\/fr\/histoire\/\" \/>\n<meta property=\"og:locale\" content=\"fr_FR\" \/>\n<meta property=\"og:type\" content=\"article\" \/>\n<meta property=\"og:title\" content=\"Histoire - Am\u00e1vel Costa\" \/>\n<meta property=\"og:description\" content=\"L\u2019histoire d\u2019Am\u00e1vel Costa a commenc\u00e9 au milieu du 19\u00e8me si\u00e8cle par la production et le stockage de Vin de Porto, \u00e0 Cedovim, canton de Vila Nova de Foz C\u00f4a, r\u00e9gion viticole d\u00e9limit\u00e9e de Douro et class\u00e9e au patrimoine mondial de l\u2019Unesco.\" \/>\n<meta property=\"og:url\" content=\"https:\/\/amavelcosta.com\/fr\/histoire\/\" \/>\n<meta property=\"og:site_name\" content=\"Am\u00e1vel Costa\" \/>\n<meta property=\"article:modified_time\" content=\"2021-12-28T17:31:09+00:00\" \/>\n<meta property=\"og:image\" content=\"https:\/\/amavelcosta.com\/wp-content\/uploads\/2021\/12\/amavel-historia-1.png\" \/>\n\t<meta property=\"og:image:width\" content=\"1600\" \/>\n\t<meta property=\"og:image:height\" content=\"750\" \/>\n\t<meta property=\"og:image:type\" content=\"image\/png\" \/>\n<meta name=\"twitter:card\" content=\"summary_large_image\" \/>\n<meta name=\"twitter:label1\" content=\"Dur\u00e9e de lecture estim\u00e9e\" \/>\n\t<meta name=\"twitter:data1\" content=\"4 minutes\" \/>\n<script type=\"application\/ld+json\" class=\"yoast-schema-graph\">{\"@context\":\"https:\/\/schema.org\",\"@graph\":[{\"@type\":\"WebPage\",\"@id\":\"https:\/\/amavelcosta.com\/fr\/histoire\/\",\"url\":\"https:\/\/amavelcosta.com\/fr\/histoire\/\",\"name\":\"Histoire - Am\u00e1vel Costa\",\"isPartOf\":{\"@id\":\"https:\/\/amavelcosta.com\/fr\/#website\"},\"primaryImageOfPage\":{\"@id\":\"https:\/\/amavelcosta.com\/fr\/histoire\/#primaryimage\"},\"image\":{\"@id\":\"https:\/\/amavelcosta.com\/fr\/histoire\/#primaryimage\"},\"thumbnailUrl\":\"https:\/\/amavelcosta.com\/wp-content\/uploads\/2021\/12\/amavel-historia-1.png\",\"datePublished\":\"2021-04-27T15:03:07+00:00\",\"dateModified\":\"2021-12-28T17:31:09+00:00\",\"description\":\"L\u2019histoire d\u2019Am\u00e1vel Costa a commenc\u00e9 au milieu du 19\u00e8me si\u00e8cle par la production et le stockage de Vin de Porto, \u00e0 Cedovim, canton de Vila Nova de Foz C\u00f4a, r\u00e9gion viticole d\u00e9limit\u00e9e de Douro et class\u00e9e au patrimoine mondial de l\u2019Unesco.\",\"breadcrumb\":{\"@id\":\"https:\/\/amavelcosta.com\/fr\/histoire\/#breadcrumb\"},\"inLanguage\":\"fr-FR\",\"potentialAction\":[{\"@type\":\"ReadAction\",\"target\":[\"https:\/\/amavelcosta.com\/fr\/histoire\/\"]}]},{\"@type\":\"ImageObject\",\"inLanguage\":\"fr-FR\",\"@id\":\"https:\/\/amavelcosta.com\/fr\/histoire\/#primaryimage\",\"url\":\"https:\/\/amavelcosta.com\/wp-content\/uploads\/2021\/12\/amavel-historia-1.png\",\"contentUrl\":\"https:\/\/amavelcosta.com\/wp-content\/uploads\/2021\/12\/amavel-historia-1.png\",\"width\":1600,\"height\":750},{\"@type\":\"BreadcrumbList\",\"@id\":\"https:\/\/amavelcosta.com\/fr\/histoire\/#breadcrumb\",\"itemListElement\":[{\"@type\":\"ListItem\",\"position\":1,\"name\":\"In\u00edcio\",\"item\":\"https:\/\/amavelcosta.com\/fr\/\"},{\"@type\":\"ListItem\",\"position\":2,\"name\":\"Histoire\"}]},{\"@type\":\"WebSite\",\"@id\":\"https:\/\/amavelcosta.com\/fr\/#website\",\"url\":\"https:\/\/amavelcosta.com\/fr\/\",\"name\":\"Am\u00e1vel Costa\",\"description\":\"Vinho do Porto\",\"publisher\":{\"@id\":\"https:\/\/amavelcosta.com\/fr\/#organization\"},\"potentialAction\":[{\"@type\":\"SearchAction\",\"target\":{\"@type\":\"EntryPoint\",\"urlTemplate\":\"https:\/\/amavelcosta.com\/fr\/?s={search_term_string}\"},\"query-input\":{\"@type\":\"PropertyValueSpecification\",\"valueRequired\":true,\"valueName\":\"search_term_string\"}}],\"inLanguage\":\"fr-FR\"},{\"@type\":\"Organization\",\"@id\":\"https:\/\/amavelcosta.com\/fr\/#organization\",\"name\":\"Am\u00e1vel Costa\",\"url\":\"https:\/\/amavelcosta.com\/fr\/\",\"logo\":{\"@type\":\"ImageObject\",\"inLanguage\":\"fr-FR\",\"@id\":\"https:\/\/amavelcosta.com\/fr\/#\/schema\/logo\/image\/\",\"url\":\"https:\/\/amavelcosta.com\/wp-content\/uploads\/2021\/05\/logo-amavel.png\",\"contentUrl\":\"https:\/\/amavelcosta.com\/wp-content\/uploads\/2021\/05\/logo-amavel.png\",\"width\":309,\"height\":132,\"caption\":\"Am\u00e1vel Costa\"},\"image\":{\"@id\":\"https:\/\/amavelcosta.com\/fr\/#\/schema\/logo\/image\/\"}}]}<\/script>\n<!-- \/ Yoast SEO plugin. -->","yoast_head_json":{"title":"Histoire - Am\u00e1vel Costa","description":"L\u2019histoire d\u2019Am\u00e1vel Costa a commenc\u00e9 au milieu du 19\u00e8me si\u00e8cle par la production et le stockage de Vin de Porto, \u00e0 Cedovim, canton de Vila Nova de Foz C\u00f4a, r\u00e9gion viticole d\u00e9limit\u00e9e de Douro et class\u00e9e au patrimoine mondial de l\u2019Unesco.","robots":{"index":"index","follow":"follow","max-snippet":"max-snippet:-1","max-image-preview":"max-image-preview:large","max-video-preview":"max-video-preview:-1"},"canonical":"https:\/\/amavelcosta.com\/fr\/histoire\/","og_locale":"fr_FR","og_type":"article","og_title":"Histoire - Am\u00e1vel Costa","og_description":"L\u2019histoire d\u2019Am\u00e1vel Costa a commenc\u00e9 au milieu du 19\u00e8me si\u00e8cle par la production et le stockage de Vin de Porto, \u00e0 Cedovim, canton de Vila Nova de Foz C\u00f4a, r\u00e9gion viticole d\u00e9limit\u00e9e de Douro et class\u00e9e au patrimoine mondial de l\u2019Unesco.","og_url":"https:\/\/amavelcosta.com\/fr\/histoire\/","og_site_name":"Am\u00e1vel Costa","article_modified_time":"2021-12-28T17:31:09+00:00","og_image":[{"width":1600,"height":750,"url":"https:\/\/amavelcosta.com\/wp-content\/uploads\/2021\/12\/amavel-historia-1.png","type":"image\/png"}],"twitter_card":"summary_large_image","twitter_misc":{"Dur\u00e9e de lecture estim\u00e9e":"4 minutes"},"schema":{"@context":"https:\/\/schema.org","@graph":[{"@type":"WebPage","@id":"https:\/\/amavelcosta.com\/fr\/histoire\/","url":"https:\/\/amavelcosta.com\/fr\/histoire\/","name":"Histoire - Am\u00e1vel Costa","isPartOf":{"@id":"https:\/\/amavelcosta.com\/fr\/#website"},"primaryImageOfPage":{"@id":"https:\/\/amavelcosta.com\/fr\/histoire\/#primaryimage"},"image":{"@id":"https:\/\/amavelcosta.com\/fr\/histoire\/#primaryimage"},"thumbnailUrl":"https:\/\/amavelcosta.com\/wp-content\/uploads\/2021\/12\/amavel-historia-1.png","datePublished":"2021-04-27T15:03:07+00:00","dateModified":"2021-12-28T17:31:09+00:00","description":"L\u2019histoire d\u2019Am\u00e1vel Costa a commenc\u00e9 au milieu du 19\u00e8me si\u00e8cle par la production et le stockage de Vin de Porto, \u00e0 Cedovim, canton de Vila Nova de Foz C\u00f4a, r\u00e9gion viticole d\u00e9limit\u00e9e de Douro et class\u00e9e au patrimoine mondial de l\u2019Unesco.","breadcrumb":{"@id":"https:\/\/amavelcosta.com\/fr\/histoire\/#breadcrumb"},"inLanguage":"fr-FR","potentialAction":[{"@type":"ReadAction","target":["https:\/\/amavelcosta.com\/fr\/histoire\/"]}]},{"@type":"ImageObject","inLanguage":"fr-FR","@id":"https:\/\/amavelcosta.com\/fr\/histoire\/#primaryimage","url":"https:\/\/amavelcosta.com\/wp-content\/uploads\/2021\/12\/amavel-historia-1.png","contentUrl":"https:\/\/amavelcosta.com\/wp-content\/uploads\/2021\/12\/amavel-historia-1.png","width":1600,"height":750},{"@type":"BreadcrumbList","@id":"https:\/\/amavelcosta.com\/fr\/histoire\/#breadcrumb","itemListElement":[{"@type":"ListItem","position":1,"name":"In\u00edcio","item":"https:\/\/amavelcosta.com\/fr\/"},{"@type":"ListItem","position":2,"name":"Histoire"}]},{"@type":"WebSite","@id":"https:\/\/amavelcosta.com\/fr\/#website","url":"https:\/\/amavelcosta.com\/fr\/","name":"Am\u00e1vel Costa","description":"Vinho do Porto","publisher":{"@id":"https:\/\/amavelcosta.com\/fr\/#organization"},"potentialAction":[{"@type":"SearchAction","target":{"@type":"EntryPoint","urlTemplate":"https:\/\/amavelcosta.com\/fr\/?s={search_term_string}"},"query-input":{"@type":"PropertyValueSpecification","valueRequired":true,"valueName":"search_term_string"}}],"inLanguage":"fr-FR"},{"@type":"Organization","@id":"https:\/\/amavelcosta.com\/fr\/#organization","name":"Am\u00e1vel Costa","url":"https:\/\/amavelcosta.com\/fr\/","logo":{"@type":"ImageObject","inLanguage":"fr-FR","@id":"https:\/\/amavelcosta.com\/fr\/#\/schema\/logo\/image\/","url":"https:\/\/amavelcosta.com\/wp-content\/uploads\/2021\/05\/logo-amavel.png","contentUrl":"https:\/\/amavelcosta.com\/wp-content\/uploads\/2021\/05\/logo-amavel.png","width":309,"height":132,"caption":"Am\u00e1vel Costa"},"image":{"@id":"https:\/\/amavelcosta.com\/fr\/#\/schema\/logo\/image\/"}}]}},"_links":{"self":[{"href":"https:\/\/amavelcosta.com\/fr\/wp-json\/wp\/v2\/pages\/2312","targetHints":{"allow":["GET"]}}],"collection":[{"href":"https:\/\/amavelcosta.com\/fr\/wp-json\/wp\/v2\/pages"}],"about":[{"href":"https:\/\/amavelcosta.com\/fr\/wp-json\/wp\/v2\/types\/page"}],"author":[{"embeddable":true,"href":"https:\/\/amavelcosta.com\/fr\/wp-json\/wp\/v2\/users\/1"}],"replies":[{"embeddable":true,"href":"https:\/\/amavelcosta.com\/fr\/wp-json\/wp\/v2\/comments?post=2312"}],"version-history":[{"count":9,"href":"https:\/\/amavelcosta.com\/fr\/wp-json\/wp\/v2\/pages\/2312\/revisions"}],"predecessor-version":[{"id":3041,"href":"https:\/\/amavelcosta.com\/fr\/wp-json\/wp\/v2\/pages\/2312\/revisions\/3041"}],"wp:featuredmedia":[{"embeddable":true,"href":"https:\/\/amavelcosta.com\/fr\/wp-json\/wp\/v2\/media\/2976"}],"wp:attachment":[{"href":"https:\/\/amavelcosta.com\/fr\/wp-json\/wp\/v2\/media?parent=2312"}],"curies":[{"name":"wp","href":"https:\/\/api.w.org\/{rel}","templated":true}]}}