{"id":2307,"date":"2021-04-28T16:54:31","date_gmt":"2021-04-28T16:54:31","guid":{"rendered":"https:\/\/amavelcosta.com\/adega\/"},"modified":"2021-12-28T17:46:15","modified_gmt":"2021-12-28T17:46:15","slug":"cave","status":"publish","type":"page","link":"https:\/\/amavelcosta.com\/fr\/cave\/","title":{"rendered":"Cave"},"content":{"rendered":"<div class=\"wpb-content-wrapper\"><p>[vc_row el_id=\u00a0\u00bbfirst-row\u00a0\u00bb][vc_column width=\u00a0\u00bb5\/12&Prime; css=\u00a0\u00bb.vc_custom_1619781741177{margin-top: -50px !important;}\u00a0\u00bb el_class=\u00a0\u00bbimg-column\u00a0\u00bb][vc_single_image image=\u00a0\u00bb1423&Prime; img_size=\u00a0\u00bbfull\u00a0\u00bb alignment=\u00a0\u00bbcenter\u00a0\u00bb style=\u00a0\u00bbvc_box_border\u00a0\u00bb border_color=\u00a0\u00bbwhite\u00a0\u00bb][\/vc_column][vc_column width=\u00a0\u00bb7\/12&Prime; css=\u00a0\u00bb.vc_custom_1619797171163{margin-top: 100px !important;}\u00a0\u00bb el_class=\u00a0\u00bbtxt-column\u00a0\u00bb][vc_single_image image=\u00a0\u00bb1375&Prime; alignment=\u00a0\u00bbcenter\u00a0\u00bb][vc_column_text]Situ\u00e9e au lieu-dit appel\u00e9 \u00ab Fonte do Coxo \u00bb, \u00e0 Cedovim, dans le canton de Vila Nova Foz C\u00f4a, elle a \u00e9t\u00e9 construite vers 1940 par Jos\u00e9 Augusto Costa, rempla\u00e7ant alors l\u2019ancienne cave qui existait du temps de son p\u00e8re, Miguel Ant\u00f3nio Costa.<\/p>\n<p>Au fil des ans et jusqu\u2019\u00e0 pr\u00e9sent, les installations ont \u00e9t\u00e9 modernis\u00e9es, faisant face au besoin de croissance et \u00e0 l\u2019\u00e9volution constante des \u00e9quipements et des m\u00e9thodes de production de chaque \u00e9poque.[\/vc_column_text][\/vc_column][\/vc_row][vc_row equal_height=\u00a0\u00bbyes\u00a0\u00bb content_placement=\u00a0\u00bbmiddle\u00a0\u00bb css=\u00a0\u00bb.vc_custom_1620127988519{margin-top: 50px !important;margin-bottom: 50px !important;}\u00a0\u00bb][vc_column width=\u00a0\u00bb5\/12&Prime;][vc_custom_heading text=\u00a0\u00bbL&rsquo;alliance entre tradition et modernit\u00e9\u00a0\u00bb font_container=\u00a0\u00bbtag:p|font_size:46|text_align:center|color:%23000000|line_height:1.5&Prime; google_fonts=\u00a0\u00bbfont_family:Playfair%20Display%3Aregular%2Citalic%2C700%2C700italic%2C900%2C900italic|font_style:400%20regular%3A400%3Anormal\u00a0\u00bb][\/vc_column][vc_column width=\u00a0\u00bb7\/12&Prime;][vc_single_image image=\u00a0\u00bb1677&Prime; img_size=\u00a0\u00bbfull\u00a0\u00bb alignment=\u00a0\u00bbcenter\u00a0\u00bb style=\u00a0\u00bbvc_box_border\u00a0\u00bb border_color=\u00a0\u00bbwhite\u00a0\u00bb][\/vc_column][\/vc_row][vc_row equal_height=\u00a0\u00bbyes\u00a0\u00bb content_placement=\u00a0\u00bbmiddle\u00a0\u00bb css=\u00a0\u00bb.vc_custom_1620127988519{margin-top: 50px !important;margin-bottom: 50px !important;}\u00a0\u00bb][vc_column width=\u00a0\u00bb5\/12&Prime;][vc_single_image image=\u00a0\u00bb1678&Prime; img_size=\u00a0\u00bbfull\u00a0\u00bb alignment=\u00a0\u00bbcenter\u00a0\u00bb style=\u00a0\u00bbvc_box_border\u00a0\u00bb border_color=\u00a0\u00bbwhite\u00a0\u00bb][\/vc_column][vc_column width=\u00a0\u00bb7\/12&Prime;][vc_column_text]La cave et les appareils pr\u00e9sentent un m\u00e9lange de tradition et d\u2019innovation. Ces mises \u00e0 jour continues ont donn\u00e9 lieu \u00e0 un espace o\u00f9 l\u2019on trouve \u00e0 la fois des amphores alg\u00e9riennes traditionnelles et des cuves de fermentation \u00e0 temp\u00e9rature contr\u00f4l\u00e9e, des cuves traditionnelles construites en b\u00e9ton avec rev\u00eatement en r\u00e9sine \u00e9poxy pour le stockage du vin ainsi que des cuves en inox de diff\u00e9rentes tailles, des petits f\u00fbts de ch\u00eane et les si importants tonneaux en bois pour la maturation des Vins de Porto.<\/p>\n<p>Une visite de la cave Am\u00e1vel Costa, avec d\u00e9gustation \u00e0 l\u2019appui, est un voyage entre la m\u00e9moire et l\u2019excellence du vin.<\/p>\n<p>De la fabrication au stockage, parmi les tonneaux en bois s\u00e9culaires, on aper\u00e7oit le temps \u00e9coul\u00e9 mais qui demeure dans l\u2019ar\u00f4me et la saveur des Vieux Vins de Porto.[\/vc_column_text][\/vc_column][\/vc_row][vc_row equal_height=\u00a0\u00bbyes\u00a0\u00bb content_placement=\u00a0\u00bbmiddle\u00a0\u00bb css=\u00a0\u00bb.vc_custom_1620127988519{margin-top: 50px !important;margin-bottom: 50px !important;}\u00a0\u00bb][vc_column width=\u00a0\u00bb5\/12&Prime;][vc_custom_heading text=\u00a0\u00bbDepuis le 19\u00e8me si\u00e8cle, la m\u00e9moire s&rsquo;est \u00e9panouie dans des saveurs infinies\u00a0\u00bb font_container=\u00a0\u00bbtag:p|font_size:46|text_align:center|color:%23000000|line_height:1.5&Prime; google_fonts=\u00a0\u00bbfont_family:Playfair%20Display%3Aregular%2Citalic%2C700%2C700italic%2C900%2C900italic|font_style:400%20regular%3A400%3Anormal\u00a0\u00bb][\/vc_column][vc_column width=\u00a0\u00bb7\/12&Prime;][vc_single_image image=\u00a0\u00bb1426&Prime; img_size=\u00a0\u00bbfull\u00a0\u00bb alignment=\u00a0\u00bbcenter\u00a0\u00bb style=\u00a0\u00bbvc_box_border\u00a0\u00bb border_color=\u00a0\u00bbwhite\u00a0\u00bb][\/vc_column][\/vc_row][vc_row full_width=\u00a0\u00bbstretch_row_content_no_spaces\u00a0\u00bb css=\u00a0\u00bb.vc_custom_1620128508737{margin-bottom: 50px !important;}\u00a0\u00bb][vc_column][vc_media_grid gap=\u00a0\u00bb0&Prime; item=\u00a0\u00bbmediaGrid_FadeInWithIcon\u00a0\u00bb grid_id=\u00a0\u00bbvc_gid:1640699314439-190a85f2-1a34-4&Prime; include=\u00a0\u00bb1681,1682,1683,1685,1684,1680&Prime;][\/vc_column][\/vc_row]<\/p>\n<\/div>","protected":false},"excerpt":{"rendered":"<p>[vc_row el_id=\u00a0\u00bbfirst-row\u00a0\u00bb][vc_column width=\u00a0\u00bb5\/12&Prime; css=\u00a0\u00bb.vc_custom_1619781741177{margin-top: -50px !important;}\u00a0\u00bb el_class=\u00a0\u00bbimg-column\u00a0\u00bb][vc_single_image image=\u00a0\u00bb1423&Prime; img_size=\u00a0\u00bbfull\u00a0\u00bb alignment=\u00a0\u00bbcenter\u00a0\u00bb style=\u00a0\u00bbvc_box_border\u00a0\u00bb border_color=\u00a0\u00bbwhite\u00a0\u00bb][\/vc_column][vc_column width=\u00a0\u00bb7\/12&Prime; css=\u00a0\u00bb.vc_custom_1619797171163{margin-top: 100px !important;}\u00a0\u00bb el_class=\u00a0\u00bbtxt-column\u00a0\u00bb][vc_single_image image=\u00a0\u00bb1375&Prime; alignment=\u00a0\u00bbcenter\u00a0\u00bb][vc_column_text]Situ\u00e9e au lieu-dit appel\u00e9 \u00ab Fonte do Coxo \u00bb, \u00e0 Cedovim, dans le canton de Vila Nova Foz C\u00f4a, elle a \u00e9t\u00e9 construite vers 1940 par Jos\u00e9 Augusto Costa, rempla\u00e7ant alors l\u2019ancienne cave qui existait du temps<br class=\"read-more-spacer\"> <a class=\"more-link\" href=\"https:\/\/amavelcosta.com\/fr\/cave\/\">Read More<\/a><\/p>\n","protected":false},"author":1,"featured_media":2265,"parent":0,"menu_order":0,"comment_status":"closed","ping_status":"closed","template":"","meta":{"footnotes":""},"class_list":["post-2307","page","type-page","status-publish","has-post-thumbnail","hentry"],"yoast_head":"<!-- This site is optimized with the Yoast SEO plugin v25.8 - https:\/\/yoast.com\/wordpress\/plugins\/seo\/ -->\n<title>Cave - Am\u00e1vel Costa<\/title>\n<meta name=\"description\" content=\"O\u00f9 la mati\u00e8re et le temps produisent un enchantement dans la saveur et l&#039;ar\u00f4me des vieux vins de Porto\" \/>\n<meta name=\"robots\" content=\"index, follow, max-snippet:-1, max-image-preview:large, max-video-preview:-1\" \/>\n<link rel=\"canonical\" href=\"https:\/\/amavelcosta.com\/fr\/cave\/\" \/>\n<meta property=\"og:locale\" content=\"fr_FR\" \/>\n<meta property=\"og:type\" content=\"article\" \/>\n<meta property=\"og:title\" content=\"Cave - Am\u00e1vel Costa\" \/>\n<meta property=\"og:description\" content=\"O\u00f9 la mati\u00e8re et le temps produisent un enchantement dans la saveur et l&#039;ar\u00f4me des vieux vins de Porto\" \/>\n<meta property=\"og:url\" content=\"https:\/\/amavelcosta.com\/fr\/cave\/\" \/>\n<meta property=\"og:site_name\" content=\"Am\u00e1vel Costa\" \/>\n<meta property=\"article:modified_time\" content=\"2021-12-28T17:46:15+00:00\" \/>\n<meta property=\"og:image\" content=\"https:\/\/amavelcosta.com\/wp-content\/uploads\/2021\/09\/adega-2.jpg\" \/>\n\t<meta property=\"og:image:width\" content=\"1600\" \/>\n\t<meta property=\"og:image:height\" content=\"750\" \/>\n\t<meta property=\"og:image:type\" content=\"image\/jpeg\" \/>\n<meta name=\"twitter:card\" content=\"summary_large_image\" \/>\n<meta name=\"twitter:label1\" content=\"Dur\u00e9e de lecture estim\u00e9e\" \/>\n\t<meta name=\"twitter:data1\" content=\"2 minutes\" \/>\n<script type=\"application\/ld+json\" class=\"yoast-schema-graph\">{\"@context\":\"https:\/\/schema.org\",\"@graph\":[{\"@type\":\"WebPage\",\"@id\":\"https:\/\/amavelcosta.com\/fr\/cave\/\",\"url\":\"https:\/\/amavelcosta.com\/fr\/cave\/\",\"name\":\"Cave - Am\u00e1vel Costa\",\"isPartOf\":{\"@id\":\"https:\/\/amavelcosta.com\/fr\/#website\"},\"primaryImageOfPage\":{\"@id\":\"https:\/\/amavelcosta.com\/fr\/cave\/#primaryimage\"},\"image\":{\"@id\":\"https:\/\/amavelcosta.com\/fr\/cave\/#primaryimage\"},\"thumbnailUrl\":\"https:\/\/amavelcosta.com\/wp-content\/uploads\/2021\/09\/adega-2.jpg\",\"datePublished\":\"2021-04-28T16:54:31+00:00\",\"dateModified\":\"2021-12-28T17:46:15+00:00\",\"description\":\"O\u00f9 la mati\u00e8re et le temps produisent un enchantement dans la saveur et l'ar\u00f4me des vieux vins de Porto\",\"breadcrumb\":{\"@id\":\"https:\/\/amavelcosta.com\/fr\/cave\/#breadcrumb\"},\"inLanguage\":\"fr-FR\",\"potentialAction\":[{\"@type\":\"ReadAction\",\"target\":[\"https:\/\/amavelcosta.com\/fr\/cave\/\"]}]},{\"@type\":\"ImageObject\",\"inLanguage\":\"fr-FR\",\"@id\":\"https:\/\/amavelcosta.com\/fr\/cave\/#primaryimage\",\"url\":\"https:\/\/amavelcosta.com\/wp-content\/uploads\/2021\/09\/adega-2.jpg\",\"contentUrl\":\"https:\/\/amavelcosta.com\/wp-content\/uploads\/2021\/09\/adega-2.jpg\",\"width\":1600,\"height\":750},{\"@type\":\"BreadcrumbList\",\"@id\":\"https:\/\/amavelcosta.com\/fr\/cave\/#breadcrumb\",\"itemListElement\":[{\"@type\":\"ListItem\",\"position\":1,\"name\":\"In\u00edcio\",\"item\":\"https:\/\/amavelcosta.com\/fr\/\"},{\"@type\":\"ListItem\",\"position\":2,\"name\":\"Cave\"}]},{\"@type\":\"WebSite\",\"@id\":\"https:\/\/amavelcosta.com\/fr\/#website\",\"url\":\"https:\/\/amavelcosta.com\/fr\/\",\"name\":\"Am\u00e1vel Costa\",\"description\":\"Vinho do Porto\",\"publisher\":{\"@id\":\"https:\/\/amavelcosta.com\/fr\/#organization\"},\"potentialAction\":[{\"@type\":\"SearchAction\",\"target\":{\"@type\":\"EntryPoint\",\"urlTemplate\":\"https:\/\/amavelcosta.com\/fr\/?s={search_term_string}\"},\"query-input\":{\"@type\":\"PropertyValueSpecification\",\"valueRequired\":true,\"valueName\":\"search_term_string\"}}],\"inLanguage\":\"fr-FR\"},{\"@type\":\"Organization\",\"@id\":\"https:\/\/amavelcosta.com\/fr\/#organization\",\"name\":\"Am\u00e1vel Costa\",\"url\":\"https:\/\/amavelcosta.com\/fr\/\",\"logo\":{\"@type\":\"ImageObject\",\"inLanguage\":\"fr-FR\",\"@id\":\"https:\/\/amavelcosta.com\/fr\/#\/schema\/logo\/image\/\",\"url\":\"https:\/\/amavelcosta.com\/wp-content\/uploads\/2021\/05\/logo-amavel.png\",\"contentUrl\":\"https:\/\/amavelcosta.com\/wp-content\/uploads\/2021\/05\/logo-amavel.png\",\"width\":309,\"height\":132,\"caption\":\"Am\u00e1vel Costa\"},\"image\":{\"@id\":\"https:\/\/amavelcosta.com\/fr\/#\/schema\/logo\/image\/\"}}]}<\/script>\n<!-- \/ Yoast SEO plugin. -->","yoast_head_json":{"title":"Cave - Am\u00e1vel Costa","description":"O\u00f9 la mati\u00e8re et le temps produisent un enchantement dans la saveur et l'ar\u00f4me des vieux vins de Porto","robots":{"index":"index","follow":"follow","max-snippet":"max-snippet:-1","max-image-preview":"max-image-preview:large","max-video-preview":"max-video-preview:-1"},"canonical":"https:\/\/amavelcosta.com\/fr\/cave\/","og_locale":"fr_FR","og_type":"article","og_title":"Cave - Am\u00e1vel Costa","og_description":"O\u00f9 la mati\u00e8re et le temps produisent un enchantement dans la saveur et l'ar\u00f4me des vieux vins de Porto","og_url":"https:\/\/amavelcosta.com\/fr\/cave\/","og_site_name":"Am\u00e1vel Costa","article_modified_time":"2021-12-28T17:46:15+00:00","og_image":[{"width":1600,"height":750,"url":"https:\/\/amavelcosta.com\/wp-content\/uploads\/2021\/09\/adega-2.jpg","type":"image\/jpeg"}],"twitter_card":"summary_large_image","twitter_misc":{"Dur\u00e9e de lecture estim\u00e9e":"2 minutes"},"schema":{"@context":"https:\/\/schema.org","@graph":[{"@type":"WebPage","@id":"https:\/\/amavelcosta.com\/fr\/cave\/","url":"https:\/\/amavelcosta.com\/fr\/cave\/","name":"Cave - Am\u00e1vel Costa","isPartOf":{"@id":"https:\/\/amavelcosta.com\/fr\/#website"},"primaryImageOfPage":{"@id":"https:\/\/amavelcosta.com\/fr\/cave\/#primaryimage"},"image":{"@id":"https:\/\/amavelcosta.com\/fr\/cave\/#primaryimage"},"thumbnailUrl":"https:\/\/amavelcosta.com\/wp-content\/uploads\/2021\/09\/adega-2.jpg","datePublished":"2021-04-28T16:54:31+00:00","dateModified":"2021-12-28T17:46:15+00:00","description":"O\u00f9 la mati\u00e8re et le temps produisent un enchantement dans la saveur et l'ar\u00f4me des vieux vins de Porto","breadcrumb":{"@id":"https:\/\/amavelcosta.com\/fr\/cave\/#breadcrumb"},"inLanguage":"fr-FR","potentialAction":[{"@type":"ReadAction","target":["https:\/\/amavelcosta.com\/fr\/cave\/"]}]},{"@type":"ImageObject","inLanguage":"fr-FR","@id":"https:\/\/amavelcosta.com\/fr\/cave\/#primaryimage","url":"https:\/\/amavelcosta.com\/wp-content\/uploads\/2021\/09\/adega-2.jpg","contentUrl":"https:\/\/amavelcosta.com\/wp-content\/uploads\/2021\/09\/adega-2.jpg","width":1600,"height":750},{"@type":"BreadcrumbList","@id":"https:\/\/amavelcosta.com\/fr\/cave\/#breadcrumb","itemListElement":[{"@type":"ListItem","position":1,"name":"In\u00edcio","item":"https:\/\/amavelcosta.com\/fr\/"},{"@type":"ListItem","position":2,"name":"Cave"}]},{"@type":"WebSite","@id":"https:\/\/amavelcosta.com\/fr\/#website","url":"https:\/\/amavelcosta.com\/fr\/","name":"Am\u00e1vel Costa","description":"Vinho do Porto","publisher":{"@id":"https:\/\/amavelcosta.com\/fr\/#organization"},"potentialAction":[{"@type":"SearchAction","target":{"@type":"EntryPoint","urlTemplate":"https:\/\/amavelcosta.com\/fr\/?s={search_term_string}"},"query-input":{"@type":"PropertyValueSpecification","valueRequired":true,"valueName":"search_term_string"}}],"inLanguage":"fr-FR"},{"@type":"Organization","@id":"https:\/\/amavelcosta.com\/fr\/#organization","name":"Am\u00e1vel Costa","url":"https:\/\/amavelcosta.com\/fr\/","logo":{"@type":"ImageObject","inLanguage":"fr-FR","@id":"https:\/\/amavelcosta.com\/fr\/#\/schema\/logo\/image\/","url":"https:\/\/amavelcosta.com\/wp-content\/uploads\/2021\/05\/logo-amavel.png","contentUrl":"https:\/\/amavelcosta.com\/wp-content\/uploads\/2021\/05\/logo-amavel.png","width":309,"height":132,"caption":"Am\u00e1vel Costa"},"image":{"@id":"https:\/\/amavelcosta.com\/fr\/#\/schema\/logo\/image\/"}}]}},"_links":{"self":[{"href":"https:\/\/amavelcosta.com\/fr\/wp-json\/wp\/v2\/pages\/2307","targetHints":{"allow":["GET"]}}],"collection":[{"href":"https:\/\/amavelcosta.com\/fr\/wp-json\/wp\/v2\/pages"}],"about":[{"href":"https:\/\/amavelcosta.com\/fr\/wp-json\/wp\/v2\/types\/page"}],"author":[{"embeddable":true,"href":"https:\/\/amavelcosta.com\/fr\/wp-json\/wp\/v2\/users\/1"}],"replies":[{"embeddable":true,"href":"https:\/\/amavelcosta.com\/fr\/wp-json\/wp\/v2\/comments?post=2307"}],"version-history":[{"count":4,"href":"https:\/\/amavelcosta.com\/fr\/wp-json\/wp\/v2\/pages\/2307\/revisions"}],"predecessor-version":[{"id":2783,"href":"https:\/\/amavelcosta.com\/fr\/wp-json\/wp\/v2\/pages\/2307\/revisions\/2783"}],"wp:featuredmedia":[{"embeddable":true,"href":"https:\/\/amavelcosta.com\/fr\/wp-json\/wp\/v2\/media\/2265"}],"wp:attachment":[{"href":"https:\/\/amavelcosta.com\/fr\/wp-json\/wp\/v2\/media?parent=2307"}],"curies":[{"name":"wp","href":"https:\/\/api.w.org\/{rel}","templated":true}]}}