{"id":2331,"date":"2021-09-21T17:21:43","date_gmt":"2021-09-21T17:21:43","guid":{"rendered":"https:\/\/amavelcosta.com\/termos-e-condicoes\/"},"modified":"2021-11-05T17:25:15","modified_gmt":"2021-11-05T17:25:15","slug":"terms-and-conditions","status":"publish","type":"page","link":"https:\/\/amavelcosta.com\/en\/terms-and-conditions\/","title":{"rendered":"Terms and conditions"},"content":{"rendered":"<div class=\"wpb-content-wrapper\"><p>[vc_row css=&#8221;.vc_custom_1632244070875{margin-top: 30px !important;}&#8221;][vc_column width=&#8221;1\/6&#8243;][\/vc_column][vc_column width=&#8221;2\/3&#8243;][vc_column_text]<\/p>\n<h3 style=\"text-align: center;\"><strong>amavelcosta.com<\/strong><\/h3>\n<p>[\/vc_column_text][vc_column_text]<\/p>\n<h3 style=\"text-align: center;\">PRE\u00c2MBULO<\/h3>\n<p>1.\u00ba Estas condi\u00e7\u00f5es gerais de venda s\u00e3o acordadas entre a Agostinho Am\u00e1vel Costa-Com\u00e9rcio de Vinhos, Lda, com sede Lugar da Fonte do Coxo, S\/N 5155-019 Cedovim, n\u00famero de identifica\u00e7\u00e3o fiscal NIF 510341950 e contacto +351 279 777 495, doravante designada por \u201cAm\u00e1vel Costa Porto\u201c e as pessoas que desejem efetuar compras atrav\u00e9s do website www.amavelcosta.com doravante designadas por &#8220;Utilizador&#8221;.<\/p>\n<p>2.\u00ba As partes acordam que as compras efetuadas atrav\u00e9s do website www.amavelcosta.com ser\u00e3o reguladas exclusivamente pelo presente contrato com exclus\u00e3o de quaisquer condi\u00e7\u00f5es previamente dispon\u00edveis no website.<\/p>\n<p>&nbsp;<\/p>\n<h3 style=\"text-align: center;\">ARTIGO 1 \u2013 OBJETO<\/h3>\n<p>1. As presentes condi\u00e7\u00f5es gerais de venda t\u00eam por objeto disponibilizar e definir todas as informa\u00e7\u00f5es necess\u00e1rias ao Utilizador sobre as modalidades de encomenda, venda, pagamento e entrega das compras efetuadas no website www.amavelcosta.com<\/p>\n<p>2. Estas condi\u00e7\u00f5es regulam todas as etapas necess\u00e1rias para realizar a encomenda e garantem o seguimento desta encomenda entre as Partes Contratantes.<\/p>\n<p>&nbsp;<\/p>\n<h3 style=\"text-align: center;\">ARTIGO 2 \u2013 ENCOMENDA<\/h3>\n<p>1. O Utilizador concretiza a sua encomenda atrav\u00e9s da conclus\u00e3o do processo de compra apresentado no website www.amavelcosta.com, adicionando o(s) produto(s) ou servi\u00e7o(s) que pretende encomendar ao cesto de compras:<\/p>\n<p>2. Para enviar a sua encomenda o Utilizador dever\u00e1:<\/p>\n<p>a) Registar-se no website www.amavelcosta.com, fornecendo para o efeito as informa\u00e7\u00f5es a\u00ed solicitadas.<\/p>\n<p>b) Efetuar o \u201clogin\u201d (facultando uma combina\u00e7\u00e3o de e-mail e palavra-passe escolhidas pelo Utilizador no ato de registo).<\/p>\n<p>c) Completar a informa\u00e7\u00e3o e escolher as op\u00e7\u00f5es que lhe s\u00e3o disponibilizadas ao longo do processo de termino da encomenda (morada de entrega e fatura\u00e7\u00e3o, forma de envio, forma de pagamento, bem como o NIF e o nome que, para efeitos fiscais, pretende que constem na fatura).<\/p>\n<p>3. A confirma\u00e7\u00e3o final da encomenda pelo Utilizador equivale \u00e0 aceita\u00e7\u00e3o plena e completa dos pre\u00e7os e descri\u00e7\u00e3o dos produtos dispon\u00edveis para venda assim como destas Condi\u00e7\u00f5es Gerais de Venda que ser\u00e3o as \u00fanicas aplic\u00e1veis ao contrato assim conclu\u00eddo.<\/p>\n<p>4. A Agostinho Am\u00e1vel Costa-Com\u00e9rcio de Vinhos, Lda honrar\u00e1 as encomendas recebidas online unicamente at\u00e9 ao limite dos stocks dispon\u00edveis. Na falta de disponibilidade do produto a Agostinho Am\u00e1vel Costa-Com\u00e9rcio de Vinhos, Lda compromete-se a informar o Utilizador logo que lhe seja poss\u00edvel.<\/p>\n<p>5. Os dados constantes na fatura s\u00e3o da inteira responsabilidade do Utilizador. A fatura depois de emitida n\u00e3o poder\u00e1 ser reemitida com altera\u00e7\u00f5es.<\/p>\n<p>6. Os pedidos de encomenda t\u00eam uma validade de tr\u00eas dias, exceto se a encomenda for registada ao abrigo de uma campanha promocional que defina um prazo diferente, n\u00e3o sendo poss\u00edvel garantir os pre\u00e7os, descontos, promo\u00e7\u00f5es e ofertas para al\u00e9m deste prazo. Caso o pagamento da mesma n\u00e3o seja recepcionado pelos nossos servi\u00e7os dentro do referido prazo, a encomenda n\u00e3o poder\u00e1 ser validada. Qualquer valor recebido ap\u00f3s esta data ser\u00e1 devolvido ou usado numa nova encomenda.<\/p>\n<p>&nbsp;<\/p>\n<h3 style=\"text-align: center;\">ARTIGO 3 \u2013 PAGAMENTO<\/h3>\n<p>1. No website www.amavelcosta.com, a Agostinho Am\u00e1vel Costa-Com\u00e9rcio de Vinhos, Lda prop\u00f5e ao Utilizador as seguintes modalidades de pagamento via Easypay &#8211; Institui\u00e7\u00e3o de Pagamento Lda:<\/p>\n<p>a) Cart\u00e3o de cr\u00e9dito (Visa, Mastercard);<\/p>\n<p>b) Refer\u00eancia Multibanco;<\/p>\n<p>c) Transfer\u00eancia;<br \/>\n<img loading=\"lazy\" decoding=\"async\" class=\"alignnone wp-image-1808 size-medium\" src=\"https:\/\/amavelcosta.com\/wp-content\/uploads\/2021\/10\/c-mbs-dd-reta-black-300x94.png\" alt=\"\" width=\"300\" height=\"94\" srcset=\"https:\/\/amavelcosta.com\/wp-content\/uploads\/2021\/10\/c-mbs-dd-reta-black-300x94.png 300w, https:\/\/amavelcosta.com\/wp-content\/uploads\/2021\/10\/c-mbs-dd-reta-black-1024x322.png 1024w, https:\/\/amavelcosta.com\/wp-content\/uploads\/2021\/10\/c-mbs-dd-reta-black-768x241.png 768w, https:\/\/amavelcosta.com\/wp-content\/uploads\/2021\/10\/c-mbs-dd-reta-black-1536x482.png 1536w, https:\/\/amavelcosta.com\/wp-content\/uploads\/2021\/10\/c-mbs-dd-reta-black.png 1592w\" sizes=\"auto, (max-width: 300px) 100vw, 300px\" \/><\/p>\n<p>2. No caso do pagamento com cart\u00e3o de cr\u00e9dito, o d\u00e9bito ser\u00e1 efetuado no cart\u00e3o do Utilizador imediatamente ap\u00f3s confirma\u00e7\u00e3o da expedi\u00e7\u00e3o da mercadoria. Se alguns produtos encomendados se encontrarem esgotados, o valor dos mesmos ser\u00e1 creditado no cart\u00e3o do Utilizador, ap\u00f3s o fecho da encomenda.<\/p>\n<p>&nbsp;<\/p>\n<h3 style=\"text-align: center;\">ARTIGO 4 \u2013 ENTREGA<\/h3>\n<p>1. A entrega das encomendas realizar-se at\u00e9 4 DIAS \u00fateis ap\u00f3s a encomenda. A entrega \u00e9 realizada pela empresa CTT.<\/p>\n<p>2. \u00c0 encomenda s\u00e3o acrescidos os custos de portes de envio.<\/p>\n<p><strong>Portugal: Continente*<br \/>\n<\/strong>at\u00e9 2kg &#8211; 4,25 \u20ac<br \/>\n2kg &#8211; 5kg &#8211; 4,89 \u20ac<br \/>\n5kg &#8211; 10kg &#8211; 5,53 \u20ac<br \/>\n10kg &#8211; 20kg &#8211; 6,44 \u20ac<br \/>\n20kg &#8211; 30kg &#8211; 7,32 \u20ac<br \/>\nmais de 30kg &#8211; 0,24 \u20ac por kg adicional<\/p>\n<p><strong>Portugal: Ilhas*<\/strong><br \/>\nat\u00e9 2kg &#8211; 7,84 \u20ac<br \/>\n2kg &#8211; 5kg &#8211; 9,12 \u20ac<br \/>\n5kg &#8211; 10kg &#8211; 11,44 \u20ac<br \/>\n10kg &#8211; 20kg &#8211; 18,43 \u20ac<br \/>\n20kg &#8211; 30kg &#8211; 25,31 \u20ac<br \/>\nmais de 30kg &#8211; 0,84 \u20ac por kg adicional<\/p>\n<p>* Aos custos dos portes de envio \u00e9 acrescido o valor de 1,00 \u20ac por produto para o custo da embalagem.<\/p>\n<p>&nbsp;<\/p>\n<h3 style=\"text-align: center;\">ARTIGO 5 \u2013 PRE\u00c7OS<\/h3>\n<p>1. Os pre\u00e7os devem entender-se em Euros, com taxas e impostos inclu\u00eddos, tendo em conta o IVA em vigor \u00e0 data do pagamento da encomenda.<\/p>\n<p>2. Caso se verifique um aumento do Pre\u00e7os de algum produto, o Utilizador ser\u00e1 informado de imediato, podendo optar por receber a sua encomenda (efetuando o pagamento da diferen\u00e7a) ou por proceder ao seu cancelamento.<\/p>\n<p>&nbsp;<\/p>\n<h3 style=\"text-align: center;\">ARTIGO 6 \u2013 CANCELAMENTO E DEVOLU\u00c7\u00c3O<\/h3>\n<p>1. O processo de cancelamento ou devolu\u00e7\u00e3o \u00e9 tratado caso a caso, pela Agostinho Am\u00e1vel Costa-Com\u00e9rcio de Vinhos, Lda. O pedido dever\u00e1 chegar por escrito para o e-mail de contacto <a href=\"mailto:geral@amavelcosta.com\">geral@amavelcosta.com<\/a>, at\u00e9 15 dias ap\u00f3s a encomenda, sendo as instru\u00e7\u00f5es de cancelamento ou devolu\u00e7\u00e3o da mercadoria respondidas e definidas pela Agostinho Am\u00e1vel Costa-Com\u00e9rcio de Vinhos, Lda, pelo mesmo meio de comunica\u00e7\u00e3o.<\/p>\n<p>2. Sempre que poss\u00edvel a devolu\u00e7\u00e3o dever\u00e1 realizar-se pela mesma via de pagamento, mas caso n\u00e3o seja poss\u00edvel, o utilizador dever\u00e1 apresentar comprovativos de pagamento e de titularidade de conta ou cart\u00e3o, para que se realize a devolu\u00e7\u00e3o por Transfer\u00eancia Banc\u00e1ria.<\/p>\n<p>3. A Agostinho Am\u00e1vel Costa-Com\u00e9rcio de Vinhos, Lda compromete-se a reembolsar o Utilizador no prazo m\u00e1ximo de 30 dias.<\/p>\n<p>4. Os produtos devolvidos t\u00eam obrigatoriamente de se encontrar em condi\u00e7\u00f5es de venda, ou seja, no mesmo estado em que chegaram \u00e0s m\u00e3os do Utilizador, sem qualquer anomalia ou dano.<\/p>\n<p>5. Se o valor resultante da troca de produtos de uma encomenda for inferior ou superior ao valor inicial da mesma, as condi\u00e7\u00f5es de acerto, ser\u00e3o indicadas pela Agostinho Am\u00e1vel Costa-Com\u00e9rcio de Vinhos, Lda.<\/p>\n<p>&nbsp;<\/p>\n<h3 style=\"text-align: center;\">ARTIGO 7 \u2013 POL\u00cdTICA DE PRIVACIDADE<\/h3>\n<p>O tratamento dos seus dados \u00e9 feito no cumprimento da legisla\u00e7\u00e3o sobre a prote\u00e7\u00e3o de dados pessoais. Os mesmos, sujeitos a tratamento inform\u00e1tico, constar\u00e3o na(s) base(s) de dados da Agostinho Am\u00e1vel Costa-Com\u00e9rcio de Vinhos, Lda e destinam-se ao registo e apresenta\u00e7\u00e3o de outros produtos e servi\u00e7os, bem como informa\u00e7\u00e3o institucional, a disponibilizar pelas mesmas.<\/p>\n<p>O seu fornecimento \u00e9 facultativo e \u00e9 garantido, nos termos da lei, o direito de acesso, retifica\u00e7\u00e3o e anula\u00e7\u00e3o de qualquer dado que lhe diga diretamente respeito, pessoalmente ou por via escrita, diretamente para o endere\u00e7o constante na p\u00e1gina inicial deste website.[\/vc_column_text][\/vc_column][vc_column width=&#8221;1\/6&#8243;][\/vc_column][\/vc_row]<\/p>\n<\/div>","protected":false},"excerpt":{"rendered":"<p>[vc_row css=&#8221;.vc_custom_1632244070875{margin-top: 30px !important;}&#8221;][vc_column width=&#8221;1\/6&#8243;][\/vc_column][vc_column width=&#8221;2\/3&#8243;][vc_column_text] amavelcosta.com [\/vc_column_text][vc_column_text] PRE\u00c2MBULO 1.\u00ba Estas condi\u00e7\u00f5es gerais de venda s\u00e3o acordadas entre a Agostinho Am\u00e1vel Costa-Com\u00e9rcio de Vinhos, Lda, com sede Lugar da Fonte do Coxo, S\/N 5155-019 Cedovim, n\u00famero de identifica\u00e7\u00e3o fiscal NIF 510341950 e contacto +351 279 777 495, doravante designada por \u201cAm\u00e1vel Costa Porto\u201c e as<br class=\"read-more-spacer\"> <a class=\"more-link\" href=\"https:\/\/amavelcosta.com\/en\/terms-and-conditions\/\">Read More<\/a><\/p>\n","protected":false},"author":1,"featured_media":0,"parent":0,"menu_order":0,"comment_status":"closed","ping_status":"closed","template":"","meta":{"footnotes":""},"class_list":["post-2331","page","type-page","status-publish","hentry"],"yoast_head":"<!-- This site is optimized with the Yoast SEO plugin v25.8 - https:\/\/yoast.com\/wordpress\/plugins\/seo\/ -->\n<title>Terms and conditions - Am\u00e1vel Costa<\/title>\n<meta name=\"robots\" content=\"index, follow, max-snippet:-1, max-image-preview:large, max-video-preview:-1\" \/>\n<link rel=\"canonical\" href=\"https:\/\/amavelcosta.com\/en\/terms-and-conditions\/\" \/>\n<meta property=\"og:locale\" content=\"en_US\" \/>\n<meta property=\"og:type\" content=\"article\" \/>\n<meta property=\"og:title\" content=\"Terms and conditions - Am\u00e1vel Costa\" \/>\n<meta property=\"og:description\" content=\"[vc_row css=&#8221;.vc_custom_1632244070875{margin-top: 30px !important;}&#8221;][vc_column width=&#8221;1\/6&#8243;][\/vc_column][vc_column width=&#8221;2\/3&#8243;][vc_column_text] amavelcosta.com [\/vc_column_text][vc_column_text] PRE\u00c2MBULO 1.\u00ba Estas condi\u00e7\u00f5es gerais de venda s\u00e3o acordadas entre a Agostinho Am\u00e1vel Costa-Com\u00e9rcio de Vinhos, Lda, com sede Lugar da Fonte do Coxo, S\/N 5155-019 Cedovim, n\u00famero de identifica\u00e7\u00e3o fiscal NIF 510341950 e contacto +351 279 777 495, doravante designada por \u201cAm\u00e1vel Costa Porto\u201c e as Read More\" \/>\n<meta property=\"og:url\" content=\"https:\/\/amavelcosta.com\/en\/terms-and-conditions\/\" \/>\n<meta property=\"og:site_name\" content=\"Am\u00e1vel Costa\" \/>\n<meta property=\"article:modified_time\" content=\"2021-11-05T17:25:15+00:00\" \/>\n<meta property=\"og:image\" content=\"https:\/\/amavelcosta.com\/wp-content\/uploads\/2021\/10\/c-mbs-dd-reta-black-300x94.png\" \/>\n<meta name=\"twitter:card\" content=\"summary_large_image\" \/>\n<meta name=\"twitter:label1\" content=\"Est. reading time\" \/>\n\t<meta name=\"twitter:data1\" content=\"6 minutes\" \/>\n<script type=\"application\/ld+json\" class=\"yoast-schema-graph\">{\"@context\":\"https:\/\/schema.org\",\"@graph\":[{\"@type\":\"WebPage\",\"@id\":\"https:\/\/amavelcosta.com\/en\/terms-and-conditions\/\",\"url\":\"https:\/\/amavelcosta.com\/en\/terms-and-conditions\/\",\"name\":\"Terms and conditions - Am\u00e1vel Costa\",\"isPartOf\":{\"@id\":\"https:\/\/amavelcosta.com\/en\/#website\"},\"primaryImageOfPage\":{\"@id\":\"https:\/\/amavelcosta.com\/en\/terms-and-conditions\/#primaryimage\"},\"image\":{\"@id\":\"https:\/\/amavelcosta.com\/en\/terms-and-conditions\/#primaryimage\"},\"thumbnailUrl\":\"https:\/\/amavelcosta.com\/wp-content\/uploads\/2021\/10\/c-mbs-dd-reta-black-300x94.png\",\"datePublished\":\"2021-09-21T17:21:43+00:00\",\"dateModified\":\"2021-11-05T17:25:15+00:00\",\"breadcrumb\":{\"@id\":\"https:\/\/amavelcosta.com\/en\/terms-and-conditions\/#breadcrumb\"},\"inLanguage\":\"en-US\",\"potentialAction\":[{\"@type\":\"ReadAction\",\"target\":[\"https:\/\/amavelcosta.com\/en\/terms-and-conditions\/\"]}]},{\"@type\":\"ImageObject\",\"inLanguage\":\"en-US\",\"@id\":\"https:\/\/amavelcosta.com\/en\/terms-and-conditions\/#primaryimage\",\"url\":\"https:\/\/amavelcosta.com\/wp-content\/uploads\/2021\/10\/c-mbs-dd-reta-black-300x94.png\",\"contentUrl\":\"https:\/\/amavelcosta.com\/wp-content\/uploads\/2021\/10\/c-mbs-dd-reta-black-300x94.png\"},{\"@type\":\"BreadcrumbList\",\"@id\":\"https:\/\/amavelcosta.com\/en\/terms-and-conditions\/#breadcrumb\",\"itemListElement\":[{\"@type\":\"ListItem\",\"position\":1,\"name\":\"In\u00edcio\",\"item\":\"https:\/\/amavelcosta.com\/en\/\"},{\"@type\":\"ListItem\",\"position\":2,\"name\":\"Terms and conditions\"}]},{\"@type\":\"WebSite\",\"@id\":\"https:\/\/amavelcosta.com\/en\/#website\",\"url\":\"https:\/\/amavelcosta.com\/en\/\",\"name\":\"Am\u00e1vel Costa\",\"description\":\"Vinho do Porto\",\"publisher\":{\"@id\":\"https:\/\/amavelcosta.com\/en\/#organization\"},\"potentialAction\":[{\"@type\":\"SearchAction\",\"target\":{\"@type\":\"EntryPoint\",\"urlTemplate\":\"https:\/\/amavelcosta.com\/en\/?s={search_term_string}\"},\"query-input\":{\"@type\":\"PropertyValueSpecification\",\"valueRequired\":true,\"valueName\":\"search_term_string\"}}],\"inLanguage\":\"en-US\"},{\"@type\":\"Organization\",\"@id\":\"https:\/\/amavelcosta.com\/en\/#organization\",\"name\":\"Am\u00e1vel Costa\",\"url\":\"https:\/\/amavelcosta.com\/en\/\",\"logo\":{\"@type\":\"ImageObject\",\"inLanguage\":\"en-US\",\"@id\":\"https:\/\/amavelcosta.com\/en\/#\/schema\/logo\/image\/\",\"url\":\"https:\/\/amavelcosta.com\/wp-content\/uploads\/2021\/05\/logo-amavel.png\",\"contentUrl\":\"https:\/\/amavelcosta.com\/wp-content\/uploads\/2021\/05\/logo-amavel.png\",\"width\":309,\"height\":132,\"caption\":\"Am\u00e1vel Costa\"},\"image\":{\"@id\":\"https:\/\/amavelcosta.com\/en\/#\/schema\/logo\/image\/\"}}]}<\/script>\n<!-- \/ Yoast SEO plugin. -->","yoast_head_json":{"title":"Terms and conditions - Am\u00e1vel Costa","robots":{"index":"index","follow":"follow","max-snippet":"max-snippet:-1","max-image-preview":"max-image-preview:large","max-video-preview":"max-video-preview:-1"},"canonical":"https:\/\/amavelcosta.com\/en\/terms-and-conditions\/","og_locale":"en_US","og_type":"article","og_title":"Terms and conditions - Am\u00e1vel Costa","og_description":"[vc_row css=&#8221;.vc_custom_1632244070875{margin-top: 30px !important;}&#8221;][vc_column width=&#8221;1\/6&#8243;][\/vc_column][vc_column width=&#8221;2\/3&#8243;][vc_column_text] amavelcosta.com [\/vc_column_text][vc_column_text] PRE\u00c2MBULO 1.\u00ba Estas condi\u00e7\u00f5es gerais de venda s\u00e3o acordadas entre a Agostinho Am\u00e1vel Costa-Com\u00e9rcio de Vinhos, Lda, com sede Lugar da Fonte do Coxo, S\/N 5155-019 Cedovim, n\u00famero de identifica\u00e7\u00e3o fiscal NIF 510341950 e contacto +351 279 777 495, doravante designada por \u201cAm\u00e1vel Costa Porto\u201c e as Read More","og_url":"https:\/\/amavelcosta.com\/en\/terms-and-conditions\/","og_site_name":"Am\u00e1vel Costa","article_modified_time":"2021-11-05T17:25:15+00:00","og_image":[{"url":"https:\/\/amavelcosta.com\/wp-content\/uploads\/2021\/10\/c-mbs-dd-reta-black-300x94.png","type":"","width":"","height":""}],"twitter_card":"summary_large_image","twitter_misc":{"Est. reading time":"6 minutes"},"schema":{"@context":"https:\/\/schema.org","@graph":[{"@type":"WebPage","@id":"https:\/\/amavelcosta.com\/en\/terms-and-conditions\/","url":"https:\/\/amavelcosta.com\/en\/terms-and-conditions\/","name":"Terms and conditions - Am\u00e1vel Costa","isPartOf":{"@id":"https:\/\/amavelcosta.com\/en\/#website"},"primaryImageOfPage":{"@id":"https:\/\/amavelcosta.com\/en\/terms-and-conditions\/#primaryimage"},"image":{"@id":"https:\/\/amavelcosta.com\/en\/terms-and-conditions\/#primaryimage"},"thumbnailUrl":"https:\/\/amavelcosta.com\/wp-content\/uploads\/2021\/10\/c-mbs-dd-reta-black-300x94.png","datePublished":"2021-09-21T17:21:43+00:00","dateModified":"2021-11-05T17:25:15+00:00","breadcrumb":{"@id":"https:\/\/amavelcosta.com\/en\/terms-and-conditions\/#breadcrumb"},"inLanguage":"en-US","potentialAction":[{"@type":"ReadAction","target":["https:\/\/amavelcosta.com\/en\/terms-and-conditions\/"]}]},{"@type":"ImageObject","inLanguage":"en-US","@id":"https:\/\/amavelcosta.com\/en\/terms-and-conditions\/#primaryimage","url":"https:\/\/amavelcosta.com\/wp-content\/uploads\/2021\/10\/c-mbs-dd-reta-black-300x94.png","contentUrl":"https:\/\/amavelcosta.com\/wp-content\/uploads\/2021\/10\/c-mbs-dd-reta-black-300x94.png"},{"@type":"BreadcrumbList","@id":"https:\/\/amavelcosta.com\/en\/terms-and-conditions\/#breadcrumb","itemListElement":[{"@type":"ListItem","position":1,"name":"In\u00edcio","item":"https:\/\/amavelcosta.com\/en\/"},{"@type":"ListItem","position":2,"name":"Terms and conditions"}]},{"@type":"WebSite","@id":"https:\/\/amavelcosta.com\/en\/#website","url":"https:\/\/amavelcosta.com\/en\/","name":"Am\u00e1vel Costa","description":"Vinho do Porto","publisher":{"@id":"https:\/\/amavelcosta.com\/en\/#organization"},"potentialAction":[{"@type":"SearchAction","target":{"@type":"EntryPoint","urlTemplate":"https:\/\/amavelcosta.com\/en\/?s={search_term_string}"},"query-input":{"@type":"PropertyValueSpecification","valueRequired":true,"valueName":"search_term_string"}}],"inLanguage":"en-US"},{"@type":"Organization","@id":"https:\/\/amavelcosta.com\/en\/#organization","name":"Am\u00e1vel Costa","url":"https:\/\/amavelcosta.com\/en\/","logo":{"@type":"ImageObject","inLanguage":"en-US","@id":"https:\/\/amavelcosta.com\/en\/#\/schema\/logo\/image\/","url":"https:\/\/amavelcosta.com\/wp-content\/uploads\/2021\/05\/logo-amavel.png","contentUrl":"https:\/\/amavelcosta.com\/wp-content\/uploads\/2021\/05\/logo-amavel.png","width":309,"height":132,"caption":"Am\u00e1vel Costa"},"image":{"@id":"https:\/\/amavelcosta.com\/en\/#\/schema\/logo\/image\/"}}]}},"_links":{"self":[{"href":"https:\/\/amavelcosta.com\/en\/wp-json\/wp\/v2\/pages\/2331","targetHints":{"allow":["GET"]}}],"collection":[{"href":"https:\/\/amavelcosta.com\/en\/wp-json\/wp\/v2\/pages"}],"about":[{"href":"https:\/\/amavelcosta.com\/en\/wp-json\/wp\/v2\/types\/page"}],"author":[{"embeddable":true,"href":"https:\/\/amavelcosta.com\/en\/wp-json\/wp\/v2\/users\/1"}],"replies":[{"embeddable":true,"href":"https:\/\/amavelcosta.com\/en\/wp-json\/wp\/v2\/comments?post=2331"}],"version-history":[{"count":1,"href":"https:\/\/amavelcosta.com\/en\/wp-json\/wp\/v2\/pages\/2331\/revisions"}],"predecessor-version":[{"id":2913,"href":"https:\/\/amavelcosta.com\/en\/wp-json\/wp\/v2\/pages\/2331\/revisions\/2913"}],"wp:attachment":[{"href":"https:\/\/amavelcosta.com\/en\/wp-json\/wp\/v2\/media?parent=2331"}],"curies":[{"name":"wp","href":"https:\/\/api.w.org\/{rel}","templated":true}]}}