{"id":2306,"date":"2021-04-28T16:54:31","date_gmt":"2021-04-28T16:54:31","guid":{"rendered":"https:\/\/amavelcosta.com\/adega\/"},"modified":"2021-12-28T17:47:45","modified_gmt":"2021-12-28T17:47:45","slug":"cellar","status":"publish","type":"page","link":"https:\/\/amavelcosta.com\/en\/cellar\/","title":{"rendered":"Cellar"},"content":{"rendered":"<div class=\"wpb-content-wrapper\"><p>[vc_row el_id=&#8221;first-row&#8221;][vc_column width=&#8221;5\/12&#8243; css=&#8221;.vc_custom_1619781741177{margin-top: -50px !important;}&#8221; el_class=&#8221;img-column&#8221;][vc_single_image image=&#8221;1423&#8243; img_size=&#8221;full&#8221; alignment=&#8221;center&#8221; style=&#8221;vc_box_border&#8221; border_color=&#8221;white&#8221;][\/vc_column][vc_column width=&#8221;7\/12&#8243; css=&#8221;.vc_custom_1619797171163{margin-top: 100px !important;}&#8221; el_class=&#8221;txt-column&#8221;][vc_single_image image=&#8221;1375&#8243; alignment=&#8221;center&#8221;][vc_column_text]Located in a spot called &#8220;Fonte do Coxo&#8221; in Cedovim, council of Vila Nova Foz C\u00f4a, it was built around the 1940s by Jos\u00e9 Augusto Costa to replace the old cellar from the time of his father, Miguel Ant\u00f3nio Costa.<\/p>\n<p>Throughout the years until today, facilities have been modernised, to keep up with growth needs and the constant improvement of equipment and methods of production in each time.[\/vc_column_text][\/vc_column][\/vc_row][vc_row equal_height=&#8221;yes&#8221; content_placement=&#8221;middle&#8221; css=&#8221;.vc_custom_1620127988519{margin-top: 50px !important;margin-bottom: 50px !important;}&#8221;][vc_column width=&#8221;5\/12&#8243;][vc_custom_heading text=&#8221;The alliance between tradition and modernity&#8221; font_container=&#8221;tag:p|font_size:46|text_align:center|color:%23000000|line_height:1.5&#8243; google_fonts=&#8221;font_family:Playfair%20Display%3Aregular%2Citalic%2C700%2C700italic%2C900%2C900italic|font_style:400%20regular%3A400%3Anormal&#8221;][\/vc_column][vc_column width=&#8221;7\/12&#8243;][vc_single_image image=&#8221;1677&#8243; img_size=&#8221;full&#8221; alignment=&#8221;center&#8221; style=&#8221;vc_box_border&#8221; border_color=&#8221;white&#8221;][\/vc_column][\/vc_row][vc_row equal_height=&#8221;yes&#8221; content_placement=&#8221;middle&#8221; css=&#8221;.vc_custom_1620127988519{margin-top: 50px !important;margin-bottom: 50px !important;}&#8221;][vc_column width=&#8221;5\/12&#8243;][vc_single_image image=&#8221;1678&#8243; img_size=&#8221;full&#8221; alignment=&#8221;center&#8221; style=&#8221;vc_box_border&#8221; border_color=&#8221;white&#8221;][\/vc_column][vc_column width=&#8221;7\/12&#8243;][vc_column_text]The cellar and the equipment are a mixture of tradition and innovation. These continuous upgrades have provided a space that includes both traditional Algerian amphorae and temperature-controlled fermentation vats, traditional vats built in concrete and coated in epoxy for wine storage, as well as stainless steel vats of various sizes, small oak casks and the always important wooden barrels for the ageing of Port Wines.<\/p>\n<p>A visit and a wine tasting at Am\u00e1vel Costa cellar is a journey between the memory and the excellence of wine.<\/p>\n<p>From production to storage in the century-old wooden barrels, we witness that time may have passed, but it still endures in the aroma and flavour of old Port Wines.[\/vc_column_text][\/vc_column][\/vc_row][vc_row equal_height=&#8221;yes&#8221; content_placement=&#8221;middle&#8221; css=&#8221;.vc_custom_1620127988519{margin-top: 50px !important;margin-bottom: 50px !important;}&#8221;][vc_column width=&#8221;5\/12&#8243;][vc_custom_heading text=&#8221;Since the 19th century, memory has flourished in endless flavors&#8221; font_container=&#8221;tag:p|font_size:46|text_align:center|color:%23000000|line_height:1.5&#8243; google_fonts=&#8221;font_family:Playfair%20Display%3Aregular%2Citalic%2C700%2C700italic%2C900%2C900italic|font_style:400%20regular%3A400%3Anormal&#8221;][\/vc_column][vc_column width=&#8221;7\/12&#8243;][vc_single_image image=&#8221;1426&#8243; img_size=&#8221;full&#8221; alignment=&#8221;center&#8221; style=&#8221;vc_box_border&#8221; border_color=&#8221;white&#8221;][\/vc_column][\/vc_row][vc_row full_width=&#8221;stretch_row_content_no_spaces&#8221; css=&#8221;.vc_custom_1620128508737{margin-bottom: 50px !important;}&#8221;][vc_column][vc_media_grid gap=&#8221;0&#8243; item=&#8221;mediaGrid_FadeInWithIcon&#8221; grid_id=&#8221;vc_gid:1640699453632-8fe5ea7b-9b1b-10&#8243; include=&#8221;1681,1682,1683,1685,1684,1680&#8243;][\/vc_column][\/vc_row]<\/p>\n<\/div>","protected":false},"excerpt":{"rendered":"<p>[vc_row el_id=&#8221;first-row&#8221;][vc_column width=&#8221;5\/12&#8243; css=&#8221;.vc_custom_1619781741177{margin-top: -50px !important;}&#8221; el_class=&#8221;img-column&#8221;][vc_single_image image=&#8221;1423&#8243; img_size=&#8221;full&#8221; alignment=&#8221;center&#8221; style=&#8221;vc_box_border&#8221; border_color=&#8221;white&#8221;][\/vc_column][vc_column width=&#8221;7\/12&#8243; css=&#8221;.vc_custom_1619797171163{margin-top: 100px !important;}&#8221; el_class=&#8221;txt-column&#8221;][vc_single_image image=&#8221;1375&#8243; alignment=&#8221;center&#8221;][vc_column_text]Located in a spot called &#8220;Fonte do Coxo&#8221; in Cedovim, council of Vila Nova Foz C\u00f4a, it was built around the 1940s by Jos\u00e9 Augusto Costa to replace the old cellar from the time of his father,<br class=\"read-more-spacer\"> <a class=\"more-link\" href=\"https:\/\/amavelcosta.com\/en\/cellar\/\">Read More<\/a><\/p>\n","protected":false},"author":1,"featured_media":2264,"parent":0,"menu_order":0,"comment_status":"closed","ping_status":"closed","template":"","meta":{"footnotes":""},"class_list":["post-2306","page","type-page","status-publish","has-post-thumbnail","hentry"],"yoast_head":"<!-- This site is optimized with the Yoast SEO plugin v25.8 - https:\/\/yoast.com\/wordpress\/plugins\/seo\/ -->\n<title>Cellar - Am\u00e1vel Costa<\/title>\n<meta name=\"description\" content=\"Where matter and time produce enchantment in the flavor and aroma of old Port wines\" \/>\n<meta name=\"robots\" content=\"index, follow, max-snippet:-1, max-image-preview:large, max-video-preview:-1\" \/>\n<link rel=\"canonical\" href=\"https:\/\/amavelcosta.com\/en\/cellar\/\" \/>\n<meta property=\"og:locale\" content=\"en_US\" \/>\n<meta property=\"og:type\" content=\"article\" \/>\n<meta property=\"og:title\" content=\"Cellar - Am\u00e1vel Costa\" \/>\n<meta property=\"og:description\" content=\"Where matter and time produce enchantment in the flavor and aroma of old Port wines\" \/>\n<meta property=\"og:url\" content=\"https:\/\/amavelcosta.com\/en\/cellar\/\" \/>\n<meta property=\"og:site_name\" content=\"Am\u00e1vel Costa\" \/>\n<meta property=\"article:modified_time\" content=\"2021-12-28T17:47:45+00:00\" \/>\n<meta property=\"og:image\" content=\"https:\/\/amavelcosta.com\/wp-content\/uploads\/2021\/09\/adega-2.jpg\" \/>\n\t<meta property=\"og:image:width\" content=\"1600\" \/>\n\t<meta property=\"og:image:height\" content=\"750\" \/>\n\t<meta property=\"og:image:type\" content=\"image\/jpeg\" \/>\n<meta name=\"twitter:card\" content=\"summary_large_image\" \/>\n<meta name=\"twitter:label1\" content=\"Est. reading time\" \/>\n\t<meta name=\"twitter:data1\" content=\"2 minutes\" \/>\n<script type=\"application\/ld+json\" class=\"yoast-schema-graph\">{\"@context\":\"https:\/\/schema.org\",\"@graph\":[{\"@type\":\"WebPage\",\"@id\":\"https:\/\/amavelcosta.com\/en\/cellar\/\",\"url\":\"https:\/\/amavelcosta.com\/en\/cellar\/\",\"name\":\"Cellar - Am\u00e1vel Costa\",\"isPartOf\":{\"@id\":\"https:\/\/amavelcosta.com\/en\/#website\"},\"primaryImageOfPage\":{\"@id\":\"https:\/\/amavelcosta.com\/en\/cellar\/#primaryimage\"},\"image\":{\"@id\":\"https:\/\/amavelcosta.com\/en\/cellar\/#primaryimage\"},\"thumbnailUrl\":\"https:\/\/amavelcosta.com\/wp-content\/uploads\/2021\/09\/adega-2.jpg\",\"datePublished\":\"2021-04-28T16:54:31+00:00\",\"dateModified\":\"2021-12-28T17:47:45+00:00\",\"description\":\"Where matter and time produce enchantment in the flavor and aroma of old Port wines\",\"breadcrumb\":{\"@id\":\"https:\/\/amavelcosta.com\/en\/cellar\/#breadcrumb\"},\"inLanguage\":\"en-US\",\"potentialAction\":[{\"@type\":\"ReadAction\",\"target\":[\"https:\/\/amavelcosta.com\/en\/cellar\/\"]}]},{\"@type\":\"ImageObject\",\"inLanguage\":\"en-US\",\"@id\":\"https:\/\/amavelcosta.com\/en\/cellar\/#primaryimage\",\"url\":\"https:\/\/amavelcosta.com\/wp-content\/uploads\/2021\/09\/adega-2.jpg\",\"contentUrl\":\"https:\/\/amavelcosta.com\/wp-content\/uploads\/2021\/09\/adega-2.jpg\",\"width\":1600,\"height\":750},{\"@type\":\"BreadcrumbList\",\"@id\":\"https:\/\/amavelcosta.com\/en\/cellar\/#breadcrumb\",\"itemListElement\":[{\"@type\":\"ListItem\",\"position\":1,\"name\":\"In\u00edcio\",\"item\":\"https:\/\/amavelcosta.com\/en\/\"},{\"@type\":\"ListItem\",\"position\":2,\"name\":\"Cellar\"}]},{\"@type\":\"WebSite\",\"@id\":\"https:\/\/amavelcosta.com\/en\/#website\",\"url\":\"https:\/\/amavelcosta.com\/en\/\",\"name\":\"Am\u00e1vel Costa\",\"description\":\"Vinho do Porto\",\"publisher\":{\"@id\":\"https:\/\/amavelcosta.com\/en\/#organization\"},\"potentialAction\":[{\"@type\":\"SearchAction\",\"target\":{\"@type\":\"EntryPoint\",\"urlTemplate\":\"https:\/\/amavelcosta.com\/en\/?s={search_term_string}\"},\"query-input\":{\"@type\":\"PropertyValueSpecification\",\"valueRequired\":true,\"valueName\":\"search_term_string\"}}],\"inLanguage\":\"en-US\"},{\"@type\":\"Organization\",\"@id\":\"https:\/\/amavelcosta.com\/en\/#organization\",\"name\":\"Am\u00e1vel Costa\",\"url\":\"https:\/\/amavelcosta.com\/en\/\",\"logo\":{\"@type\":\"ImageObject\",\"inLanguage\":\"en-US\",\"@id\":\"https:\/\/amavelcosta.com\/en\/#\/schema\/logo\/image\/\",\"url\":\"https:\/\/amavelcosta.com\/wp-content\/uploads\/2021\/05\/logo-amavel.png\",\"contentUrl\":\"https:\/\/amavelcosta.com\/wp-content\/uploads\/2021\/05\/logo-amavel.png\",\"width\":309,\"height\":132,\"caption\":\"Am\u00e1vel Costa\"},\"image\":{\"@id\":\"https:\/\/amavelcosta.com\/en\/#\/schema\/logo\/image\/\"}}]}<\/script>\n<!-- \/ Yoast SEO plugin. -->","yoast_head_json":{"title":"Cellar - Am\u00e1vel Costa","description":"Where matter and time produce enchantment in the flavor and aroma of old Port wines","robots":{"index":"index","follow":"follow","max-snippet":"max-snippet:-1","max-image-preview":"max-image-preview:large","max-video-preview":"max-video-preview:-1"},"canonical":"https:\/\/amavelcosta.com\/en\/cellar\/","og_locale":"en_US","og_type":"article","og_title":"Cellar - Am\u00e1vel Costa","og_description":"Where matter and time produce enchantment in the flavor and aroma of old Port wines","og_url":"https:\/\/amavelcosta.com\/en\/cellar\/","og_site_name":"Am\u00e1vel Costa","article_modified_time":"2021-12-28T17:47:45+00:00","og_image":[{"width":1600,"height":750,"url":"https:\/\/amavelcosta.com\/wp-content\/uploads\/2021\/09\/adega-2.jpg","type":"image\/jpeg"}],"twitter_card":"summary_large_image","twitter_misc":{"Est. reading time":"2 minutes"},"schema":{"@context":"https:\/\/schema.org","@graph":[{"@type":"WebPage","@id":"https:\/\/amavelcosta.com\/en\/cellar\/","url":"https:\/\/amavelcosta.com\/en\/cellar\/","name":"Cellar - Am\u00e1vel Costa","isPartOf":{"@id":"https:\/\/amavelcosta.com\/en\/#website"},"primaryImageOfPage":{"@id":"https:\/\/amavelcosta.com\/en\/cellar\/#primaryimage"},"image":{"@id":"https:\/\/amavelcosta.com\/en\/cellar\/#primaryimage"},"thumbnailUrl":"https:\/\/amavelcosta.com\/wp-content\/uploads\/2021\/09\/adega-2.jpg","datePublished":"2021-04-28T16:54:31+00:00","dateModified":"2021-12-28T17:47:45+00:00","description":"Where matter and time produce enchantment in the flavor and aroma of old Port wines","breadcrumb":{"@id":"https:\/\/amavelcosta.com\/en\/cellar\/#breadcrumb"},"inLanguage":"en-US","potentialAction":[{"@type":"ReadAction","target":["https:\/\/amavelcosta.com\/en\/cellar\/"]}]},{"@type":"ImageObject","inLanguage":"en-US","@id":"https:\/\/amavelcosta.com\/en\/cellar\/#primaryimage","url":"https:\/\/amavelcosta.com\/wp-content\/uploads\/2021\/09\/adega-2.jpg","contentUrl":"https:\/\/amavelcosta.com\/wp-content\/uploads\/2021\/09\/adega-2.jpg","width":1600,"height":750},{"@type":"BreadcrumbList","@id":"https:\/\/amavelcosta.com\/en\/cellar\/#breadcrumb","itemListElement":[{"@type":"ListItem","position":1,"name":"In\u00edcio","item":"https:\/\/amavelcosta.com\/en\/"},{"@type":"ListItem","position":2,"name":"Cellar"}]},{"@type":"WebSite","@id":"https:\/\/amavelcosta.com\/en\/#website","url":"https:\/\/amavelcosta.com\/en\/","name":"Am\u00e1vel Costa","description":"Vinho do Porto","publisher":{"@id":"https:\/\/amavelcosta.com\/en\/#organization"},"potentialAction":[{"@type":"SearchAction","target":{"@type":"EntryPoint","urlTemplate":"https:\/\/amavelcosta.com\/en\/?s={search_term_string}"},"query-input":{"@type":"PropertyValueSpecification","valueRequired":true,"valueName":"search_term_string"}}],"inLanguage":"en-US"},{"@type":"Organization","@id":"https:\/\/amavelcosta.com\/en\/#organization","name":"Am\u00e1vel Costa","url":"https:\/\/amavelcosta.com\/en\/","logo":{"@type":"ImageObject","inLanguage":"en-US","@id":"https:\/\/amavelcosta.com\/en\/#\/schema\/logo\/image\/","url":"https:\/\/amavelcosta.com\/wp-content\/uploads\/2021\/05\/logo-amavel.png","contentUrl":"https:\/\/amavelcosta.com\/wp-content\/uploads\/2021\/05\/logo-amavel.png","width":309,"height":132,"caption":"Am\u00e1vel Costa"},"image":{"@id":"https:\/\/amavelcosta.com\/en\/#\/schema\/logo\/image\/"}}]}},"_links":{"self":[{"href":"https:\/\/amavelcosta.com\/en\/wp-json\/wp\/v2\/pages\/2306","targetHints":{"allow":["GET"]}}],"collection":[{"href":"https:\/\/amavelcosta.com\/en\/wp-json\/wp\/v2\/pages"}],"about":[{"href":"https:\/\/amavelcosta.com\/en\/wp-json\/wp\/v2\/types\/page"}],"author":[{"embeddable":true,"href":"https:\/\/amavelcosta.com\/en\/wp-json\/wp\/v2\/users\/1"}],"replies":[{"embeddable":true,"href":"https:\/\/amavelcosta.com\/en\/wp-json\/wp\/v2\/comments?post=2306"}],"version-history":[{"count":6,"href":"https:\/\/amavelcosta.com\/en\/wp-json\/wp\/v2\/pages\/2306\/revisions"}],"predecessor-version":[{"id":3045,"href":"https:\/\/amavelcosta.com\/en\/wp-json\/wp\/v2\/pages\/2306\/revisions\/3045"}],"wp:featuredmedia":[{"embeddable":true,"href":"https:\/\/amavelcosta.com\/en\/wp-json\/wp\/v2\/media\/2264"}],"wp:attachment":[{"href":"https:\/\/amavelcosta.com\/en\/wp-json\/wp\/v2\/media?parent=2306"}],"curies":[{"name":"wp","href":"https:\/\/api.w.org\/{rel}","templated":true}]}}